{"id":3932,"date":"2025-10-09T00:00:00","date_gmt":"2025-10-08T22:00:00","guid":{"rendered":"https:\/\/yotavis.ch\/product\/t3lcr1300\/"},"modified":"2026-04-24T13:31:57","modified_gmt":"2026-04-24T11:31:57","slug":"t3lcr1300","status":"publish","type":"product","link":"https:\/\/yotavis.ch\/fr\/produit\/t3lcr1300\/","title":{"rendered":"T3LCR1300"},"content":{"rendered":"<p>Le T3LCR1300 de Teledyne Lecroy est un mesureur LCR con\u00e7u pour des mesures de haute pr\u00e9cision dans une gamme de fr\u00e9quences de 10 Hz \u00e0 300 kHz. Il offre une pr\u00e9cision de base de 0,05, ce qui garantit des r\u00e9sultats fiables et coh\u00e9rents pendant les tests. L'appareil prend en charge une fr\u00e9quence maximale de 0,3 MHz et offre une r\u00e9solution de 6 chiffres, ce qui permet des lectures d\u00e9taill\u00e9es et pr\u00e9cises. Ce mod\u00e8le est dot\u00e9 d'une fonction de commande \u00e0 distance, permettant aux utilisateurs de faire fonctionner l'instrument \u00e0 distance pour plus de commodit\u00e9 et de flexibilit\u00e9 dans divers environnements de test. L'appareil convient aux applications n\u00e9cessitant une mesure pr\u00e9cise de l'inductance (L), de la capacit\u00e9 (C) et de la r\u00e9sistance (R) sur un large spectre de fr\u00e9quences. Sa conception s'adresse aux professionnels qui ont besoin d'une caract\u00e9risation et d'une analyse pr\u00e9cises des composants. La combinaison de sa gamme de fr\u00e9quences, de sa pr\u00e9cision et de sa capacit\u00e9 de contr\u00f4le \u00e0 distance fait du T3LCR1300 un outil polyvalent pour les t\u00e2ches de test et de mesure \u00e9lectroniques.<\/p>","protected":false},"excerpt":{"rendered":"<p>LCR Meter 10Hz &#8211; 300 kHz High Precision<\/p>","protected":false},"featured_media":7161,"comment_status":"closed","ping_status":"closed","template":"","meta":{"_acf_changed":false,"slim_seo":{"title":"T3LCR1300 - YOTAVIS AG","description":"Mesureur LCR 10Hz - 300 kHz haute pr\u00e9cision"}},"product_brand":[542],"product_cat":[544,518],"product_tag":[],"class_list":{"0":"post-3932","1":"product","2":"type-product","3":"status-publish","4":"has-post-thumbnail","6":"product_brand-lecroy","7":"product_cat-lcr-meter-en","8":"product_cat-meters","9":"pa_basic-accuracy-0-05","10":"pa_digits-302","11":"pa_frequency-max-mhz-0-3","12":"pa_frequency-min-hz-304","13":"pa_imax-ac-a-1019","14":"pa_remote-control-yes","16":"first","17":"instock","18":"taxable","19":"shipping-taxable","20":"purchasable","21":"product-type-simple"},"acf":[],"_links":{"self":[{"href":"https:\/\/yotavis.ch\/fr\/wp-json\/wp\/v2\/product\/3932","targetHints":{"allow":["GET"]}}],"collection":[{"href":"https:\/\/yotavis.ch\/fr\/wp-json\/wp\/v2\/product"}],"about":[{"href":"https:\/\/yotavis.ch\/fr\/wp-json\/wp\/v2\/types\/product"}],"replies":[{"embeddable":true,"href":"https:\/\/yotavis.ch\/fr\/wp-json\/wp\/v2\/comments?post=3932"}],"wp:featuredmedia":[{"embeddable":true,"href":"https:\/\/yotavis.ch\/fr\/wp-json\/wp\/v2\/media\/7161"}],"wp:attachment":[{"href":"https:\/\/yotavis.ch\/fr\/wp-json\/wp\/v2\/media?parent=3932"}],"wp:term":[{"taxonomy":"product_brand","embeddable":true,"href":"https:\/\/yotavis.ch\/fr\/wp-json\/wp\/v2\/product_brand?post=3932"},{"taxonomy":"product_cat","embeddable":true,"href":"https:\/\/yotavis.ch\/fr\/wp-json\/wp\/v2\/product_cat?post=3932"},{"taxonomy":"product_tag","embeddable":true,"href":"https:\/\/yotavis.ch\/fr\/wp-json\/wp\/v2\/product_tag?post=3932"}],"curies":[{"name":"wp","href":"https:\/\/api.w.org\/{rel}","templated":true}]}}