{"id":3934,"date":"2025-10-09T00:00:00","date_gmt":"2025-10-08T22:00:00","guid":{"rendered":"https:\/\/yotavis.ch\/product\/t3dmm6-5\/"},"modified":"2026-04-24T13:31:58","modified_gmt":"2026-04-24T11:31:58","slug":"t3dmm6-5","status":"publish","type":"product","link":"https:\/\/yotavis.ch\/fr\/produit\/t3dmm6-5\/","title":{"rendered":"T3DMM6-5"},"content":{"rendered":"<p>Le T3DMM6-5 de Teledyne Lecroy est un multim\u00e8tre num\u00e9rique dot\u00e9 d'une r\u00e9solution de 6,5 chiffres et d'une vitesse de mesure de 4 000 mesures par seconde. Il prend en charge les mesures True RMS, ce qui permet des lectures pr\u00e9cises des signaux AC. L'appareil peut mesurer des tensions continues jusqu'\u00e0 1000 volts et des tensions alternatives jusqu'\u00e0 750 volts. Il g\u00e8re \u00e9galement des courants continus jusqu'\u00e0 10 amp\u00e8res et des mesures de r\u00e9sistance jusqu'\u00e0 100 m\u00e9gaohms. Le multim\u00e8tre est dot\u00e9 d'une fonction de commande \u00e0 distance, ce qui permet de l'utiliser \u00e0 distance. Cette combinaison de caract\u00e9ristiques le rend apte \u00e0 effectuer des mesures \u00e9lectriques pr\u00e9cises dans toute une s\u00e9rie d'applications.<\/p>","protected":false},"excerpt":{"rendered":"<p>Multim\u00e8tre num\u00e9rique \u00e0 6,5 chiffres, 4k Meas\/Sec True RMS<\/p>","protected":false},"featured_media":7166,"comment_status":"closed","ping_status":"closed","template":"","meta":{"_acf_changed":false,"slim_seo":{"title":"T3DMM6-5 - YOTAVIS AG","description":"Multim\u00e8tre num\u00e9rique \u00e0 6,5 chiffres, 4k Meas\/Sec True RMS"}},"product_brand":[542],"product_cat":[519,518],"product_tag":[],"class_list":{"0":"post-3934","1":"product","2":"type-product","3":"status-publish","4":"has-post-thumbnail","6":"product_brand-lecroy","7":"product_cat-desktop-meters-en","8":"product_cat-meters","9":"pa_digits-6-5","10":"pa_imax-ac-a-1019","11":"pa_imax-dc-a-306","12":"pa_remote-control-yes","13":"pa_resistance-max-m-162","14":"pa_true-rms-yes","15":"pa_vmax-ac-v-161","16":"pa_vmax-dc-v-159","18":"first","19":"instock","20":"taxable","21":"shipping-taxable","22":"purchasable","23":"product-type-simple"},"acf":[],"_links":{"self":[{"href":"https:\/\/yotavis.ch\/fr\/wp-json\/wp\/v2\/product\/3934","targetHints":{"allow":["GET"]}}],"collection":[{"href":"https:\/\/yotavis.ch\/fr\/wp-json\/wp\/v2\/product"}],"about":[{"href":"https:\/\/yotavis.ch\/fr\/wp-json\/wp\/v2\/types\/product"}],"replies":[{"embeddable":true,"href":"https:\/\/yotavis.ch\/fr\/wp-json\/wp\/v2\/comments?post=3934"}],"wp:featuredmedia":[{"embeddable":true,"href":"https:\/\/yotavis.ch\/fr\/wp-json\/wp\/v2\/media\/7166"}],"wp:attachment":[{"href":"https:\/\/yotavis.ch\/fr\/wp-json\/wp\/v2\/media?parent=3934"}],"wp:term":[{"taxonomy":"product_brand","embeddable":true,"href":"https:\/\/yotavis.ch\/fr\/wp-json\/wp\/v2\/product_brand?post=3934"},{"taxonomy":"product_cat","embeddable":true,"href":"https:\/\/yotavis.ch\/fr\/wp-json\/wp\/v2\/product_cat?post=3934"},{"taxonomy":"product_tag","embeddable":true,"href":"https:\/\/yotavis.ch\/fr\/wp-json\/wp\/v2\/product_tag?post=3934"}],"curies":[{"name":"wp","href":"https:\/\/api.w.org\/{rel}","templated":true}]}}