{"id":3935,"date":"2025-10-09T00:00:00","date_gmt":"2025-10-08T22:00:00","guid":{"rendered":"https:\/\/yotavis.ch\/product\/t3daq1-16\/"},"modified":"2026-04-24T13:31:58","modified_gmt":"2026-04-24T11:31:58","slug":"t3daq1-16","status":"publish","type":"product","link":"https:\/\/yotavis.ch\/fr\/produit\/t3daq1-16\/","title":{"rendered":"T3DAQ1-16"},"content":{"rendered":"<p>Le T3DAQ1-16 est une unit\u00e9 d'acquisition de donn\u00e9es de banc \u00e0 16 canaux, \u00e0 fente unique, \u00e9quip\u00e9e d'un multim\u00e8tre num\u00e9rique \u00e0 6,5 chiffres. Fabriqu\u00e9 par Teledyne Lecroy, cet appareil est con\u00e7u pour faciliter les t\u00e2ches d'acquisition de donn\u00e9es pr\u00e9cises. Il int\u00e8gre plusieurs voies dans un format compact \u00e0 fente unique, ce qui le rend adapt\u00e9 aux installations de banc o\u00f9 l'efficacit\u00e9 de l'espace est importante. L'inclusion d'un multim\u00e8tre num\u00e9rique \u00e0 6,5 chiffres permet d'effectuer des mesures \u00e0 haute r\u00e9solution, am\u00e9liorant ainsi la pr\u00e9cision des donn\u00e9es collect\u00e9es. Cet appareil est con\u00e7u pour les applications n\u00e9cessitant une acquisition de donn\u00e9es d\u00e9taill\u00e9e et fiable sur plusieurs canaux d'entr\u00e9e. Sa conception permet une int\u00e9gration simplifi\u00e9e dans les environnements de test existants, fournissant une solution robuste pour divers besoins de mesure. Le T3DAQ1-16 combine la densit\u00e9 des canaux avec la pr\u00e9cision des mesures dans un seul appareil.<\/p>","protected":false},"excerpt":{"rendered":"<p>Unit\u00e9 d'acquisition de donn\u00e9es de banc \u00e0 16 canaux, \u00e0 fente unique, avec multim\u00e8tre num\u00e9rique \u00e0 6,5 chiffres<\/p>","protected":false},"featured_media":7169,"comment_status":"closed","ping_status":"closed","template":"","meta":{"_acf_changed":false,"slim_seo":{"title":"T3DAQ1-16 - YOTAVIS AG","description":"Unit\u00e9 d'acquisition de donn\u00e9es de banc \u00e0 16 canaux, \u00e0 fente unique, avec multim\u00e8tre num\u00e9rique \u00e0 6,5 chiffres"}},"product_brand":[542],"product_cat":[526,540],"product_tag":[],"class_list":{"0":"post-3935","1":"product","2":"type-product","3":"status-publish","4":"has-post-thumbnail","6":"product_brand-lecroy","7":"product_cat-accessories","8":"product_cat-others-accessories","9":"pa_imax-ac-a-1019","11":"first","12":"instock","13":"taxable","14":"shipping-taxable","15":"purchasable","16":"product-type-simple"},"acf":[],"_links":{"self":[{"href":"https:\/\/yotavis.ch\/fr\/wp-json\/wp\/v2\/product\/3935","targetHints":{"allow":["GET"]}}],"collection":[{"href":"https:\/\/yotavis.ch\/fr\/wp-json\/wp\/v2\/product"}],"about":[{"href":"https:\/\/yotavis.ch\/fr\/wp-json\/wp\/v2\/types\/product"}],"replies":[{"embeddable":true,"href":"https:\/\/yotavis.ch\/fr\/wp-json\/wp\/v2\/comments?post=3935"}],"wp:featuredmedia":[{"embeddable":true,"href":"https:\/\/yotavis.ch\/fr\/wp-json\/wp\/v2\/media\/7169"}],"wp:attachment":[{"href":"https:\/\/yotavis.ch\/fr\/wp-json\/wp\/v2\/media?parent=3935"}],"wp:term":[{"taxonomy":"product_brand","embeddable":true,"href":"https:\/\/yotavis.ch\/fr\/wp-json\/wp\/v2\/product_brand?post=3935"},{"taxonomy":"product_cat","embeddable":true,"href":"https:\/\/yotavis.ch\/fr\/wp-json\/wp\/v2\/product_cat?post=3935"},{"taxonomy":"product_tag","embeddable":true,"href":"https:\/\/yotavis.ch\/fr\/wp-json\/wp\/v2\/product_tag?post=3935"}],"curies":[{"name":"wp","href":"https:\/\/api.w.org\/{rel}","templated":true}]}}