{"id":3936,"date":"2025-10-09T00:00:00","date_gmt":"2025-10-08T22:00:00","guid":{"rendered":"https:\/\/yotavis.ch\/product\/t3mil50\/"},"modified":"2026-04-24T13:31:59","modified_gmt":"2026-04-24T11:31:59","slug":"t3mil50","status":"publish","type":"product","link":"https:\/\/yotavis.ch\/fr\/produit\/t3mil50\/","title":{"rendered":"T3MIL50"},"content":{"rendered":"<p>Le T3MIL50 est un multim\u00e8tre D.C Milli-\u03a9 dot\u00e9 d'une m\u00e9thode de mesure \u00e0 4 fils et d'une interface de manipulation ainsi que d'une connectivit\u00e9 RS-232C et USB. Fabriqu\u00e9 par Teledyne Lecroy, cet instrument prend en charge la fonctionnalit\u00e9 de contr\u00f4le \u00e0 distance, ce qui permet un fonctionnement automatis\u00e9 et une int\u00e9gration dans diverses configurations de test. Il est capable de mesurer des valeurs de r\u00e9sistance jusqu'\u00e0 un maximum de 5 M\u03a9, ce qui le rend adapt\u00e9 aux mesures pr\u00e9cises de faibles r\u00e9sistances. L'inclusion des interfaces RS-232C et USB facilite les options de communication polyvalentes avec les dispositifs externes ou les ordinateurs. La technique de mesure \u00e0 4 fils permet de minimiser les effets de la r\u00e9sistance des fils et des contacts, ce qui am\u00e9liore la pr\u00e9cision des mesures de r\u00e9sistance. Cet appareil de mesure est con\u00e7u pour \u00eatre utilis\u00e9 dans des environnements o\u00f9 une op\u00e9ration \u00e0 distance est n\u00e9cessaire, ce qui am\u00e9liore l'efficacit\u00e9 des processus de test. La combinaison de ces caract\u00e9ristiques fait du T3MIL50 un outil sp\u00e9cialis\u00e9 dans l'analyse d\u00e9taill\u00e9e de la r\u00e9sistance \u00e9lectrique.<\/p>","protected":false},"excerpt":{"rendered":"<p>D.C Milli-\u03a9 Meter, 4-Wire with Handler\/RS-232C\/USB Device<\/p>","protected":false},"featured_media":7171,"comment_status":"closed","ping_status":"closed","template":"","meta":{"_acf_changed":false,"slim_seo":{"title":"T3MIL50 - YOTAVIS AG","description":"D.C Milli-\u03a9 Meter, 4-Wire with Handler\/RS-232C\/USB Device"}},"product_brand":[542],"product_cat":[518,538],"product_tag":[],"class_list":{"0":"post-3936","1":"product","2":"type-product","3":"status-publish","4":"has-post-thumbnail","6":"product_brand-lecroy","7":"product_cat-meters","8":"product_cat-others-meters","9":"pa_imax-ac-a-1019","10":"pa_remote-control-yes","11":"pa_resistance-max-m-307","13":"first","14":"instock","15":"taxable","16":"shipping-taxable","17":"purchasable","18":"product-type-simple"},"acf":[],"_links":{"self":[{"href":"https:\/\/yotavis.ch\/fr\/wp-json\/wp\/v2\/product\/3936","targetHints":{"allow":["GET"]}}],"collection":[{"href":"https:\/\/yotavis.ch\/fr\/wp-json\/wp\/v2\/product"}],"about":[{"href":"https:\/\/yotavis.ch\/fr\/wp-json\/wp\/v2\/types\/product"}],"replies":[{"embeddable":true,"href":"https:\/\/yotavis.ch\/fr\/wp-json\/wp\/v2\/comments?post=3936"}],"wp:featuredmedia":[{"embeddable":true,"href":"https:\/\/yotavis.ch\/fr\/wp-json\/wp\/v2\/media\/7171"}],"wp:attachment":[{"href":"https:\/\/yotavis.ch\/fr\/wp-json\/wp\/v2\/media?parent=3936"}],"wp:term":[{"taxonomy":"product_brand","embeddable":true,"href":"https:\/\/yotavis.ch\/fr\/wp-json\/wp\/v2\/product_brand?post=3936"},{"taxonomy":"product_cat","embeddable":true,"href":"https:\/\/yotavis.ch\/fr\/wp-json\/wp\/v2\/product_cat?post=3936"},{"taxonomy":"product_tag","embeddable":true,"href":"https:\/\/yotavis.ch\/fr\/wp-json\/wp\/v2\/product_tag?post=3936"}],"curies":[{"name":"wp","href":"https:\/\/api.w.org\/{rel}","templated":true}]}}