{"id":3937,"date":"2025-10-09T00:00:00","date_gmt":"2025-10-08T22:00:00","guid":{"rendered":"https:\/\/yotavis.ch\/product\/t3mil50x\/"},"modified":"2026-04-24T13:31:59","modified_gmt":"2026-04-24T11:31:59","slug":"t3mil50x","status":"publish","type":"product","link":"https:\/\/yotavis.ch\/fr\/produit\/t3mil50x\/","title":{"rendered":"T3MIL50X"},"content":{"rendered":"<p>Le T3MIL50X de Teledyne Lecroy est un multim\u00e8tre D.C Milli-\u03a9 con\u00e7u avec des caract\u00e9ristiques avanc\u00e9es pour fournir des mesures de r\u00e9sistance pr\u00e9cises jusqu'\u00e0 5 M\u03a9. Il utilise une technique de mesure \u00e0 4 fils qui am\u00e9liore la pr\u00e9cision en minimisant les effets de la r\u00e9sistance des fils et des contacts. Cet appareil prend en charge plusieurs interfaces de communication, notamment Handler, RS-232C, USB Device et GPIB, ce qui permet une connectivit\u00e9 polyvalente et un fonctionnement \u00e0 distance. La capacit\u00e9 de commande \u00e0 distance est incluse, ce qui permet aux utilisateurs de faire fonctionner l'appareil \u00e0 distance pour des raisons de commodit\u00e9 et d'int\u00e9gration dans des syst\u00e8mes de test automatis\u00e9s. La combinaison de ces caract\u00e9ristiques rend le T3MIL50X adapt\u00e9 aux applications n\u00e9cessitant des mesures d\u00e9taill\u00e9es et fiables de faibles r\u00e9sistances avec des options de contr\u00f4le flexibles.<\/p>","protected":false},"excerpt":{"rendered":"<p>D.C Milli-\u03a9 Meter with Advanced Features, 4-Wire, Handler\/RS-232C\/USB Device\/GPIB<\/p>","protected":false},"featured_media":7171,"comment_status":"closed","ping_status":"closed","template":"","meta":{"_acf_changed":false,"slim_seo":{"title":"T3MIL50X - YOTAVIS AG","description":"D.C Milli-\u03a9 Meter with Advanced Features, 4-Wire, Handler\/RS-232C\/USB Device\/GPIB"}},"product_brand":[542],"product_cat":[518,538],"product_tag":[],"class_list":{"0":"post-3937","1":"product","2":"type-product","3":"status-publish","4":"has-post-thumbnail","6":"product_brand-lecroy","7":"product_cat-meters","8":"product_cat-others-meters","9":"pa_imax-ac-a-1019","10":"pa_remote-control-yes","11":"pa_resistance-max-m-307","13":"first","14":"instock","15":"taxable","16":"shipping-taxable","17":"purchasable","18":"product-type-simple"},"acf":[],"_links":{"self":[{"href":"https:\/\/yotavis.ch\/fr\/wp-json\/wp\/v2\/product\/3937","targetHints":{"allow":["GET"]}}],"collection":[{"href":"https:\/\/yotavis.ch\/fr\/wp-json\/wp\/v2\/product"}],"about":[{"href":"https:\/\/yotavis.ch\/fr\/wp-json\/wp\/v2\/types\/product"}],"replies":[{"embeddable":true,"href":"https:\/\/yotavis.ch\/fr\/wp-json\/wp\/v2\/comments?post=3937"}],"wp:featuredmedia":[{"embeddable":true,"href":"https:\/\/yotavis.ch\/fr\/wp-json\/wp\/v2\/media\/7171"}],"wp:attachment":[{"href":"https:\/\/yotavis.ch\/fr\/wp-json\/wp\/v2\/media?parent=3937"}],"wp:term":[{"taxonomy":"product_brand","embeddable":true,"href":"https:\/\/yotavis.ch\/fr\/wp-json\/wp\/v2\/product_brand?post=3937"},{"taxonomy":"product_cat","embeddable":true,"href":"https:\/\/yotavis.ch\/fr\/wp-json\/wp\/v2\/product_cat?post=3937"},{"taxonomy":"product_tag","embeddable":true,"href":"https:\/\/yotavis.ch\/fr\/wp-json\/wp\/v2\/product_tag?post=3937"}],"curies":[{"name":"wp","href":"https:\/\/api.w.org\/{rel}","templated":true}]}}