{"id":3938,"date":"2025-10-09T00:00:00","date_gmt":"2025-10-08T22:00:00","guid":{"rendered":"https:\/\/yotavis.ch\/product\/t3pm1006\/"},"modified":"2026-04-24T13:31:59","modified_gmt":"2026-04-24T11:31:59","slug":"t3pm1006","status":"publish","type":"product","link":"https:\/\/yotavis.ch\/fr\/produit\/t3pm1006\/","title":{"rendered":"T3PM1006"},"content":{"rendered":"<p>Le T3PM1006 de Teledyne Lecroy est un wattm\u00e8tre num\u00e9rique monophas\u00e9 AC\/DC con\u00e7u pour fonctionner \u00e0 une fr\u00e9quence maximale de 6 kHz. Cet appareil est dot\u00e9 d'une fonction de commande \u00e0 distance, ce qui permet de l'utiliser facilement \u00e0 distance. Il mesure la puissance dans les applications de courant alternatif (CA) et de courant continu (CC), ce qui lui conf\u00e8re une grande polyvalence pour r\u00e9pondre \u00e0 divers besoins de mesure \u00e9lectrique. L'appareil couvre une plage de fr\u00e9quences allant de 0 Hz \u00e0 0,006 MHz, ce qui le rend adapt\u00e9 \u00e0 l'analyse de la puissance \u00e0 basse fr\u00e9quence. Son interface num\u00e9rique assure une acquisition et un contr\u00f4le pr\u00e9cis des donn\u00e9es. Sa conception compacte s'int\u00e8gre parfaitement dans les installations existantes, am\u00e9liorant les capacit\u00e9s de mesure sans n\u00e9cessiter de modifications importantes. Ce wattm\u00e8tre est con\u00e7u pour fournir des mesures pr\u00e9cises et fiables pour les syst\u00e8mes d'alimentation monophas\u00e9s.<\/p>","protected":false},"excerpt":{"rendered":"<p>Power Meter num\u00e9rique monophas\u00e9 AC\/DC 6 kHz<\/p>","protected":false},"featured_media":7172,"comment_status":"closed","ping_status":"closed","template":"","meta":{"_acf_changed":false,"slim_seo":{"title":"T3PM1006 - YOTAVIS AG","description":"Power Meter num\u00e9rique monophas\u00e9 AC\/DC 6 kHz"}},"product_brand":[542],"product_cat":[518,545],"product_tag":[],"class_list":{"0":"post-3938","1":"product","2":"type-product","3":"status-publish","4":"has-post-thumbnail","6":"product_brand-lecroy","7":"product_cat-meters","8":"product_cat-power-meter-en","9":"pa_channels-384","10":"pa_frequency-max-mhz-0-006","11":"pa_imax-ac-a-1019","12":"pa_remote-control-yes","14":"first","15":"instock","16":"taxable","17":"shipping-taxable","18":"purchasable","19":"product-type-simple"},"acf":[],"_links":{"self":[{"href":"https:\/\/yotavis.ch\/fr\/wp-json\/wp\/v2\/product\/3938","targetHints":{"allow":["GET"]}}],"collection":[{"href":"https:\/\/yotavis.ch\/fr\/wp-json\/wp\/v2\/product"}],"about":[{"href":"https:\/\/yotavis.ch\/fr\/wp-json\/wp\/v2\/types\/product"}],"replies":[{"embeddable":true,"href":"https:\/\/yotavis.ch\/fr\/wp-json\/wp\/v2\/comments?post=3938"}],"wp:featuredmedia":[{"embeddable":true,"href":"https:\/\/yotavis.ch\/fr\/wp-json\/wp\/v2\/media\/7172"}],"wp:attachment":[{"href":"https:\/\/yotavis.ch\/fr\/wp-json\/wp\/v2\/media?parent=3938"}],"wp:term":[{"taxonomy":"product_brand","embeddable":true,"href":"https:\/\/yotavis.ch\/fr\/wp-json\/wp\/v2\/product_brand?post=3938"},{"taxonomy":"product_cat","embeddable":true,"href":"https:\/\/yotavis.ch\/fr\/wp-json\/wp\/v2\/product_cat?post=3938"},{"taxonomy":"product_tag","embeddable":true,"href":"https:\/\/yotavis.ch\/fr\/wp-json\/wp\/v2\/product_tag?post=3938"}],"curies":[{"name":"wp","href":"https:\/\/api.w.org\/{rel}","templated":true}]}}