{"id":3939,"date":"2025-10-09T00:00:00","date_gmt":"2025-10-08T22:00:00","guid":{"rendered":"https:\/\/yotavis.ch\/product\/t3pm1100\/"},"modified":"2026-04-24T13:32:00","modified_gmt":"2026-04-24T11:32:00","slug":"t3pm1100","status":"publish","type":"product","link":"https:\/\/yotavis.ch\/fr\/produit\/t3pm1100\/","title":{"rendered":"T3PM1100"},"content":{"rendered":"<p>Le T3PM1100 de Teledyne Lecroy est un wattm\u00e8tre num\u00e9rique monophas\u00e9 AC\/DC con\u00e7u pour fonctionner \u00e0 une fr\u00e9quence maximale de 0,1 MHz. Il est dot\u00e9 d'une capacit\u00e9 de commande \u00e0 distance, ce qui permet une utilisation pratique et une int\u00e9gration dans divers environnements de test. Ce wattm\u00e8tre convient \u00e0 la mesure de la puissance dans les syst\u00e8mes monophas\u00e9s en courant alternatif et en courant continu, et offre une pr\u00e9cision de mesure num\u00e9rique. L'appareil prend en charge les mesures de fr\u00e9quence \u00e0 partir de 0 Hz jusqu'\u00e0 sa limite de fr\u00e9quence maximale. Sa conception est ax\u00e9e sur la surveillance pr\u00e9cise de la puissance avec un contr\u00f4le num\u00e9rique, ce qui le rend adaptable \u00e0 diff\u00e9rentes applications n\u00e9cessitant un acc\u00e8s \u00e0 distance. Le T3PM1100 est con\u00e7u pour g\u00e9rer une gamme de t\u00e2ches de mesure de puissance dans sa plage de fr\u00e9quence sp\u00e9cifi\u00e9e.<\/p>","protected":false},"excerpt":{"rendered":"<p>Power Meter num\u00e9rique monophas\u00e9 AC\/DC 100 kHz<\/p>","protected":false},"featured_media":7175,"comment_status":"closed","ping_status":"closed","template":"","meta":{"_acf_changed":false,"slim_seo":{"title":"T3PM1100 - YOTAVIS AG","description":"Power Meter num\u00e9rique monophas\u00e9 AC\/DC 100 kHz"}},"product_brand":[542],"product_cat":[518,545],"product_tag":[],"class_list":{"0":"post-3939","1":"product","2":"type-product","3":"status-publish","4":"has-post-thumbnail","6":"product_brand-lecroy","7":"product_cat-meters","8":"product_cat-power-meter-en","9":"pa_channels-384","10":"pa_frequency-max-mhz-0-1","11":"pa_imax-ac-a-1019","12":"pa_remote-control-yes","14":"first","15":"instock","16":"taxable","17":"shipping-taxable","18":"purchasable","19":"product-type-simple"},"acf":[],"_links":{"self":[{"href":"https:\/\/yotavis.ch\/fr\/wp-json\/wp\/v2\/product\/3939","targetHints":{"allow":["GET"]}}],"collection":[{"href":"https:\/\/yotavis.ch\/fr\/wp-json\/wp\/v2\/product"}],"about":[{"href":"https:\/\/yotavis.ch\/fr\/wp-json\/wp\/v2\/types\/product"}],"replies":[{"embeddable":true,"href":"https:\/\/yotavis.ch\/fr\/wp-json\/wp\/v2\/comments?post=3939"}],"wp:featuredmedia":[{"embeddable":true,"href":"https:\/\/yotavis.ch\/fr\/wp-json\/wp\/v2\/media\/7175"}],"wp:attachment":[{"href":"https:\/\/yotavis.ch\/fr\/wp-json\/wp\/v2\/media?parent=3939"}],"wp:term":[{"taxonomy":"product_brand","embeddable":true,"href":"https:\/\/yotavis.ch\/fr\/wp-json\/wp\/v2\/product_brand?post=3939"},{"taxonomy":"product_cat","embeddable":true,"href":"https:\/\/yotavis.ch\/fr\/wp-json\/wp\/v2\/product_cat?post=3939"},{"taxonomy":"product_tag","embeddable":true,"href":"https:\/\/yotavis.ch\/fr\/wp-json\/wp\/v2\/product_tag?post=3939"}],"curies":[{"name":"wp","href":"https:\/\/api.w.org\/{rel}","templated":true}]}}