{"id":3941,"date":"2025-10-09T00:00:00","date_gmt":"2025-10-08T22:00:00","guid":{"rendered":"https:\/\/yotavis.ch\/product\/t3ps100011p\/"},"modified":"2026-04-24T13:32:01","modified_gmt":"2026-04-24T11:32:01","slug":"t3ps100011p","status":"publish","type":"product","link":"https:\/\/yotavis.ch\/fr\/produit\/t3ps100011p\/","title":{"rendered":"T3PS100011P"},"content":{"rendered":"<p>Le T3PS100011P de Teledyne Lecroy est une alimentation programmable en courant continu de haute pr\u00e9cision, dot\u00e9e d'une sortie unique avec une plage de tension de 0 \u00e0 100 volts et une capacit\u00e9 de courant allant jusqu'\u00e0 1 amp\u00e8re. Elle d\u00e9livre une puissance maximale de 100 watts, ce qui la rend adapt\u00e9e \u00e0 diverses applications n\u00e9cessitant une alimentation contr\u00f4l\u00e9e et stable. Cette alimentation prend en charge la fonctionnalit\u00e9 de contr\u00f4le \u00e0 distance, ce qui permet aux utilisateurs d'op\u00e9rer et d'ajuster les param\u00e8tres \u00e0 distance. L'appareil est con\u00e7u pour fournir des sorties de tension et de courant pr\u00e9cises, garantissant des performances exactes dans les environnements de test et de d\u00e9veloppement. Avec son canal de sortie unique, il simplifie la gestion de l'alimentation des dispositifs test\u00e9s. La combinaison d'une tension, d'un courant et d'une puissance nominaux \u00e9lev\u00e9s le rend polyvalent pour toute une s\u00e9rie de sc\u00e9narios de test \u00e9lectronique. L'inclusion de capacit\u00e9s de contr\u00f4le \u00e0 distance am\u00e9liore son utilisation dans les configurations de test automatis\u00e9es.<\/p>","protected":false},"excerpt":{"rendered":"<p>Alimentation DC programmable de haute pr\u00e9cision 1 sortie 0-100V, 0-1A, 100W<\/p>","protected":false},"featured_media":7180,"comment_status":"closed","ping_status":"closed","template":"","meta":{"_acf_changed":false,"slim_seo":{"title":"T3PS100011P - YOTAVIS AG","description":"Alimentation DC programmable de haute pr\u00e9cision 1 sortie 0-100V, 0-1A, 100W"}},"product_brand":[542],"product_cat":[516,515],"product_tag":[],"class_list":{"0":"post-3941","1":"product","2":"type-product","3":"status-publish","4":"has-post-thumbnail","6":"product_brand-lecroy","7":"product_cat-dc-source-en","8":"product_cat-power-en","9":"pa_current-a-482","10":"pa_imax-ac-a-1019","11":"pa_output-number-146","12":"pa_power-w-481","13":"pa_remote-control-yes","14":"pa_voltage-v-151","16":"first","17":"instock","18":"taxable","19":"shipping-taxable","20":"purchasable","21":"product-type-simple"},"acf":[],"_links":{"self":[{"href":"https:\/\/yotavis.ch\/fr\/wp-json\/wp\/v2\/product\/3941","targetHints":{"allow":["GET"]}}],"collection":[{"href":"https:\/\/yotavis.ch\/fr\/wp-json\/wp\/v2\/product"}],"about":[{"href":"https:\/\/yotavis.ch\/fr\/wp-json\/wp\/v2\/types\/product"}],"replies":[{"embeddable":true,"href":"https:\/\/yotavis.ch\/fr\/wp-json\/wp\/v2\/comments?post=3941"}],"wp:featuredmedia":[{"embeddable":true,"href":"https:\/\/yotavis.ch\/fr\/wp-json\/wp\/v2\/media\/7180"}],"wp:attachment":[{"href":"https:\/\/yotavis.ch\/fr\/wp-json\/wp\/v2\/media?parent=3941"}],"wp:term":[{"taxonomy":"product_brand","embeddable":true,"href":"https:\/\/yotavis.ch\/fr\/wp-json\/wp\/v2\/product_brand?post=3941"},{"taxonomy":"product_cat","embeddable":true,"href":"https:\/\/yotavis.ch\/fr\/wp-json\/wp\/v2\/product_cat?post=3941"},{"taxonomy":"product_tag","embeddable":true,"href":"https:\/\/yotavis.ch\/fr\/wp-json\/wp\/v2\/product_tag?post=3941"}],"curies":[{"name":"wp","href":"https:\/\/api.w.org\/{rel}","templated":true}]}}