{"id":3942,"date":"2025-10-09T00:00:00","date_gmt":"2025-10-08T22:00:00","guid":{"rendered":"https:\/\/yotavis.ch\/product\/t3ps11230\/"},"modified":"2026-04-24T13:32:01","modified_gmt":"2026-04-24T11:32:01","slug":"t3ps11230","status":"publish","type":"product","link":"https:\/\/yotavis.ch\/fr\/produit\/t3ps11230\/","title":{"rendered":"T3PS11230"},"content":{"rendered":"<p>Le T3PS11230 de Teledyne Lecroy est une alimentation de banc dot\u00e9e d'une seule sortie CC r\u00e9glable. Elle fournit une plage de tension de 0 \u00e0 12 volts et une capacit\u00e9 de courant allant jusqu'\u00e0 30 amp\u00e8res, d\u00e9livrant une puissance maximale de 360 watts. Cette alimentation est con\u00e7ue pour les applications n\u00e9cessitant un contr\u00f4le pr\u00e9cis de la tension et du courant avec un seul canal de sortie. Elle ne comprend pas de fonction de commande \u00e0 distance et se contente d'un fonctionnement manuel simple. L'appareil convient \u00e0 diverses t\u00e2ches de test et de d\u00e9veloppement n\u00e9cessitant une alimentation en courant continu stable et r\u00e9glable. Ses sp\u00e9cifications mettent en \u00e9vidence un \u00e9quilibre entre les capacit\u00e9s de tension et de courant, ce qui le rend adaptable \u00e0 diff\u00e9rents projets \u00e9lectroniques et aux tests d'\u00e9quipement. L'absence de caract\u00e9ristiques suppl\u00e9mentaires, telles que des canaux multiples ou des interfaces num\u00e9riques, indique que l'accent est mis sur les fonctions essentielles de l'alimentation.<\/p>","protected":false},"excerpt":{"rendered":"<p>Alimentation de banc, DC \u00e0 d\u00e9coupage, r\u00e9glable, 1 sortie, 0 V, 12 V, 0 A, 30 A<\/p>","protected":false},"featured_media":7182,"comment_status":"closed","ping_status":"closed","template":"","meta":{"_acf_changed":false,"slim_seo":{"title":"T3PS11230 - YOTAVIS AG","description":"Alimentation de banc, DC \u00e0 d\u00e9coupage, r\u00e9glable, 1 sortie, 0 V, 12 V, 0 A, 30 A"}},"product_brand":[542],"product_cat":[516,515],"product_tag":[],"class_list":{"0":"post-3942","1":"product","2":"type-product","3":"status-publish","4":"has-post-thumbnail","6":"product_brand-lecroy","7":"product_cat-dc-source-en","8":"product_cat-power-en","9":"pa_current-a-404","10":"pa_imax-ac-a-1019","11":"pa_output-number-146","12":"pa_power-w-403","13":"pa_remote-control-no","14":"pa_voltage-v-311","16":"first","17":"instock","18":"taxable","19":"shipping-taxable","20":"purchasable","21":"product-type-simple"},"acf":[],"_links":{"self":[{"href":"https:\/\/yotavis.ch\/fr\/wp-json\/wp\/v2\/product\/3942","targetHints":{"allow":["GET"]}}],"collection":[{"href":"https:\/\/yotavis.ch\/fr\/wp-json\/wp\/v2\/product"}],"about":[{"href":"https:\/\/yotavis.ch\/fr\/wp-json\/wp\/v2\/types\/product"}],"replies":[{"embeddable":true,"href":"https:\/\/yotavis.ch\/fr\/wp-json\/wp\/v2\/comments?post=3942"}],"wp:featuredmedia":[{"embeddable":true,"href":"https:\/\/yotavis.ch\/fr\/wp-json\/wp\/v2\/media\/7182"}],"wp:attachment":[{"href":"https:\/\/yotavis.ch\/fr\/wp-json\/wp\/v2\/media?parent=3942"}],"wp:term":[{"taxonomy":"product_brand","embeddable":true,"href":"https:\/\/yotavis.ch\/fr\/wp-json\/wp\/v2\/product_brand?post=3942"},{"taxonomy":"product_cat","embeddable":true,"href":"https:\/\/yotavis.ch\/fr\/wp-json\/wp\/v2\/product_cat?post=3942"},{"taxonomy":"product_tag","embeddable":true,"href":"https:\/\/yotavis.ch\/fr\/wp-json\/wp\/v2\/product_tag?post=3942"}],"curies":[{"name":"wp","href":"https:\/\/api.w.org\/{rel}","templated":true}]}}