{"id":3943,"date":"2025-10-09T00:00:00","date_gmt":"2025-10-08T22:00:00","guid":{"rendered":"https:\/\/yotavis.ch\/product\/t3ps12415\/"},"modified":"2026-04-24T13:32:01","modified_gmt":"2026-04-24T11:32:01","slug":"t3ps12415","status":"publish","type":"product","link":"https:\/\/yotavis.ch\/fr\/produit\/t3ps12415\/","title":{"rendered":"T3PS12415"},"content":{"rendered":"<p>Le T3PS12415 de Teledyne Lecroy est une alimentation de banc dot\u00e9e d'une seule sortie CC r\u00e9glable. Elle fournit une plage de tension de 0 \u00e0 24 volts et une plage de courant de 0 \u00e0 15 amp\u00e8res, ce qui la rend adapt\u00e9e \u00e0 diverses applications de test et de d\u00e9veloppement. L'alimentation d\u00e9livre une puissance maximale de 360 watts. Elle fonctionne sans t\u00e9l\u00e9commande et se contente d'effectuer des r\u00e9glages manuels simples. L'appareil est con\u00e7u pour offrir une puissance stable et fiable avec un seul canal de sortie. Sa conception en courant continu \u00e0 d\u00e9coupage permet une conversion et une r\u00e9gulation efficaces de la puissance. Cette alimentation est destin\u00e9e \u00e0 \u00eatre utilis\u00e9e dans des environnements o\u00f9 un contr\u00f4le pr\u00e9cis de la tension et du courant est n\u00e9cessaire.<\/p>","protected":false},"excerpt":{"rendered":"<p>Alimentation de banc, DC \u00e0 d\u00e9coupage, r\u00e9glable, 1 sortie, 0 V, 24 V, 0 A, 15 A<\/p>","protected":false},"featured_media":7184,"comment_status":"closed","ping_status":"closed","template":"","meta":{"_acf_changed":false,"slim_seo":{"title":"T3PS12415 - YOTAVIS AG","description":"Alimentation de banc, DC \u00e0 d\u00e9coupage, r\u00e9glable, 1 sortie, 0 V, 24 V, 0 A, 15 A"}},"product_brand":[542],"product_cat":[516,515],"product_tag":[],"class_list":{"0":"post-3943","1":"product","2":"type-product","3":"status-publish","4":"has-post-thumbnail","6":"product_brand-lecroy","7":"product_cat-dc-source-en","8":"product_cat-power-en","9":"pa_current-a-410","10":"pa_imax-ac-a-1019","11":"pa_output-number-146","12":"pa_power-w-403","13":"pa_remote-control-no","14":"pa_voltage-v-313","16":"first","17":"instock","18":"taxable","19":"shipping-taxable","20":"purchasable","21":"product-type-simple"},"acf":[],"_links":{"self":[{"href":"https:\/\/yotavis.ch\/fr\/wp-json\/wp\/v2\/product\/3943","targetHints":{"allow":["GET"]}}],"collection":[{"href":"https:\/\/yotavis.ch\/fr\/wp-json\/wp\/v2\/product"}],"about":[{"href":"https:\/\/yotavis.ch\/fr\/wp-json\/wp\/v2\/types\/product"}],"replies":[{"embeddable":true,"href":"https:\/\/yotavis.ch\/fr\/wp-json\/wp\/v2\/comments?post=3943"}],"wp:featuredmedia":[{"embeddable":true,"href":"https:\/\/yotavis.ch\/fr\/wp-json\/wp\/v2\/media\/7184"}],"wp:attachment":[{"href":"https:\/\/yotavis.ch\/fr\/wp-json\/wp\/v2\/media?parent=3943"}],"wp:term":[{"taxonomy":"product_brand","embeddable":true,"href":"https:\/\/yotavis.ch\/fr\/wp-json\/wp\/v2\/product_brand?post=3943"},{"taxonomy":"product_cat","embeddable":true,"href":"https:\/\/yotavis.ch\/fr\/wp-json\/wp\/v2\/product_cat?post=3943"},{"taxonomy":"product_tag","embeddable":true,"href":"https:\/\/yotavis.ch\/fr\/wp-json\/wp\/v2\/product_tag?post=3943"}],"curies":[{"name":"wp","href":"https:\/\/api.w.org\/{rel}","templated":true}]}}