{"id":3944,"date":"2025-10-09T00:00:00","date_gmt":"2025-10-08T22:00:00","guid":{"rendered":"https:\/\/yotavis.ch\/product\/t3ps13206\/"},"modified":"2026-04-24T13:32:02","modified_gmt":"2026-04-24T11:32:02","slug":"t3ps13206","status":"publish","type":"product","link":"https:\/\/yotavis.ch\/fr\/produit\/t3ps13206\/","title":{"rendered":"T3PS13206"},"content":{"rendered":"<p>Le T3PS13206 de Teledyne Lecroy est une alimentation de banc dot\u00e9e d'une seule sortie r\u00e9glable. Elle fournit une plage de tension de 0 \u00e0 32 volts et une plage de courant de 0 \u00e0 6 amp\u00e8res, ce qui permet un contr\u00f4le pr\u00e9cis de la puissance fournie. L'alimentation a une puissance maximale de 192 watts, ce qui la rend adapt\u00e9e \u00e0 diverses applications de test et de d\u00e9veloppement. Ce mod\u00e8le ne comporte pas de fonction de t\u00e9l\u00e9commande, et se contente d'un fonctionnement manuel simple. Avec un seul canal de sortie, il est con\u00e7u pour \u00eatre simple et facile \u00e0 utiliser en laboratoire ou en atelier. Les sp\u00e9cifications de l'appareil mettent l'accent sur sa capacit\u00e9 \u00e0 fournir une puissance stable et r\u00e9glable dans les limites de tension et de courant indiqu\u00e9es.<\/p>","protected":false},"excerpt":{"rendered":"<p>Alimentation de banc, r\u00e9glable, 1 sortie, 0 V, 32 V, 0 A, 6 A<\/p>","protected":false},"featured_media":7187,"comment_status":"closed","ping_status":"closed","template":"","meta":{"_acf_changed":false,"slim_seo":{"title":"T3PS13206 - YOTAVIS AG","description":"Alimentation de banc, r\u00e9glable, 1 sortie, 0 V, 32 V, 0 A, 6 A"}},"product_brand":[542],"product_cat":[516,515],"product_tag":[],"class_list":{"0":"post-3944","1":"product","2":"type-product","3":"status-publish","4":"has-post-thumbnail","6":"product_brand-lecroy","7":"product_cat-dc-source-en","8":"product_cat-power-en","9":"pa_current-a-399","10":"pa_imax-ac-a-1019","11":"pa_output-number-146","12":"pa_power-w-483","13":"pa_remote-control-no","14":"pa_voltage-v-140","16":"first","17":"instock","18":"taxable","19":"shipping-taxable","20":"purchasable","21":"product-type-simple"},"acf":[],"_links":{"self":[{"href":"https:\/\/yotavis.ch\/fr\/wp-json\/wp\/v2\/product\/3944","targetHints":{"allow":["GET"]}}],"collection":[{"href":"https:\/\/yotavis.ch\/fr\/wp-json\/wp\/v2\/product"}],"about":[{"href":"https:\/\/yotavis.ch\/fr\/wp-json\/wp\/v2\/types\/product"}],"replies":[{"embeddable":true,"href":"https:\/\/yotavis.ch\/fr\/wp-json\/wp\/v2\/comments?post=3944"}],"wp:featuredmedia":[{"embeddable":true,"href":"https:\/\/yotavis.ch\/fr\/wp-json\/wp\/v2\/media\/7187"}],"wp:attachment":[{"href":"https:\/\/yotavis.ch\/fr\/wp-json\/wp\/v2\/media?parent=3944"}],"wp:term":[{"taxonomy":"product_brand","embeddable":true,"href":"https:\/\/yotavis.ch\/fr\/wp-json\/wp\/v2\/product_brand?post=3944"},{"taxonomy":"product_cat","embeddable":true,"href":"https:\/\/yotavis.ch\/fr\/wp-json\/wp\/v2\/product_cat?post=3944"},{"taxonomy":"product_tag","embeddable":true,"href":"https:\/\/yotavis.ch\/fr\/wp-json\/wp\/v2\/product_tag?post=3944"}],"curies":[{"name":"wp","href":"https:\/\/api.w.org\/{rel}","templated":true}]}}