{"id":3946,"date":"2025-10-09T00:00:00","date_gmt":"2025-10-08T22:00:00","guid":{"rendered":"https:\/\/yotavis.ch\/product\/t3ps160141p\/"},"modified":"2026-04-24T13:32:02","modified_gmt":"2026-04-24T11:32:02","slug":"t3ps160141p","status":"publish","type":"product","link":"https:\/\/yotavis.ch\/fr\/produit\/t3ps160141p\/","title":{"rendered":"T3PS160141P"},"content":{"rendered":"<p>Le T3PS160141P de Teledyne Lecroy est une alimentation DC programmable \u00e0 d\u00e9coupage dot\u00e9e d'une sortie unique avec une plage de tension de 0 \u00e0 160 volts et une capacit\u00e9 de courant allant jusqu'\u00e0 14,4 amp\u00e8res. Elle d\u00e9livre une puissance maximale de 720 watts, ce qui la rend adapt\u00e9e \u00e0 diverses applications n\u00e9cessitant une alimentation en courant continu stable et r\u00e9glable. Cette alimentation prend en charge la fonctionnalit\u00e9 de contr\u00f4le \u00e0 distance, ce qui permet aux utilisateurs de faire fonctionner et de surveiller l'appareil \u00e0 distance. L'unit\u00e9 est con\u00e7ue pour fournir des r\u00e9glages pr\u00e9cis de tension et de courant, garantissant une alimentation pr\u00e9cise \u00e0 des fins de test et de d\u00e9veloppement. Sa nature programmable permet aux utilisateurs de personnaliser les param\u00e8tres de sortie en fonction d'exigences sp\u00e9cifiques. Le canal de sortie unique de l'appareil simplifie l'int\u00e9gration dans les configurations existantes tout en maintenant des performances fiables. Dans l'ensemble, le T3PS160141P offre une combinaison de capacit\u00e9s de tension, de courant et de puissance \u00e9lev\u00e9s avec la commodit\u00e9 d'un contr\u00f4le \u00e0 distance.<\/p>","protected":false},"excerpt":{"rendered":"<p>Alimentation DC \u00e0 commutation programmable 1 sortie, 0-160V, 0-14A, 720W<\/p>","protected":false},"featured_media":7194,"comment_status":"closed","ping_status":"closed","template":"","meta":{"_acf_changed":false,"slim_seo":{"title":"T3PS160141P - YOTAVIS AG","description":"Alimentation DC \u00e0 commutation programmable 1 sortie, 0-160V, 0-14A, 720W"}},"product_brand":[542],"product_cat":[516,515],"product_tag":[],"class_list":{"0":"post-3946","1":"product","2":"type-product","3":"status-publish","4":"has-post-thumbnail","6":"product_brand-lecroy","7":"product_cat-dc-source-en","8":"product_cat-power-en","9":"pa_current-a-14-4","10":"pa_imax-ac-a-1019","11":"pa_output-number-146","12":"pa_power-w-405","13":"pa_remote-control-yes","14":"pa_voltage-v-156","16":"first","17":"instock","18":"taxable","19":"shipping-taxable","20":"purchasable","21":"product-type-simple"},"acf":[],"_links":{"self":[{"href":"https:\/\/yotavis.ch\/fr\/wp-json\/wp\/v2\/product\/3946","targetHints":{"allow":["GET"]}}],"collection":[{"href":"https:\/\/yotavis.ch\/fr\/wp-json\/wp\/v2\/product"}],"about":[{"href":"https:\/\/yotavis.ch\/fr\/wp-json\/wp\/v2\/types\/product"}],"replies":[{"embeddable":true,"href":"https:\/\/yotavis.ch\/fr\/wp-json\/wp\/v2\/comments?post=3946"}],"wp:featuredmedia":[{"embeddable":true,"href":"https:\/\/yotavis.ch\/fr\/wp-json\/wp\/v2\/media\/7194"}],"wp:attachment":[{"href":"https:\/\/yotavis.ch\/fr\/wp-json\/wp\/v2\/media?parent=3946"}],"wp:term":[{"taxonomy":"product_brand","embeddable":true,"href":"https:\/\/yotavis.ch\/fr\/wp-json\/wp\/v2\/product_brand?post=3946"},{"taxonomy":"product_cat","embeddable":true,"href":"https:\/\/yotavis.ch\/fr\/wp-json\/wp\/v2\/product_cat?post=3946"},{"taxonomy":"product_tag","embeddable":true,"href":"https:\/\/yotavis.ch\/fr\/wp-json\/wp\/v2\/product_tag?post=3946"}],"curies":[{"name":"wp","href":"https:\/\/api.w.org\/{rel}","templated":true}]}}