{"id":3947,"date":"2025-10-09T00:00:00","date_gmt":"2025-10-08T22:00:00","guid":{"rendered":"https:\/\/yotavis.ch\/product\/t3ps16081p\/"},"modified":"2026-04-24T13:32:02","modified_gmt":"2026-04-24T11:32:02","slug":"t3ps16081p","status":"publish","type":"product","link":"https:\/\/yotavis.ch\/fr\/produit\/t3ps16081p\/","title":{"rendered":"T3PS16081P"},"content":{"rendered":"<p>Le T3PS16081P de Teledyne Lecroy est une alimentation lin\u00e9aire programmable \u00e0 courant continu dot\u00e9e d'une sortie unique avec une plage de tension de 0 \u00e0 16 volts et une capacit\u00e9 de courant allant jusqu'\u00e0 8 amp\u00e8res. Elle d\u00e9livre une puissance de 128 watts, ce qui la rend adapt\u00e9e \u00e0 diverses applications n\u00e9cessitant un contr\u00f4le pr\u00e9cis de la tension et du courant. Cette alimentation prend en charge la fonctionnalit\u00e9 de contr\u00f4le \u00e0 distance, ce qui permet aux utilisateurs d'op\u00e9rer et d'ajuster les param\u00e8tres \u00e0 distance. L'appareil est con\u00e7u pour fournir une puissance de sortie stable et fiable, garantissant des performances constantes pendant le fonctionnement. Sa nature programmable permet aux utilisateurs de d\u00e9finir des param\u00e8tres de tension et de courant sp\u00e9cifiques en fonction de leurs besoins. La configuration \u00e0 sortie unique simplifie les connexions et r\u00e9duit la complexit\u00e9 dans les configurations o\u00f9 une seule source d'alimentation est n\u00e9cessaire. Dans l'ensemble, le T3PS16081P combine des caract\u00e9ristiques essentielles pour la fourniture d'une alimentation CC contr\u00f4l\u00e9e avec la commodit\u00e9 d'un fonctionnement \u00e0 distance.<\/p>","protected":false},"excerpt":{"rendered":"<p>Alimentation DC lin\u00e9aire programmable, 1 sortie, 0-16V\/0-8A<\/p>","protected":false},"featured_media":7197,"comment_status":"closed","ping_status":"closed","template":"","meta":{"_acf_changed":false,"slim_seo":{"title":"T3PS16081P - YOTAVIS AG","description":"Alimentation DC lin\u00e9aire programmable, 1 sortie, 0-16V\/0-8A"}},"product_brand":[542],"product_cat":[516,515],"product_tag":[],"class_list":{"0":"post-3947","1":"product","2":"type-product","3":"status-publish","4":"has-post-thumbnail","6":"product_brand-lecroy","7":"product_cat-dc-source-en","8":"product_cat-power-en","9":"pa_current-a-394","10":"pa_imax-ac-a-1019","11":"pa_output-number-146","12":"pa_power-w-393","13":"pa_remote-control-yes","14":"pa_voltage-v-147","16":"first","17":"instock","18":"taxable","19":"shipping-taxable","20":"purchasable","21":"product-type-simple"},"acf":[],"_links":{"self":[{"href":"https:\/\/yotavis.ch\/fr\/wp-json\/wp\/v2\/product\/3947","targetHints":{"allow":["GET"]}}],"collection":[{"href":"https:\/\/yotavis.ch\/fr\/wp-json\/wp\/v2\/product"}],"about":[{"href":"https:\/\/yotavis.ch\/fr\/wp-json\/wp\/v2\/types\/product"}],"replies":[{"embeddable":true,"href":"https:\/\/yotavis.ch\/fr\/wp-json\/wp\/v2\/comments?post=3947"}],"wp:featuredmedia":[{"embeddable":true,"href":"https:\/\/yotavis.ch\/fr\/wp-json\/wp\/v2\/media\/7197"}],"wp:attachment":[{"href":"https:\/\/yotavis.ch\/fr\/wp-json\/wp\/v2\/media?parent=3947"}],"wp:term":[{"taxonomy":"product_brand","embeddable":true,"href":"https:\/\/yotavis.ch\/fr\/wp-json\/wp\/v2\/product_brand?post=3947"},{"taxonomy":"product_cat","embeddable":true,"href":"https:\/\/yotavis.ch\/fr\/wp-json\/wp\/v2\/product_cat?post=3947"},{"taxonomy":"product_tag","embeddable":true,"href":"https:\/\/yotavis.ch\/fr\/wp-json\/wp\/v2\/product_tag?post=3947"}],"curies":[{"name":"wp","href":"https:\/\/api.w.org\/{rel}","templated":true}]}}