{"id":3949,"date":"2025-10-09T00:00:00","date_gmt":"2025-10-08T22:00:00","guid":{"rendered":"https:\/\/yotavis.ch\/product\/t3ps23203\/"},"modified":"2026-04-24T13:32:03","modified_gmt":"2026-04-24T11:32:03","slug":"t3ps23203","status":"publish","type":"product","link":"https:\/\/yotavis.ch\/fr\/produit\/t3ps23203\/","title":{"rendered":"T3PS23203"},"content":{"rendered":"<p>L'alimentation de banc Teledyne Lecroy T3PS23203 dispose de deux sorties r\u00e9glables avec une tension allant de 0 \u00e0 32 volts et un courant allant jusqu'\u00e0 3 amp\u00e8res. Elle d\u00e9livre une puissance totale de 192 watts, ce qui la rend adapt\u00e9e \u00e0 diverses applications de test et de d\u00e9veloppement \u00e9lectroniques. Ce mod\u00e8le n'est pas \u00e9quip\u00e9 d'une fonction de contr\u00f4le \u00e0 distance, mais d'un fonctionnement manuel simple. L'alimentation est con\u00e7ue pour fournir des r\u00e9glages de tension et de courant stables et pr\u00e9cis sur ses deux sorties. Sa conception compacte permet de l'int\u00e9grer facilement dans un laboratoire ou un atelier. L'appareil prend en charge une tension maximale de 32 volts et un courant maximal de 3 amp\u00e8res, ce qui garantit la compatibilit\u00e9 avec une large gamme de composants et de circuits \u00e9lectroniques. La configuration \u00e0 double sortie permet d'alimenter simultan\u00e9ment plusieurs appareils ou circuits, ce qui am\u00e9liore l'efficacit\u00e9 des proc\u00e9dures de test.<\/p>","protected":false},"excerpt":{"rendered":"<p>Alimentation de banc, r\u00e9glable, 2 sorties, 0 V, 32 V, 0 A, 3 A<\/p>","protected":false},"featured_media":7191,"comment_status":"closed","ping_status":"closed","template":"","meta":{"_acf_changed":false,"slim_seo":{"title":"T3PS23203 - YOTAVIS AG","description":"Alimentation de banc, r\u00e9glable, 2 sorties, 0 V, 32 V, 0 A, 3 A"}},"product_brand":[542],"product_cat":[516,515],"product_tag":[],"class_list":{"0":"post-3949","1":"product","2":"type-product","3":"status-publish","4":"has-post-thumbnail","6":"product_brand-lecroy","7":"product_cat-dc-source-en","8":"product_cat-power-en","9":"pa_current-a-485","10":"pa_imax-ac-a-1019","11":"pa_output-number-153","12":"pa_power-w-483","13":"pa_remote-control-no","14":"pa_voltage-v-140","16":"first","17":"instock","18":"taxable","19":"shipping-taxable","20":"purchasable","21":"product-type-simple"},"acf":[],"_links":{"self":[{"href":"https:\/\/yotavis.ch\/fr\/wp-json\/wp\/v2\/product\/3949","targetHints":{"allow":["GET"]}}],"collection":[{"href":"https:\/\/yotavis.ch\/fr\/wp-json\/wp\/v2\/product"}],"about":[{"href":"https:\/\/yotavis.ch\/fr\/wp-json\/wp\/v2\/types\/product"}],"replies":[{"embeddable":true,"href":"https:\/\/yotavis.ch\/fr\/wp-json\/wp\/v2\/comments?post=3949"}],"wp:featuredmedia":[{"embeddable":true,"href":"https:\/\/yotavis.ch\/fr\/wp-json\/wp\/v2\/media\/7191"}],"wp:attachment":[{"href":"https:\/\/yotavis.ch\/fr\/wp-json\/wp\/v2\/media?parent=3949"}],"wp:term":[{"taxonomy":"product_brand","embeddable":true,"href":"https:\/\/yotavis.ch\/fr\/wp-json\/wp\/v2\/product_brand?post=3949"},{"taxonomy":"product_cat","embeddable":true,"href":"https:\/\/yotavis.ch\/fr\/wp-json\/wp\/v2\/product_cat?post=3949"},{"taxonomy":"product_tag","embeddable":true,"href":"https:\/\/yotavis.ch\/fr\/wp-json\/wp\/v2\/product_tag?post=3949"}],"curies":[{"name":"wp","href":"https:\/\/api.w.org\/{rel}","templated":true}]}}