{"id":3952,"date":"2025-10-09T00:00:00","date_gmt":"2025-10-08T22:00:00","guid":{"rendered":"https:\/\/yotavis.ch\/product\/t3ps3000\/"},"modified":"2026-04-24T13:32:06","modified_gmt":"2026-04-24T11:32:06","slug":"t3ps3000","status":"publish","type":"product","link":"https:\/\/yotavis.ch\/fr\/produit\/t3ps3000\/","title":{"rendered":"T3PS3000"},"content":{"rendered":"<p>Le T3PS3000 de Teledyne Lecroy est une alimentation lin\u00e9aire programmable \u00e0 trois sorties. Elle fournit des sorties de tension allant de 0 \u00e0 32 volts et des sorties de courant allant jusqu'\u00e0 3,2 amp\u00e8res. L'appareil comprend des r\u00e9glages de tension sp\u00e9cifiques de 2,5V, 3,3V et 5V, chacun pouvant d\u00e9livrer jusqu'\u00e0 3,2 amp\u00e8res. D'une puissance nominale de 220 watts, cette alimentation prend en charge la fonctionnalit\u00e9 de commande \u00e0 distance, ce qui permet un fonctionnement pratique \u00e0 distance. Les trois canaux de sortie permettent d'alimenter simultan\u00e9ment plusieurs appareils ou circuits. Ce mod\u00e8le est con\u00e7u pour offrir une puissance de sortie pr\u00e9cise et r\u00e9glable, adapt\u00e9e \u00e0 diverses applications n\u00e9cessitant une tension et un courant continus stables.<\/p>","protected":false},"excerpt":{"rendered":"<p>Alimentation DC lin\u00e9aire programmable, 3 sorties, 0-32V\/0-3.2A, 2.5V\/3.3V\/5V\/3.2A<\/p>","protected":false},"featured_media":7205,"comment_status":"closed","ping_status":"closed","template":"","meta":{"_acf_changed":false,"slim_seo":{"title":"T3PS3000 - YOTAVIS AG","description":"Alimentation DC lin\u00e9aire programmable, 3 sorties, 0-32V\/0-3.2A, 2.5V\/3.3V\/5V\/3.2A"}},"product_brand":[542],"product_cat":[516,515],"product_tag":[],"class_list":{"0":"post-3952","1":"product","2":"type-product","3":"status-publish","4":"has-post-thumbnail","6":"product_brand-lecroy","7":"product_cat-dc-source-en","8":"product_cat-power-en","9":"pa_current-a-3-2","10":"pa_imax-ac-a-1019","11":"pa_output-number-141","12":"pa_power-w-387","13":"pa_remote-control-yes","14":"pa_voltage-v-140","16":"first","17":"instock","18":"taxable","19":"shipping-taxable","20":"purchasable","21":"product-type-simple"},"acf":[],"_links":{"self":[{"href":"https:\/\/yotavis.ch\/fr\/wp-json\/wp\/v2\/product\/3952","targetHints":{"allow":["GET"]}}],"collection":[{"href":"https:\/\/yotavis.ch\/fr\/wp-json\/wp\/v2\/product"}],"about":[{"href":"https:\/\/yotavis.ch\/fr\/wp-json\/wp\/v2\/types\/product"}],"replies":[{"embeddable":true,"href":"https:\/\/yotavis.ch\/fr\/wp-json\/wp\/v2\/comments?post=3952"}],"wp:featuredmedia":[{"embeddable":true,"href":"https:\/\/yotavis.ch\/fr\/wp-json\/wp\/v2\/media\/7205"}],"wp:attachment":[{"href":"https:\/\/yotavis.ch\/fr\/wp-json\/wp\/v2\/media?parent=3952"}],"wp:term":[{"taxonomy":"product_brand","embeddable":true,"href":"https:\/\/yotavis.ch\/fr\/wp-json\/wp\/v2\/product_brand?post=3952"},{"taxonomy":"product_cat","embeddable":true,"href":"https:\/\/yotavis.ch\/fr\/wp-json\/wp\/v2\/product_cat?post=3952"},{"taxonomy":"product_tag","embeddable":true,"href":"https:\/\/yotavis.ch\/fr\/wp-json\/wp\/v2\/product_tag?post=3952"}],"curies":[{"name":"wp","href":"https:\/\/api.w.org\/{rel}","templated":true}]}}