{"id":3953,"date":"2025-10-09T00:00:00","date_gmt":"2025-10-08T22:00:00","guid":{"rendered":"https:\/\/yotavis.ch\/product\/t3ps30051p\/"},"modified":"2026-04-24T13:32:06","modified_gmt":"2026-04-24T11:32:06","slug":"t3ps30051p","status":"publish","type":"product","link":"https:\/\/yotavis.ch\/fr\/produit\/t3ps30051p\/","title":{"rendered":"T3PS30051P"},"content":{"rendered":"<p>Le T3PS30051P de Teledyne Lecroy est une alimentation lin\u00e9aire programmable \u00e0 courant continu dot\u00e9e d'une sortie unique avec une plage de tension de 0 \u00e0 30 volts et une capacit\u00e9 de courant allant jusqu'\u00e0 5 amp\u00e8res. Elle d\u00e9livre une puissance de sortie de 150 watts, ce qui la rend adapt\u00e9e \u00e0 diverses applications n\u00e9cessitant un contr\u00f4le pr\u00e9cis de la tension et du courant. Cette alimentation prend en charge la fonctionnalit\u00e9 de contr\u00f4le \u00e0 distance, ce qui permet aux utilisateurs d'op\u00e9rer et d'ajuster les param\u00e8tres \u00e0 distance. L'appareil est con\u00e7u pour fournir une alimentation stable et pr\u00e9cise dans les limites de tension et de courant sp\u00e9cifi\u00e9es. Avec un seul canal de sortie, il simplifie les connexions et la configuration pour les utilisateurs qui ont besoin d'une source d'alimentation simple. La combinaison des fonctions programmables et de la capacit\u00e9 de contr\u00f4le \u00e0 distance am\u00e9liore sa polyvalence dans les environnements de laboratoire ou industriels o\u00f9 le fonctionnement automatis\u00e9 ou \u00e0 distance est b\u00e9n\u00e9fique. Dans l'ensemble, le T3PS30051P offre une solution fiable pour les besoins en alimentation CC contr\u00f4l\u00e9e.<\/p>","protected":false},"excerpt":{"rendered":"<p>Alimentation DC lin\u00e9aire programmable, 1 sortie, 0-30V\/0-5A<\/p>","protected":false},"featured_media":7197,"comment_status":"closed","ping_status":"closed","template":"","meta":{"_acf_changed":false,"slim_seo":{"title":"T3PS30051P - YOTAVIS AG","description":"Alimentation DC lin\u00e9aire programmable, 1 sortie, 0-30V\/0-5A"}},"product_brand":[542],"product_cat":[516,515],"product_tag":[],"class_list":{"0":"post-3953","1":"product","2":"type-product","3":"status-publish","4":"has-post-thumbnail","6":"product_brand-lecroy","7":"product_cat-dc-source-en","8":"product_cat-power-en","9":"pa_current-a-392","10":"pa_imax-ac-a-1019","11":"pa_output-number-146","12":"pa_power-w-391","13":"pa_remote-control-yes","14":"pa_voltage-v-145","16":"first","17":"instock","18":"taxable","19":"shipping-taxable","20":"purchasable","21":"product-type-simple"},"acf":[],"_links":{"self":[{"href":"https:\/\/yotavis.ch\/fr\/wp-json\/wp\/v2\/product\/3953","targetHints":{"allow":["GET"]}}],"collection":[{"href":"https:\/\/yotavis.ch\/fr\/wp-json\/wp\/v2\/product"}],"about":[{"href":"https:\/\/yotavis.ch\/fr\/wp-json\/wp\/v2\/types\/product"}],"replies":[{"embeddable":true,"href":"https:\/\/yotavis.ch\/fr\/wp-json\/wp\/v2\/comments?post=3953"}],"wp:featuredmedia":[{"embeddable":true,"href":"https:\/\/yotavis.ch\/fr\/wp-json\/wp\/v2\/media\/7197"}],"wp:attachment":[{"href":"https:\/\/yotavis.ch\/fr\/wp-json\/wp\/v2\/media?parent=3953"}],"wp:term":[{"taxonomy":"product_brand","embeddable":true,"href":"https:\/\/yotavis.ch\/fr\/wp-json\/wp\/v2\/product_brand?post=3953"},{"taxonomy":"product_cat","embeddable":true,"href":"https:\/\/yotavis.ch\/fr\/wp-json\/wp\/v2\/product_cat?post=3953"},{"taxonomy":"product_tag","embeddable":true,"href":"https:\/\/yotavis.ch\/fr\/wp-json\/wp\/v2\/product_tag?post=3953"}],"curies":[{"name":"wp","href":"https:\/\/api.w.org\/{rel}","templated":true}]}}