{"id":3957,"date":"2025-10-09T00:00:00","date_gmt":"2025-10-08T22:00:00","guid":{"rendered":"https:\/\/yotavis.ch\/product\/t3ps33203p\/"},"modified":"2026-04-24T13:32:08","modified_gmt":"2026-04-24T11:32:08","slug":"t3ps33203p","status":"publish","type":"product","link":"https:\/\/yotavis.ch\/fr\/produit\/t3ps33203p\/","title":{"rendered":"T3PS33203P"},"content":{"rendered":"<p>Le T3PS33203P de Teledyne Lecroy est une alimentation lin\u00e9aire programmable \u00e0 trois sorties. Elle fournit une plage de tension de 0 \u00e0 32 volts et une capacit\u00e9 de courant allant jusqu'\u00e0 3 amp\u00e8res par sortie. De plus, elle offre des sorties \u00e0 tension fixe de 1,8V, 2,5V, 3,3V et 5V avec un courant maximum de 5 amp\u00e8res. L'alimentation d\u00e9livre une puissance totale de 217 watts. Elle prend en charge la fonctionnalit\u00e9 de commande \u00e0 distance, ce qui permet un fonctionnement pratique et une int\u00e9gration dans les syst\u00e8mes de test automatis\u00e9s. Ce mod\u00e8le est con\u00e7u pour r\u00e9pondre \u00e0 divers besoins en mati\u00e8re d'alimentation gr\u00e2ce \u00e0 ses multiples options de sortie et \u00e0 ses fonctions programmables.<\/p>","protected":false},"excerpt":{"rendered":"<p>Alimentation DC lin\u00e9aire programmable, 3 sorties, 0-32V\/0-3A, 1.8V\/2.5V\/3.3V\/5V\/5A<\/p>","protected":false},"featured_media":7214,"comment_status":"closed","ping_status":"closed","template":"","meta":{"_acf_changed":false,"slim_seo":{"title":"T3PS33203P - YOTAVIS AG","description":"Alimentation DC lin\u00e9aire programmable, 3 sorties, 0-32V\/0-3A, 1.8V\/2.5V\/3.3V\/5V\/5A"}},"product_brand":[542],"product_cat":[546,515],"product_tag":[],"class_list":{"0":"post-3957","1":"product","2":"type-product","3":"status-publish","4":"has-post-thumbnail","6":"product_brand-lecroy","7":"product_cat-dc-2-quadrants-en","8":"product_cat-power-en","9":"pa_current-a-485","10":"pa_imax-ac-a-1019","11":"pa_output-number-141","12":"pa_power-w-486","13":"pa_remote-control-yes","14":"pa_voltage-v-140","16":"first","17":"instock","18":"taxable","19":"shipping-taxable","20":"purchasable","21":"product-type-simple"},"acf":[],"_links":{"self":[{"href":"https:\/\/yotavis.ch\/fr\/wp-json\/wp\/v2\/product\/3957","targetHints":{"allow":["GET"]}}],"collection":[{"href":"https:\/\/yotavis.ch\/fr\/wp-json\/wp\/v2\/product"}],"about":[{"href":"https:\/\/yotavis.ch\/fr\/wp-json\/wp\/v2\/types\/product"}],"replies":[{"embeddable":true,"href":"https:\/\/yotavis.ch\/fr\/wp-json\/wp\/v2\/comments?post=3957"}],"wp:featuredmedia":[{"embeddable":true,"href":"https:\/\/yotavis.ch\/fr\/wp-json\/wp\/v2\/media\/7214"}],"wp:attachment":[{"href":"https:\/\/yotavis.ch\/fr\/wp-json\/wp\/v2\/media?parent=3957"}],"wp:term":[{"taxonomy":"product_brand","embeddable":true,"href":"https:\/\/yotavis.ch\/fr\/wp-json\/wp\/v2\/product_brand?post=3957"},{"taxonomy":"product_cat","embeddable":true,"href":"https:\/\/yotavis.ch\/fr\/wp-json\/wp\/v2\/product_cat?post=3957"},{"taxonomy":"product_tag","embeddable":true,"href":"https:\/\/yotavis.ch\/fr\/wp-json\/wp\/v2\/product_tag?post=3957"}],"curies":[{"name":"wp","href":"https:\/\/api.w.org\/{rel}","templated":true}]}}