{"id":3958,"date":"2025-10-09T00:00:00","date_gmt":"2025-10-08T22:00:00","guid":{"rendered":"https:\/\/yotavis.ch\/product\/t3ps36006\/"},"modified":"2026-04-24T13:32:08","modified_gmt":"2026-04-24T11:32:08","slug":"t3ps36006","status":"publish","type":"product","link":"https:\/\/yotavis.ch\/fr\/produit\/t3ps36006\/","title":{"rendered":"T3PS36006"},"content":{"rendered":"<p>Le T3PS36006 de Teledyne Lecroy est une alimentation DC \u00e0 commutation \u00e0 double gamme qui comporte trois sorties avec des gammes de tension de 0 \u00e0 60 volts et des gammes de courant de 0 \u00e0 3 amp\u00e8res. Elle d\u00e9livre une puissance de 375 watts et fonctionne \u00e0 une tension de 30 volts avec une capacit\u00e9 de courant de 6 amp\u00e8res. Ce mod\u00e8le comprend deux canaux de sortie et ne prend pas en charge la fonctionnalit\u00e9 de contr\u00f4le \u00e0 distance. L'alimentation est con\u00e7ue pour fournir un courant continu stable et r\u00e9glable pour diverses applications n\u00e9cessitant un contr\u00f4le pr\u00e9cis de la tension et du courant. Sa capacit\u00e9 de double gamme permet une flexibilit\u00e9 dans la fourniture de puissance, en s'adaptant aux diff\u00e9rentes exigences de charge. L'appareil convient \u00e0 une utilisation dans des environnements o\u00f9 une alimentation en courant continu fiable et constante est n\u00e9cessaire \u00e0 des fins de test ou d'exploitation.<\/p>","protected":false},"excerpt":{"rendered":"<p>Alimentation DC \u00e0 commutation \u00e0 double gamme, 3 sorties, 0 V, 60 V, 0 A, 3 A<\/p>","protected":false},"featured_media":7216,"comment_status":"closed","ping_status":"closed","template":"","meta":{"_acf_changed":false,"slim_seo":{"title":"T3PS36006 - YOTAVIS AG","description":"Alimentation DC \u00e0 commutation \u00e0 double gamme, 3 sorties, 0 V, 60 V, 0 A, 3 A"}},"product_brand":[542],"product_cat":[516,515],"product_tag":[],"class_list":{"0":"post-3958","1":"product","2":"type-product","3":"status-publish","4":"has-post-thumbnail","6":"product_brand-lecroy","7":"product_cat-dc-source-en","8":"product_cat-power-en","9":"pa_current-a-399","10":"pa_imax-ac-a-1019","11":"pa_output-number-153","12":"pa_power-w-492","13":"pa_remote-control-no","14":"pa_voltage-v-145","16":"first","17":"instock","18":"taxable","19":"shipping-taxable","20":"purchasable","21":"product-type-simple"},"acf":[],"_links":{"self":[{"href":"https:\/\/yotavis.ch\/fr\/wp-json\/wp\/v2\/product\/3958","targetHints":{"allow":["GET"]}}],"collection":[{"href":"https:\/\/yotavis.ch\/fr\/wp-json\/wp\/v2\/product"}],"about":[{"href":"https:\/\/yotavis.ch\/fr\/wp-json\/wp\/v2\/types\/product"}],"replies":[{"embeddable":true,"href":"https:\/\/yotavis.ch\/fr\/wp-json\/wp\/v2\/comments?post=3958"}],"wp:featuredmedia":[{"embeddable":true,"href":"https:\/\/yotavis.ch\/fr\/wp-json\/wp\/v2\/media\/7216"}],"wp:attachment":[{"href":"https:\/\/yotavis.ch\/fr\/wp-json\/wp\/v2\/media?parent=3958"}],"wp:term":[{"taxonomy":"product_brand","embeddable":true,"href":"https:\/\/yotavis.ch\/fr\/wp-json\/wp\/v2\/product_brand?post=3958"},{"taxonomy":"product_cat","embeddable":true,"href":"https:\/\/yotavis.ch\/fr\/wp-json\/wp\/v2\/product_cat?post=3958"},{"taxonomy":"product_tag","embeddable":true,"href":"https:\/\/yotavis.ch\/fr\/wp-json\/wp\/v2\/product_tag?post=3958"}],"curies":[{"name":"wp","href":"https:\/\/api.w.org\/{rel}","templated":true}]}}