{"id":3959,"date":"2025-10-09T00:00:00","date_gmt":"2025-10-08T22:00:00","guid":{"rendered":"https:\/\/yotavis.ch\/product\/t3ps36031p\/"},"modified":"2026-04-24T13:32:08","modified_gmt":"2026-04-24T11:32:08","slug":"t3ps36031p","status":"publish","type":"product","link":"https:\/\/yotavis.ch\/fr\/produit\/t3ps36031p\/","title":{"rendered":"T3PS36031P"},"content":{"rendered":"<p>Le T3PS36031P de Teledyne Lecroy est une alimentation programmable en courant continu de haute pr\u00e9cision, dot\u00e9e d'une sortie unique avec une plage de tension de 0 \u00e0 36 volts et une capacit\u00e9 de courant allant jusqu'\u00e0 3 amp\u00e8res. Elle d\u00e9livre une puissance maximale de 108 watts, ce qui la rend adapt\u00e9e \u00e0 diverses applications de test et de d\u00e9veloppement. Cette alimentation prend en charge la fonctionnalit\u00e9 de contr\u00f4le \u00e0 distance, ce qui permet un fonctionnement pratique et une int\u00e9gration dans les syst\u00e8mes de test automatis\u00e9s. L'appareil est con\u00e7u pour fournir une alimentation en courant continu stable et pr\u00e9cise, essentielle pour des mesures et des exp\u00e9riences \u00e9lectroniques pr\u00e9cises. Gr\u00e2ce \u00e0 ses capacit\u00e9s programmables, les utilisateurs peuvent d\u00e9finir et ajuster les param\u00e8tres de sortie pour r\u00e9pondre \u00e0 des exigences sp\u00e9cifiques. Le canal de sortie unique simplifie les connexions et r\u00e9duit la complexit\u00e9 dans les configurations o\u00f9 une seule source d'alimentation est n\u00e9cessaire. Dans l'ensemble, le T3PS36031P combine des caract\u00e9ristiques essentielles pour une alimentation en courant continu contr\u00f4l\u00e9e et fiable.<\/p>","protected":false},"excerpt":{"rendered":"<p>Alimentation DC programmable de haute pr\u00e9cision 1 sortie, 0-36V, 0-3A\/,108W<\/p>","protected":false},"featured_media":7217,"comment_status":"closed","ping_status":"closed","template":"","meta":{"_acf_changed":false,"slim_seo":{"title":"T3PS36031P - YOTAVIS AG","description":"Alimentation DC programmable de haute pr\u00e9cision 1 sortie, 0-36V, 0-3A\/,108W"}},"product_brand":[542],"product_cat":[516,515],"product_tag":[],"class_list":{"0":"post-3959","1":"product","2":"type-product","3":"status-publish","4":"has-post-thumbnail","6":"product_brand-lecroy","7":"product_cat-dc-source-en","8":"product_cat-power-en","9":"pa_current-a-485","10":"pa_imax-ac-a-1019","11":"pa_output-number-146","12":"pa_power-w-493","13":"pa_remote-control-yes","14":"pa_voltage-v-318","16":"first","17":"instock","18":"taxable","19":"shipping-taxable","20":"purchasable","21":"product-type-simple"},"acf":[],"_links":{"self":[{"href":"https:\/\/yotavis.ch\/fr\/wp-json\/wp\/v2\/product\/3959","targetHints":{"allow":["GET"]}}],"collection":[{"href":"https:\/\/yotavis.ch\/fr\/wp-json\/wp\/v2\/product"}],"about":[{"href":"https:\/\/yotavis.ch\/fr\/wp-json\/wp\/v2\/types\/product"}],"replies":[{"embeddable":true,"href":"https:\/\/yotavis.ch\/fr\/wp-json\/wp\/v2\/comments?post=3959"}],"wp:featuredmedia":[{"embeddable":true,"href":"https:\/\/yotavis.ch\/fr\/wp-json\/wp\/v2\/media\/7217"}],"wp:attachment":[{"href":"https:\/\/yotavis.ch\/fr\/wp-json\/wp\/v2\/media?parent=3959"}],"wp:term":[{"taxonomy":"product_brand","embeddable":true,"href":"https:\/\/yotavis.ch\/fr\/wp-json\/wp\/v2\/product_brand?post=3959"},{"taxonomy":"product_cat","embeddable":true,"href":"https:\/\/yotavis.ch\/fr\/wp-json\/wp\/v2\/product_cat?post=3959"},{"taxonomy":"product_tag","embeddable":true,"href":"https:\/\/yotavis.ch\/fr\/wp-json\/wp\/v2\/product_tag?post=3959"}],"curies":[{"name":"wp","href":"https:\/\/api.w.org\/{rel}","templated":true}]}}