{"id":3960,"date":"2025-10-09T00:00:00","date_gmt":"2025-10-08T22:00:00","guid":{"rendered":"https:\/\/yotavis.ch\/product\/t3ps40381p\/"},"modified":"2026-04-24T13:32:09","modified_gmt":"2026-04-24T11:32:09","slug":"t3ps40381p","status":"publish","type":"product","link":"https:\/\/yotavis.ch\/fr\/produit\/t3ps40381p\/","title":{"rendered":"T3PS40381P"},"content":{"rendered":"<p>Le T3PS40381P est une alimentation DC monocanal de 1520W con\u00e7ue pour un montage en rack dans un format 19 pouces, 1U. Elle fonctionne \u00e0 une tension de 40 volts et peut d\u00e9livrer un courant allant jusqu'\u00e0 38 amp\u00e8res. Cette alimentation dispose d'un canal de sortie et prend en charge la fonctionnalit\u00e9 de contr\u00f4le \u00e0 distance, ce qui permet un fonctionnement pratique et une int\u00e9gration dans les syst\u00e8mes automatis\u00e9s. Sa conception compacte permet de l'utiliser dans des environnements o\u00f9 l'espace est limit\u00e9, tels que les laboratoires d'essai ou les lignes de production. Ses sp\u00e9cifications mettent l'accent sur la fourniture d'une alimentation en courant continu stable et fiable dans les limites de tension et de courant indiqu\u00e9es. L'appareil est fabriqu\u00e9 par Teledyne Lecroy, une soci\u00e9t\u00e9 connue pour ses \u00e9quipements de test \u00e9lectronique. Ce mod\u00e8le est destin\u00e9 aux applications n\u00e9cessitant une alimentation en courant continu pr\u00e9cise et contr\u00f4l\u00e9e dans une installation mont\u00e9e en rack.<\/p>","protected":false},"excerpt":{"rendered":"<p>1520W Single Channel 19&#8243;, 1U, Rack Mounted DC Power Supply<\/p>","protected":false},"featured_media":7177,"comment_status":"closed","ping_status":"closed","template":"","meta":{"_acf_changed":false,"slim_seo":{"title":"T3PS40381P - YOTAVIS AG","description":"Alimentation DC 1520W monocanal 19\", 1U, mont\u00e9e en rack"}},"product_brand":[542],"product_cat":[516,515],"product_tag":[],"class_list":{"0":"post-3960","1":"product","2":"type-product","3":"status-publish","4":"has-post-thumbnail","6":"product_brand-lecroy","7":"product_cat-dc-source-en","8":"product_cat-power-en","9":"pa_current-a-495","10":"pa_imax-ac-a-1019","11":"pa_output-number-146","12":"pa_power-w-494","13":"pa_remote-control-yes","14":"pa_voltage-v-152","16":"first","17":"instock","18":"taxable","19":"shipping-taxable","20":"purchasable","21":"product-type-simple"},"acf":[],"_links":{"self":[{"href":"https:\/\/yotavis.ch\/fr\/wp-json\/wp\/v2\/product\/3960","targetHints":{"allow":["GET"]}}],"collection":[{"href":"https:\/\/yotavis.ch\/fr\/wp-json\/wp\/v2\/product"}],"about":[{"href":"https:\/\/yotavis.ch\/fr\/wp-json\/wp\/v2\/types\/product"}],"replies":[{"embeddable":true,"href":"https:\/\/yotavis.ch\/fr\/wp-json\/wp\/v2\/comments?post=3960"}],"wp:featuredmedia":[{"embeddable":true,"href":"https:\/\/yotavis.ch\/fr\/wp-json\/wp\/v2\/media\/7177"}],"wp:attachment":[{"href":"https:\/\/yotavis.ch\/fr\/wp-json\/wp\/v2\/media?parent=3960"}],"wp:term":[{"taxonomy":"product_brand","embeddable":true,"href":"https:\/\/yotavis.ch\/fr\/wp-json\/wp\/v2\/product_brand?post=3960"},{"taxonomy":"product_cat","embeddable":true,"href":"https:\/\/yotavis.ch\/fr\/wp-json\/wp\/v2\/product_cat?post=3960"},{"taxonomy":"product_tag","embeddable":true,"href":"https:\/\/yotavis.ch\/fr\/wp-json\/wp\/v2\/product_tag?post=3960"}],"curies":[{"name":"wp","href":"https:\/\/api.w.org\/{rel}","templated":true}]}}