{"id":3961,"date":"2025-10-09T00:00:00","date_gmt":"2025-10-08T22:00:00","guid":{"rendered":"https:\/\/yotavis.ch\/product\/t3ps43203\/"},"modified":"2026-04-24T13:32:09","modified_gmt":"2026-04-24T11:32:09","slug":"t3ps43203","status":"publish","type":"product","link":"https:\/\/yotavis.ch\/fr\/produit\/t3ps43203\/","title":{"rendered":"T3PS43203"},"content":{"rendered":"<p>L'alimentation de banc Teledyne Lecroy T3PS43203 comporte quatre sorties r\u00e9glables, chacune pouvant d\u00e9livrer des tensions de 0 \u00e0 32 volts et des courants de 0 \u00e0 3 amp\u00e8res. Elle fournit une puissance totale de 217 watts, ce qui la rend adapt\u00e9e \u00e0 diverses applications de laboratoire et de test. Ce mod\u00e8le n'est pas \u00e9quip\u00e9 d'une fonction de commande \u00e0 distance, mais plut\u00f4t d'une commande manuelle directe. L'alimentation est con\u00e7ue pour offrir des r\u00e9glages pr\u00e9cis de tension et de courant sur ses quatre sorties, ce qui permet une utilisation polyvalente dans diff\u00e9rentes configurations \u00e9lectroniques. La tension maximale est de 32 volts, tandis que le courant maximal est de 3 amp\u00e8res par sortie. L'appareil est con\u00e7u pour prendre en charge plusieurs sorties simultan\u00e9es, ce qui peut s'av\u00e9rer utile pour alimenter plusieurs circuits ou appareils \u00e0 la fois. L'absence de caract\u00e9ristiques suppl\u00e9mentaires telles qu'un \u00e9cran tactile ou des canaux num\u00e9riques indique une conception simple et fonctionnelle visant \u00e0 fournir une alimentation fiable sans complexit\u00e9 suppl\u00e9mentaire.<\/p>","protected":false},"excerpt":{"rendered":"<p>Alimentation de banc, r\u00e9glable, 4 sorties, 0 V, 32 V, 0 A, 3 A<\/p>","protected":false},"featured_media":7219,"comment_status":"closed","ping_status":"closed","template":"","meta":{"_acf_changed":false,"slim_seo":{"title":"T3PS43203 - YOTAVIS AG","description":"Alimentation de banc, r\u00e9glable, 4 sorties, 0 V, 32 V, 0 A, 3 A"}},"product_brand":[542],"product_cat":[516,515],"product_tag":[],"class_list":{"0":"post-3961","1":"product","2":"type-product","3":"status-publish","4":"has-post-thumbnail","6":"product_brand-lecroy","7":"product_cat-dc-source-en","8":"product_cat-power-en","9":"pa_current-a-485","10":"pa_imax-ac-a-1019","11":"pa_output-number-148","12":"pa_power-w-486","13":"pa_remote-control-no","14":"pa_voltage-v-140","16":"first","17":"instock","18":"taxable","19":"shipping-taxable","20":"purchasable","21":"product-type-simple"},"acf":[],"_links":{"self":[{"href":"https:\/\/yotavis.ch\/fr\/wp-json\/wp\/v2\/product\/3961","targetHints":{"allow":["GET"]}}],"collection":[{"href":"https:\/\/yotavis.ch\/fr\/wp-json\/wp\/v2\/product"}],"about":[{"href":"https:\/\/yotavis.ch\/fr\/wp-json\/wp\/v2\/types\/product"}],"replies":[{"embeddable":true,"href":"https:\/\/yotavis.ch\/fr\/wp-json\/wp\/v2\/comments?post=3961"}],"wp:featuredmedia":[{"embeddable":true,"href":"https:\/\/yotavis.ch\/fr\/wp-json\/wp\/v2\/media\/7219"}],"wp:attachment":[{"href":"https:\/\/yotavis.ch\/fr\/wp-json\/wp\/v2\/media?parent=3961"}],"wp:term":[{"taxonomy":"product_brand","embeddable":true,"href":"https:\/\/yotavis.ch\/fr\/wp-json\/wp\/v2\/product_brand?post=3961"},{"taxonomy":"product_cat","embeddable":true,"href":"https:\/\/yotavis.ch\/fr\/wp-json\/wp\/v2\/product_cat?post=3961"},{"taxonomy":"product_tag","embeddable":true,"href":"https:\/\/yotavis.ch\/fr\/wp-json\/wp\/v2\/product_tag?post=3961"}],"curies":[{"name":"wp","href":"https:\/\/api.w.org\/{rel}","templated":true}]}}