{"id":3962,"date":"2025-10-09T00:00:00","date_gmt":"2025-10-08T22:00:00","guid":{"rendered":"https:\/\/yotavis.ch\/product\/t3ps43203p\/"},"modified":"2026-04-24T13:32:09","modified_gmt":"2026-04-24T11:32:09","slug":"t3ps43203p","status":"publish","type":"product","link":"https:\/\/yotavis.ch\/fr\/produit\/t3ps43203p\/","title":{"rendered":"T3PS43203P"},"content":{"rendered":"<p>Le T3PS43203P de Teledyne Lecroy est une alimentation lin\u00e9aire programmable en courant continu, dot\u00e9e de quatre sorties avec des capacit\u00e9s de tension et de courant variables. Elle fournit une plage de sortie de 0-32V \u00e0 0-3A, 0-5V \u00e0 0-1A, et 0-15V \u00e0 0-1A, ce qui permet une alimentation polyvalente sur plusieurs canaux. L'appareil fonctionne avec une puissance de sortie maximale de 217 watts et prend en charge la fonctionnalit\u00e9 de commande \u00e0 distance pour une utilisation pratique. Sa conception permet de multiples configurations de sortie, ce qui le rend adapt\u00e9 aux applications n\u00e9cessitant des sources d'alimentation pr\u00e9cises et r\u00e9glables. La tension maximale de l'alimentation est de 32 volts et elle peut d\u00e9livrer des courants allant jusqu'\u00e0 3 amp\u00e8res. Cette combinaison de caract\u00e9ristiques permet aux utilisateurs d'adapter la puissance de sortie \u00e0 des exigences sp\u00e9cifiques tout en gardant le contr\u00f4le de l'appareil \u00e0 distance.<\/p>","protected":false},"excerpt":{"rendered":"<p>Alimentation DC lin\u00e9aire programmable, 4 sorties, 0-32V\/0-3A, 0-5V\/0-1A, 0-15V\/0-1A<\/p>","protected":false},"featured_media":7213,"comment_status":"closed","ping_status":"closed","template":"","meta":{"_acf_changed":false,"slim_seo":{"title":"T3PS43203P - YOTAVIS AG","description":"Alimentation DC lin\u00e9aire programmable, 4 sorties, 0-32V\/0-3A, 0-5V\/0-1A, 0-15V\/0-1A"}},"product_brand":[542],"product_cat":[546,515],"product_tag":[],"class_list":{"0":"post-3962","1":"product","2":"type-product","3":"status-publish","4":"has-post-thumbnail","6":"product_brand-lecroy","7":"product_cat-dc-2-quadrants-en","8":"product_cat-power-en","9":"pa_current-a-485","10":"pa_imax-ac-a-1019","11":"pa_output-number-148","12":"pa_power-w-486","13":"pa_remote-control-yes","14":"pa_voltage-v-140","16":"first","17":"instock","18":"taxable","19":"shipping-taxable","20":"purchasable","21":"product-type-simple"},"acf":[],"_links":{"self":[{"href":"https:\/\/yotavis.ch\/fr\/wp-json\/wp\/v2\/product\/3962","targetHints":{"allow":["GET"]}}],"collection":[{"href":"https:\/\/yotavis.ch\/fr\/wp-json\/wp\/v2\/product"}],"about":[{"href":"https:\/\/yotavis.ch\/fr\/wp-json\/wp\/v2\/types\/product"}],"replies":[{"embeddable":true,"href":"https:\/\/yotavis.ch\/fr\/wp-json\/wp\/v2\/comments?post=3962"}],"wp:featuredmedia":[{"embeddable":true,"href":"https:\/\/yotavis.ch\/fr\/wp-json\/wp\/v2\/media\/7213"}],"wp:attachment":[{"href":"https:\/\/yotavis.ch\/fr\/wp-json\/wp\/v2\/media?parent=3962"}],"wp:term":[{"taxonomy":"product_brand","embeddable":true,"href":"https:\/\/yotavis.ch\/fr\/wp-json\/wp\/v2\/product_brand?post=3962"},{"taxonomy":"product_cat","embeddable":true,"href":"https:\/\/yotavis.ch\/fr\/wp-json\/wp\/v2\/product_cat?post=3962"},{"taxonomy":"product_tag","embeddable":true,"href":"https:\/\/yotavis.ch\/fr\/wp-json\/wp\/v2\/product_tag?post=3962"}],"curies":[{"name":"wp","href":"https:\/\/api.w.org\/{rel}","templated":true}]}}