{"id":3963,"date":"2025-10-09T00:00:00","date_gmt":"2025-10-08T22:00:00","guid":{"rendered":"https:\/\/yotavis.ch\/product\/t3ps60033p\/"},"modified":"2026-04-24T13:32:10","modified_gmt":"2026-04-24T11:32:10","slug":"t3ps60033p","status":"publish","type":"product","link":"https:\/\/yotavis.ch\/fr\/produit\/t3ps60033p\/","title":{"rendered":"T3PS60033P"},"content":{"rendered":"<p>Le T3PS60033P de Teledyne Lecroy est une alimentation lin\u00e9aire programmable en courant continu qui comporte trois sorties avec des plages de tension allant jusqu'\u00e0 60V et des intensit\u00e9s de courant allant jusqu'\u00e0 3A. Elle offre des sorties \u00e0 tension fixe de 1,8V, 2,5V, 3,3V et 5V avec un courant maximum de 5A. L'alimentation d\u00e9livre une puissance totale de 385 watts, ce qui permet de prendre en charge diverses applications n\u00e9cessitant une alimentation en courant continu stable et r\u00e9glable. La capacit\u00e9 de contr\u00f4le \u00e0 distance est incluse, ce qui permet un fonctionnement pratique et une int\u00e9gration dans les syst\u00e8mes de test automatis\u00e9s. L'appareil est con\u00e7u pour fournir un contr\u00f4le pr\u00e9cis de la tension et du courant sur ses trois sorties, ce qui le rend adapt\u00e9 aux environnements de test complexes. Ses multiples canaux de sortie permettent d'alimenter simultan\u00e9ment diff\u00e9rents circuits ou composants. La combinaison de fonctions programmables et de niveaux de tension multiples renforce sa polyvalence en laboratoire et dans les environnements industriels.<\/p>","protected":false},"excerpt":{"rendered":"<p>Alimentation DC lin\u00e9aire programmable 3 sorties, 0-60V\/0-3A\/1.8V\/2.5V\/3.3V\/5V5A<\/p>","protected":false},"featured_media":7207,"comment_status":"closed","ping_status":"closed","template":"","meta":{"_acf_changed":false,"slim_seo":{"title":"T3PS60033P - YOTAVIS AG","description":"Alimentation DC lin\u00e9aire programmable 3 sorties, 0-60V\/0-3A\/1.8V\/2.5V\/3.3V\/5V5A"}},"product_brand":[542],"product_cat":[516,515],"product_tag":[],"class_list":{"0":"post-3963","1":"product","2":"type-product","3":"status-publish","4":"has-post-thumbnail","6":"product_brand-lecroy","7":"product_cat-dc-source-en","8":"product_cat-power-en","9":"pa_current-a-485","10":"pa_imax-ac-a-1019","11":"pa_output-number-141","12":"pa_power-w-490","13":"pa_remote-control-yes","14":"pa_voltage-v-314","16":"first","17":"instock","18":"taxable","19":"shipping-taxable","20":"purchasable","21":"product-type-simple"},"acf":[],"_links":{"self":[{"href":"https:\/\/yotavis.ch\/fr\/wp-json\/wp\/v2\/product\/3963","targetHints":{"allow":["GET"]}}],"collection":[{"href":"https:\/\/yotavis.ch\/fr\/wp-json\/wp\/v2\/product"}],"about":[{"href":"https:\/\/yotavis.ch\/fr\/wp-json\/wp\/v2\/types\/product"}],"replies":[{"embeddable":true,"href":"https:\/\/yotavis.ch\/fr\/wp-json\/wp\/v2\/comments?post=3963"}],"wp:featuredmedia":[{"embeddable":true,"href":"https:\/\/yotavis.ch\/fr\/wp-json\/wp\/v2\/media\/7207"}],"wp:attachment":[{"href":"https:\/\/yotavis.ch\/fr\/wp-json\/wp\/v2\/media?parent=3963"}],"wp:term":[{"taxonomy":"product_brand","embeddable":true,"href":"https:\/\/yotavis.ch\/fr\/wp-json\/wp\/v2\/product_brand?post=3963"},{"taxonomy":"product_cat","embeddable":true,"href":"https:\/\/yotavis.ch\/fr\/wp-json\/wp\/v2\/product_cat?post=3963"},{"taxonomy":"product_tag","embeddable":true,"href":"https:\/\/yotavis.ch\/fr\/wp-json\/wp\/v2\/product_tag?post=3963"}],"curies":[{"name":"wp","href":"https:\/\/api.w.org\/{rel}","templated":true}]}}