{"id":3964,"date":"2025-10-09T00:00:00","date_gmt":"2025-10-08T22:00:00","guid":{"rendered":"https:\/\/yotavis.ch\/product\/t3ps60251p\/"},"modified":"2026-04-24T13:32:10","modified_gmt":"2026-04-24T11:32:10","slug":"t3ps60251p","status":"publish","type":"product","link":"https:\/\/yotavis.ch\/fr\/produit\/t3ps60251p\/","title":{"rendered":"T3PS60251P"},"content":{"rendered":"<p>Le T3PS60251P de Teledyne Lecroy est un bloc d'alimentation CC \u00e0 canal unique de 1500W con\u00e7u pour \u00eatre mont\u00e9 en rack dans un format 19 pouces, 1U. Elle d\u00e9livre une tension maximale de 60 volts et un courant maximal de 25 amp\u00e8res, fournissant une puissance de sortie fiable pour diverses applications. Cette unit\u00e9 dispose d'un canal de sortie et prend en charge la fonctionnalit\u00e9 de contr\u00f4le \u00e0 distance, ce qui permet un fonctionnement pratique et une int\u00e9gration dans les syst\u00e8mes automatis\u00e9s. L'alimentation est con\u00e7ue pour s'adapter aux configurations de rack standard, ce qui permet de l'utiliser dans des environnements professionnels et industriels o\u00f9 l'efficacit\u00e9 de l'espace est importante. Sa puissance nominale robuste lui permet de supporter des charges exigeantes tout en maintenant des performances stables. La conception de l'appareil met l'accent sur la fonctionnalit\u00e9 et la compatibilit\u00e9 avec les racks d'\u00e9quipement existants, ce qui facilite l'installation et l'utilisation.<\/p>","protected":false},"excerpt":{"rendered":"<p>1500W Single Channel 19&#8243;, 1U,\u00a0 Rack Mounted DC Power Supply<\/p>","protected":false},"featured_media":7177,"comment_status":"closed","ping_status":"closed","template":"","meta":{"_acf_changed":false,"slim_seo":{"title":"T3PS60251P - YOTAVIS AG","description":"Alimentation DC 1500W monocanal 19\", 1U, mont\u00e9e en rack"}},"product_brand":[542],"product_cat":[516,515],"product_tag":[],"class_list":{"0":"post-3964","1":"product","2":"type-product","3":"status-publish","4":"has-post-thumbnail","6":"product_brand-lecroy","7":"product_cat-dc-source-en","8":"product_cat-power-en","9":"pa_current-a-401","10":"pa_imax-ac-a-1019","11":"pa_output-number-146","12":"pa_power-w-400","13":"pa_remote-control-yes","14":"pa_voltage-v-314","16":"first","17":"instock","18":"taxable","19":"shipping-taxable","20":"purchasable","21":"product-type-simple"},"acf":[],"_links":{"self":[{"href":"https:\/\/yotavis.ch\/fr\/wp-json\/wp\/v2\/product\/3964","targetHints":{"allow":["GET"]}}],"collection":[{"href":"https:\/\/yotavis.ch\/fr\/wp-json\/wp\/v2\/product"}],"about":[{"href":"https:\/\/yotavis.ch\/fr\/wp-json\/wp\/v2\/types\/product"}],"replies":[{"embeddable":true,"href":"https:\/\/yotavis.ch\/fr\/wp-json\/wp\/v2\/comments?post=3964"}],"wp:featuredmedia":[{"embeddable":true,"href":"https:\/\/yotavis.ch\/fr\/wp-json\/wp\/v2\/media\/7177"}],"wp:attachment":[{"href":"https:\/\/yotavis.ch\/fr\/wp-json\/wp\/v2\/media?parent=3964"}],"wp:term":[{"taxonomy":"product_brand","embeddable":true,"href":"https:\/\/yotavis.ch\/fr\/wp-json\/wp\/v2\/product_brand?post=3964"},{"taxonomy":"product_cat","embeddable":true,"href":"https:\/\/yotavis.ch\/fr\/wp-json\/wp\/v2\/product_cat?post=3964"},{"taxonomy":"product_tag","embeddable":true,"href":"https:\/\/yotavis.ch\/fr\/wp-json\/wp\/v2\/product_tag?post=3964"}],"curies":[{"name":"wp","href":"https:\/\/api.w.org\/{rel}","templated":true}]}}