{"id":3966,"date":"2025-10-09T00:00:00","date_gmt":"2025-10-08T22:00:00","guid":{"rendered":"https:\/\/yotavis.ch\/product\/t3ps80271p\/"},"modified":"2026-04-24T13:32:11","modified_gmt":"2026-04-24T11:32:11","slug":"t3ps80271p","status":"publish","type":"product","link":"https:\/\/yotavis.ch\/fr\/produit\/t3ps80271p\/","title":{"rendered":"T3PS80271P"},"content":{"rendered":"<p>Le T3PS80271P de Teledyne Lecroy est une alimentation DC programmable \u00e0 d\u00e9coupage dot\u00e9e d'une sortie unique avec une plage de tension de 0 \u00e0 80 volts et une capacit\u00e9 de courant allant jusqu'\u00e0 27 amp\u00e8res. Elle d\u00e9livre une puissance maximale de 720 watts, ce qui la rend adapt\u00e9e \u00e0 diverses applications n\u00e9cessitant une alimentation CC stable et r\u00e9glable. Cette alimentation prend en charge la fonctionnalit\u00e9 de contr\u00f4le \u00e0 distance, ce qui permet aux utilisateurs de faire fonctionner et de surveiller l'appareil \u00e0 distance. L'unit\u00e9 est con\u00e7ue pour fournir des r\u00e9glages pr\u00e9cis de tension et de courant, garantissant une alimentation pr\u00e9cise \u00e0 des fins de test et de d\u00e9veloppement. Son canal de sortie unique simplifie l'int\u00e9gration dans les installations existantes o\u00f9 une seule source d'alimentation r\u00e9gul\u00e9e est n\u00e9cessaire. Les sp\u00e9cifications de l'appareil soulignent sa capacit\u00e9 \u00e0 g\u00e9rer des charges \u00e9lectriques importantes tout en conservant sa programmabilit\u00e9. Cette combinaison de caract\u00e9ristiques fait du T3PS80271P un outil polyvalent pour les environnements de laboratoire, industriels et d'ing\u00e9nierie.<\/p>","protected":false},"excerpt":{"rendered":"<p>Alimentation DC \u00e0 commutation programmable 1 sortie, 0-80V, 0-27A, 720W<\/p>","protected":false},"featured_media":7221,"comment_status":"closed","ping_status":"closed","template":"","meta":{"_acf_changed":false,"slim_seo":{"title":"T3PS80271P - YOTAVIS AG","description":"Alimentation DC \u00e0 commutation programmable 1 sortie, 0-80V, 0-27A, 720W"}},"product_brand":[542],"product_cat":[516,515],"product_tag":[],"class_list":{"0":"post-3966","1":"product","2":"type-product","3":"status-publish","4":"has-post-thumbnail","6":"product_brand-lecroy","7":"product_cat-dc-source-en","8":"product_cat-power-en","9":"pa_current-a-497","10":"pa_imax-ac-a-1019","11":"pa_output-number-146","12":"pa_power-w-405","13":"pa_remote-control-yes","14":"pa_voltage-v-155","16":"first","17":"instock","18":"taxable","19":"shipping-taxable","20":"purchasable","21":"product-type-simple"},"acf":[],"_links":{"self":[{"href":"https:\/\/yotavis.ch\/fr\/wp-json\/wp\/v2\/product\/3966","targetHints":{"allow":["GET"]}}],"collection":[{"href":"https:\/\/yotavis.ch\/fr\/wp-json\/wp\/v2\/product"}],"about":[{"href":"https:\/\/yotavis.ch\/fr\/wp-json\/wp\/v2\/types\/product"}],"replies":[{"embeddable":true,"href":"https:\/\/yotavis.ch\/fr\/wp-json\/wp\/v2\/comments?post=3966"}],"wp:featuredmedia":[{"embeddable":true,"href":"https:\/\/yotavis.ch\/fr\/wp-json\/wp\/v2\/media\/7221"}],"wp:attachment":[{"href":"https:\/\/yotavis.ch\/fr\/wp-json\/wp\/v2\/media?parent=3966"}],"wp:term":[{"taxonomy":"product_brand","embeddable":true,"href":"https:\/\/yotavis.ch\/fr\/wp-json\/wp\/v2\/product_brand?post=3966"},{"taxonomy":"product_cat","embeddable":true,"href":"https:\/\/yotavis.ch\/fr\/wp-json\/wp\/v2\/product_cat?post=3966"},{"taxonomy":"product_tag","embeddable":true,"href":"https:\/\/yotavis.ch\/fr\/wp-json\/wp\/v2\/product_tag?post=3966"}],"curies":[{"name":"wp","href":"https:\/\/api.w.org\/{rel}","templated":true}]}}