{"id":3967,"date":"2025-10-09T00:00:00","date_gmt":"2025-10-08T22:00:00","guid":{"rendered":"https:\/\/yotavis.ch\/product\/t3el150302p\/"},"modified":"2026-04-24T13:32:11","modified_gmt":"2026-04-24T11:32:11","slug":"t3el150302p","status":"publish","type":"product","link":"https:\/\/yotavis.ch\/fr\/produit\/t3el150302p\/","title":{"rendered":"T3EL150302P"},"content":{"rendered":"<p>Le T3EL150302P de Teledyne Lecroy est une charge \u00e9lectronique programmable \u00e0 courant continu \u00e0 une voie, con\u00e7ue pour g\u00e9rer une tension maximale de 150 volts et un courant allant jusqu'\u00e0 30 amp\u00e8res. Elle d\u00e9livre une puissance de 200 watts, ce qui la rend adapt\u00e9e \u00e0 diverses applications de test et de mesure. Cet appareil dispose d'un canal de sortie et prend en charge la fonctionnalit\u00e9 de contr\u00f4le \u00e0 distance, ce qui permet un fonctionnement pratique et une int\u00e9gration dans des configurations de test automatis\u00e9es. La charge \u00e9lectronique est con\u00e7ue pour fournir des performances pr\u00e9cises et fiables dans les limites \u00e9lectriques sp\u00e9cifi\u00e9es. Sa conception permet de tester efficacement les blocs d'alimentation, les batteries et autres sources de courant continu en simulant des conditions de charge r\u00e9elles. L'inclusion de capacit\u00e9s de contr\u00f4le \u00e0 distance am\u00e9liore sa polyvalence dans les environnements de laboratoire et de production o\u00f9 le fonctionnement \u00e0 distance est essentiel. Dans l'ensemble, le T3EL150302P offre une combinaison de sp\u00e9cifications de tension, de courant et de puissance adapt\u00e9es aux t\u00e2ches de test de charge \u00e9lectronique contr\u00f4l\u00e9e.<\/p>","protected":false},"excerpt":{"rendered":"<p>Charge \u00e9lectronique DC programmable \u00e0 un canal, 150V\/30A\/200W<\/p>","protected":false},"featured_media":7225,"comment_status":"closed","ping_status":"closed","template":"","meta":{"_acf_changed":false,"slim_seo":{"title":"T3EL150302P - YOTAVIS AG","description":"Charge \u00e9lectronique DC programmable \u00e0 un canal, 150V\/30A\/200W"}},"product_brand":[542],"product_cat":[517,515],"product_tag":[],"class_list":{"0":"post-3967","1":"product","2":"type-product","3":"status-publish","4":"has-post-thumbnail","6":"product_brand-lecroy","7":"product_cat-dc-load-en","8":"product_cat-power-en","9":"pa_current-a-404","10":"pa_imax-ac-a-1019","11":"pa_output-number-146","12":"pa_power-w-414","13":"pa_remote-control-yes","14":"pa_voltage-v-150","16":"first","17":"instock","18":"taxable","19":"shipping-taxable","20":"purchasable","21":"product-type-simple"},"acf":[],"_links":{"self":[{"href":"https:\/\/yotavis.ch\/fr\/wp-json\/wp\/v2\/product\/3967","targetHints":{"allow":["GET"]}}],"collection":[{"href":"https:\/\/yotavis.ch\/fr\/wp-json\/wp\/v2\/product"}],"about":[{"href":"https:\/\/yotavis.ch\/fr\/wp-json\/wp\/v2\/types\/product"}],"replies":[{"embeddable":true,"href":"https:\/\/yotavis.ch\/fr\/wp-json\/wp\/v2\/comments?post=3967"}],"wp:featuredmedia":[{"embeddable":true,"href":"https:\/\/yotavis.ch\/fr\/wp-json\/wp\/v2\/media\/7225"}],"wp:attachment":[{"href":"https:\/\/yotavis.ch\/fr\/wp-json\/wp\/v2\/media?parent=3967"}],"wp:term":[{"taxonomy":"product_brand","embeddable":true,"href":"https:\/\/yotavis.ch\/fr\/wp-json\/wp\/v2\/product_brand?post=3967"},{"taxonomy":"product_cat","embeddable":true,"href":"https:\/\/yotavis.ch\/fr\/wp-json\/wp\/v2\/product_cat?post=3967"},{"taxonomy":"product_tag","embeddable":true,"href":"https:\/\/yotavis.ch\/fr\/wp-json\/wp\/v2\/product_tag?post=3967"}],"curies":[{"name":"wp","href":"https:\/\/api.w.org\/{rel}","templated":true}]}}