{"id":3969,"date":"2025-10-09T00:00:00","date_gmt":"2025-10-08T22:00:00","guid":{"rendered":"https:\/\/yotavis.ch\/product\/t3rc0060-lf\/"},"modified":"2026-04-24T13:32:12","modified_gmt":"2026-04-24T11:32:12","slug":"t3rc0060-lf","status":"publish","type":"product","link":"https:\/\/yotavis.ch\/fr\/produit\/t3rc0060-lf\/","title":{"rendered":"T3RC0060-LF"},"content":{"rendered":"<p>La sonde T3RC0060-LF de Teledyne Lecroy est une sonde de courant alternatif con\u00e7ue avec une sensibilit\u00e9 de 100 mV\/A et une capacit\u00e9 de courant maximale de 60 A. Elle dispose d'une bande passante basse fr\u00e9quence commen\u00e7ant \u00e0 11 Hz et s'\u00e9tendant jusqu'\u00e0 une bande passante haute fr\u00e9quence de 5 MHz. Elle dispose d'une bande passante basse fr\u00e9quence commen\u00e7ant \u00e0 11 Hz et s'\u00e9tendant jusqu'\u00e0 une bande passante haute fr\u00e9quence de 5 MHz, ce qui permet une large gamme de mesures de signaux. La sonde est \u00e9quip\u00e9e d'un c\u00e2ble de 1 m\u00e8tre, ce qui lui conf\u00e8re une grande souplesse d'utilisation dans divers environnements de test. Son interface universelle assure la compatibilit\u00e9 avec de nombreux appareils et syst\u00e8mes. La sp\u00e9cification de la bande passante de 5 MHz permet une capture pr\u00e9cise des signaux dans cette gamme de fr\u00e9quences. Cette sonde convient aux applications n\u00e9cessitant des mesures pr\u00e9cises de courant alternatif jusqu'\u00e0 60 amp\u00e8res et peut traiter efficacement des signaux de basse \u00e0 haute fr\u00e9quence.<\/p>","protected":false},"excerpt":{"rendered":"<p>Sonde de courant AC 100 mV\/A, 60A, bande passante LF 11 Hz, bande passante HF 5MHz, c\u00e2ble 1m.<\/p>","protected":false},"featured_media":7227,"comment_status":"closed","ping_status":"closed","template":"","meta":{"_acf_changed":false,"slim_seo":{"title":"T3RC0060-LF - YOTAVIS AG","description":"Sonde de courant AC 100 mV\/A, 60A, bande passante LF 11 Hz, bande passante HF 5MHz, c\u00e2ble 1m."}},"product_brand":[542],"product_cat":[536,509],"product_tag":[],"class_list":{"0":"post-3969","1":"product","2":"type-product","3":"status-publish","4":"has-post-thumbnail","6":"product_brand-lecroy","7":"product_cat-current-probes-en","8":"product_cat-probes-en","9":"pa_bandwidth-mhz-220","10":"pa_current-max-a-498","11":"pa_imax-ac-a-1019","12":"pa_interface-universal","14":"first","15":"instock","16":"taxable","17":"shipping-taxable","18":"purchasable","19":"product-type-simple"},"acf":[],"_links":{"self":[{"href":"https:\/\/yotavis.ch\/fr\/wp-json\/wp\/v2\/product\/3969","targetHints":{"allow":["GET"]}}],"collection":[{"href":"https:\/\/yotavis.ch\/fr\/wp-json\/wp\/v2\/product"}],"about":[{"href":"https:\/\/yotavis.ch\/fr\/wp-json\/wp\/v2\/types\/product"}],"replies":[{"embeddable":true,"href":"https:\/\/yotavis.ch\/fr\/wp-json\/wp\/v2\/comments?post=3969"}],"wp:featuredmedia":[{"embeddable":true,"href":"https:\/\/yotavis.ch\/fr\/wp-json\/wp\/v2\/media\/7227"}],"wp:attachment":[{"href":"https:\/\/yotavis.ch\/fr\/wp-json\/wp\/v2\/media?parent=3969"}],"wp:term":[{"taxonomy":"product_brand","embeddable":true,"href":"https:\/\/yotavis.ch\/fr\/wp-json\/wp\/v2\/product_brand?post=3969"},{"taxonomy":"product_cat","embeddable":true,"href":"https:\/\/yotavis.ch\/fr\/wp-json\/wp\/v2\/product_cat?post=3969"},{"taxonomy":"product_tag","embeddable":true,"href":"https:\/\/yotavis.ch\/fr\/wp-json\/wp\/v2\/product_tag?post=3969"}],"curies":[{"name":"wp","href":"https:\/\/api.w.org\/{rel}","templated":true}]}}