{"id":3970,"date":"2025-10-09T00:00:00","date_gmt":"2025-10-08T22:00:00","guid":{"rendered":"https:\/\/yotavis.ch\/product\/t3rc0120-um\/"},"modified":"2026-04-24T13:32:14","modified_gmt":"2026-04-24T11:32:14","slug":"t3rc0120-um","status":"publish","type":"product","link":"https:\/\/yotavis.ch\/fr\/produit\/t3rc0120-um\/","title":{"rendered":"T3RC0120-UM"},"content":{"rendered":"<p>La T3RC0120-UM de Teledyne Lecroy est une sonde de courant alternatif d'une sensibilit\u00e9 de 50 mV\/A et d'une capacit\u00e9 de courant maximale de 120A. Elle dispose d'une bande passante basse fr\u00e9quence de 34 Hz et d'une bande passante haute fr\u00e9quence s'\u00e9tendant jusqu'\u00e0 30 MHz. La sonde est \u00e9quip\u00e9e d'un c\u00e2ble de 1 m\u00e8tre, ce qui permet une grande flexibilit\u00e9 dans les diff\u00e9rentes configurations de mesure. Con\u00e7ue pour \u00eatre utilis\u00e9e avec des interfaces universelles, cette sonde permet d'effectuer des mesures de courant pr\u00e9cises sur une large gamme de fr\u00e9quences. Ses sp\u00e9cifications de bande passante lui permettent de capturer des signaux CA \u00e0 basse et \u00e0 haute fr\u00e9quence. L'appareil est con\u00e7u pour g\u00e9rer des courants allant jusqu'\u00e0 120 amp\u00e8res, ce qui garantit sa compatibilit\u00e9 avec une large gamme d'applications n\u00e9cessitant une surveillance pr\u00e9cise du courant.<\/p>","protected":false},"excerpt":{"rendered":"<p>Sonde de courant AC 50 mV\/A, 120A, bande passante LF 34 Hz, bande passante HF 30MHz, c\u00e2ble 1m.<\/p>","protected":false},"featured_media":7228,"comment_status":"closed","ping_status":"closed","template":"","meta":{"_acf_changed":false,"slim_seo":{"title":"T3RC0120-UM - YOTAVIS AG","description":"Sonde de courant AC 50 mV\/A, 120A, bande passante LF 34 Hz, bande passante HF 30MHz, c\u00e2ble 1m."}},"product_brand":[542],"product_cat":[536,509],"product_tag":[],"class_list":{"0":"post-3970","1":"product","2":"type-product","3":"status-publish","4":"has-post-thumbnail","6":"product_brand-lecroy","7":"product_cat-current-probes-en","8":"product_cat-probes-en","9":"pa_bandwidth-mhz-320","10":"pa_current-max-a-499","11":"pa_imax-ac-a-1019","12":"pa_interface-universal","14":"first","15":"instock","16":"taxable","17":"shipping-taxable","18":"purchasable","19":"product-type-simple"},"acf":[],"_links":{"self":[{"href":"https:\/\/yotavis.ch\/fr\/wp-json\/wp\/v2\/product\/3970","targetHints":{"allow":["GET"]}}],"collection":[{"href":"https:\/\/yotavis.ch\/fr\/wp-json\/wp\/v2\/product"}],"about":[{"href":"https:\/\/yotavis.ch\/fr\/wp-json\/wp\/v2\/types\/product"}],"replies":[{"embeddable":true,"href":"https:\/\/yotavis.ch\/fr\/wp-json\/wp\/v2\/comments?post=3970"}],"wp:featuredmedia":[{"embeddable":true,"href":"https:\/\/yotavis.ch\/fr\/wp-json\/wp\/v2\/media\/7228"}],"wp:attachment":[{"href":"https:\/\/yotavis.ch\/fr\/wp-json\/wp\/v2\/media?parent=3970"}],"wp:term":[{"taxonomy":"product_brand","embeddable":true,"href":"https:\/\/yotavis.ch\/fr\/wp-json\/wp\/v2\/product_brand?post=3970"},{"taxonomy":"product_cat","embeddable":true,"href":"https:\/\/yotavis.ch\/fr\/wp-json\/wp\/v2\/product_cat?post=3970"},{"taxonomy":"product_tag","embeddable":true,"href":"https:\/\/yotavis.ch\/fr\/wp-json\/wp\/v2\/product_tag?post=3970"}],"curies":[{"name":"wp","href":"https:\/\/api.w.org\/{rel}","templated":true}]}}