{"id":3971,"date":"2025-10-09T00:00:00","date_gmt":"2025-10-08T22:00:00","guid":{"rendered":"https:\/\/yotavis.ch\/product\/t3rc0300-um\/"},"modified":"2026-04-24T13:32:15","modified_gmt":"2026-04-24T11:32:15","slug":"t3rc0300-um","status":"publish","type":"product","link":"https:\/\/yotavis.ch\/fr\/produit\/t3rc0300-um\/","title":{"rendered":"T3RC0300-UM"},"content":{"rendered":"<p>La T3RC0300-UM de Teledyne Lecroy est une sonde de courant alternatif d'une sensibilit\u00e9 de 20 mV\/A et d'une capacit\u00e9 de courant maximale de 300A. Elle dispose d'une bande passante basse fr\u00e9quence commen\u00e7ant \u00e0 9,2 Hz et s'\u00e9tendant jusqu'\u00e0 une bande passante haute fr\u00e9quence de 30 MHz, ce qui lui permet de mesurer une large gamme de signaux CA. La sonde est \u00e9quip\u00e9e d'un c\u00e2ble de 1 m\u00e8tre pour la connectivit\u00e9. Son interface est universelle, ce qui la rend compatible avec divers instruments de mesure. Cette sonde est con\u00e7ue pour fournir des mesures de courant pr\u00e9cises dans la bande passante et la gamme de courant sp\u00e9cifi\u00e9es.<\/p>","protected":false},"excerpt":{"rendered":"<p>Sonde de courant AC 20 mV\/A, 300A, bande passante LF 9.2 Hz, bande passante HF 30MHz, c\u00e2ble 1m.<\/p>","protected":false},"featured_media":7228,"comment_status":"closed","ping_status":"closed","template":"","meta":{"_acf_changed":false,"slim_seo":{"title":"T3RC0300-UM - YOTAVIS AG","description":"Sonde de courant AC 20 mV\/A, 300A, bande passante LF 9.2 Hz, bande passante HF 30MHz, c\u00e2ble 1m."}},"product_brand":[542],"product_cat":[536,509],"product_tag":[],"class_list":{"0":"post-3971","1":"product","2":"type-product","3":"status-publish","4":"has-post-thumbnail","6":"product_brand-lecroy","7":"product_cat-current-probes-en","8":"product_cat-probes-en","9":"pa_bandwidth-mhz-320","10":"pa_current-max-a-500","11":"pa_imax-ac-a-1019","12":"pa_interface-universal","14":"first","15":"instock","16":"taxable","17":"shipping-taxable","18":"purchasable","19":"product-type-simple"},"acf":[],"_links":{"self":[{"href":"https:\/\/yotavis.ch\/fr\/wp-json\/wp\/v2\/product\/3971","targetHints":{"allow":["GET"]}}],"collection":[{"href":"https:\/\/yotavis.ch\/fr\/wp-json\/wp\/v2\/product"}],"about":[{"href":"https:\/\/yotavis.ch\/fr\/wp-json\/wp\/v2\/types\/product"}],"replies":[{"embeddable":true,"href":"https:\/\/yotavis.ch\/fr\/wp-json\/wp\/v2\/comments?post=3971"}],"wp:featuredmedia":[{"embeddable":true,"href":"https:\/\/yotavis.ch\/fr\/wp-json\/wp\/v2\/media\/7228"}],"wp:attachment":[{"href":"https:\/\/yotavis.ch\/fr\/wp-json\/wp\/v2\/media?parent=3971"}],"wp:term":[{"taxonomy":"product_brand","embeddable":true,"href":"https:\/\/yotavis.ch\/fr\/wp-json\/wp\/v2\/product_brand?post=3971"},{"taxonomy":"product_cat","embeddable":true,"href":"https:\/\/yotavis.ch\/fr\/wp-json\/wp\/v2\/product_cat?post=3971"},{"taxonomy":"product_tag","embeddable":true,"href":"https:\/\/yotavis.ch\/fr\/wp-json\/wp\/v2\/product_tag?post=3971"}],"curies":[{"name":"wp","href":"https:\/\/api.w.org\/{rel}","templated":true}]}}