{"id":3972,"date":"2025-10-09T00:00:00","date_gmt":"2025-10-08T22:00:00","guid":{"rendered":"https:\/\/yotavis.ch\/product\/t3rc0600-hf\/"},"modified":"2026-04-24T13:32:15","modified_gmt":"2026-04-24T11:32:15","slug":"t3rc0600-hf","status":"publish","type":"product","link":"https:\/\/yotavis.ch\/fr\/produit\/t3rc0600-hf\/","title":{"rendered":"T3RC0600-HF"},"content":{"rendered":"<p>La T3RC0600-HF de Teledyne Lecroy est une sonde de courant alternatif con\u00e7ue pour mesurer des courants jusqu'\u00e0 600A avec une sensibilit\u00e9 de sortie de 10 mV\/A. Elle dispose d'une bande passante basse fr\u00e9quence commen\u00e7ant \u00e0 12 Hz et s'\u00e9tendant jusqu'\u00e0 une bande passante haute fr\u00e9quence de 30 MHz. Elle dispose d'une bande passante basse fr\u00e9quence commen\u00e7ant \u00e0 12 Hz et s'\u00e9tendant jusqu'\u00e0 une bande passante haute fr\u00e9quence de 30 MHz, ce qui permet des mesures de courant pr\u00e9cises sur une large gamme de fr\u00e9quences. La sonde est \u00e9quip\u00e9e d'un c\u00e2ble de 1 m\u00e8tre, ce qui offre une grande souplesse de positionnement et une grande facilit\u00e9 d'utilisation pendant les tests. Son interface universelle assure la compatibilit\u00e9 avec divers instruments de mesure, ce qui la rend adapt\u00e9e \u00e0 diverses applications. L'appareil est con\u00e7u pour g\u00e9rer des courants alternatifs d'une intensit\u00e9 maximale de 600 A, ce qui permet une d\u00e9tection pr\u00e9cise du courant dans des environnements exigeants. La bande passante de 30 MHz permet \u00e0 la sonde de capturer efficacement les signaux transitoires rapides et les composants \u00e0 haute fr\u00e9quence. Cette combinaison de caract\u00e9ristiques fait de la T3RC0600-HF un outil polyvalent pour les tests et analyses \u00e9lectriques n\u00e9cessitant une mesure pr\u00e9cise du courant alternatif.<\/p>","protected":false},"excerpt":{"rendered":"<p>Sonde de courant AC 10 mV\/A, 600A, bande passante LF 12 Hz, bande passante HF 30MHz, c\u00e2ble 1m.<\/p>","protected":false},"featured_media":7229,"comment_status":"closed","ping_status":"closed","template":"","meta":{"_acf_changed":false,"slim_seo":{"title":"T3RC0600-HF - YOTAVIS AG","description":"Sonde de courant AC 10 mV\/A, 600A, bande passante LF 12 Hz, bande passante HF 30MHz, c\u00e2ble 1m."}},"product_brand":[542],"product_cat":[536,509],"product_tag":[],"class_list":{"0":"post-3972","1":"product","2":"type-product","3":"status-publish","4":"has-post-thumbnail","6":"product_brand-lecroy","7":"product_cat-current-probes-en","8":"product_cat-probes-en","9":"pa_bandwidth-mhz-320","10":"pa_current-max-a-501","11":"pa_imax-ac-a-1019","12":"pa_interface-universal","14":"first","15":"instock","16":"taxable","17":"shipping-taxable","18":"purchasable","19":"product-type-simple"},"acf":[],"_links":{"self":[{"href":"https:\/\/yotavis.ch\/fr\/wp-json\/wp\/v2\/product\/3972","targetHints":{"allow":["GET"]}}],"collection":[{"href":"https:\/\/yotavis.ch\/fr\/wp-json\/wp\/v2\/product"}],"about":[{"href":"https:\/\/yotavis.ch\/fr\/wp-json\/wp\/v2\/types\/product"}],"replies":[{"embeddable":true,"href":"https:\/\/yotavis.ch\/fr\/wp-json\/wp\/v2\/comments?post=3972"}],"wp:featuredmedia":[{"embeddable":true,"href":"https:\/\/yotavis.ch\/fr\/wp-json\/wp\/v2\/media\/7229"}],"wp:attachment":[{"href":"https:\/\/yotavis.ch\/fr\/wp-json\/wp\/v2\/media?parent=3972"}],"wp:term":[{"taxonomy":"product_brand","embeddable":true,"href":"https:\/\/yotavis.ch\/fr\/wp-json\/wp\/v2\/product_brand?post=3972"},{"taxonomy":"product_cat","embeddable":true,"href":"https:\/\/yotavis.ch\/fr\/wp-json\/wp\/v2\/product_cat?post=3972"},{"taxonomy":"product_tag","embeddable":true,"href":"https:\/\/yotavis.ch\/fr\/wp-json\/wp\/v2\/product_tag?post=3972"}],"curies":[{"name":"wp","href":"https:\/\/api.w.org\/{rel}","templated":true}]}}