{"id":3973,"date":"2025-10-09T00:00:00","date_gmt":"2025-10-08T22:00:00","guid":{"rendered":"https:\/\/yotavis.ch\/product\/t3rc3000-hf\/"},"modified":"2026-04-24T13:32:15","modified_gmt":"2026-04-24T11:32:15","slug":"t3rc3000-hf","status":"publish","type":"product","link":"https:\/\/yotavis.ch\/fr\/produit\/t3rc3000-hf\/","title":{"rendered":"T3RC3000-HF"},"content":{"rendered":"<p>La T3RC3000-HF de Teledyne Lecroy est une sonde de courant alternatif d'une sensibilit\u00e9 de 2 mV\/A et d'une capacit\u00e9 de courant maximale de 3 000 A. Elle dispose d'une bande passante basse fr\u00e9quence commen\u00e7ant \u00e0 3 Hz et s'\u00e9tendant jusqu'\u00e0 une bande passante haute fr\u00e9quence de 23 MHz. Elle dispose d'une bande passante basse fr\u00e9quence commen\u00e7ant \u00e0 3 Hz et s'\u00e9tendant jusqu'\u00e0 une bande passante haute fr\u00e9quence de 23 MHz. La sonde comprend une bobine de 200 mm et est \u00e9quip\u00e9e d'un c\u00e2ble de 4 m\u00e8tres pour la connectivit\u00e9. Con\u00e7ue pour une interface universelle, cette sonde convient \u00e0 diverses applications de mesure n\u00e9cessitant une d\u00e9tection pr\u00e9cise du courant sur une large gamme de fr\u00e9quences. La combinaison de son courant nominal \u00e9lev\u00e9 et de sa large bande passante lui permet de s'adapter aux mesures de courant \u00e0 basse et \u00e0 haute fr\u00e9quence.<\/p>","protected":false},"excerpt":{"rendered":"<p>Sonde de courant AC 2 mV\/A, 3 000A, bande passante LF 3 Hz, bande passante HF 23MHz, c\u00e2ble 4m, bobine 200mm.<\/p>","protected":false},"featured_media":7229,"comment_status":"closed","ping_status":"closed","template":"","meta":{"_acf_changed":false,"slim_seo":{"title":"T3RC3000-HF - YOTAVIS AG","description":"Sonde de courant AC 2 mV\/A, 3 000A, bande passante LF 3 Hz, bande passante HF 23MHz, c\u00e2ble 4m, bobine 200mm."}},"product_brand":[542],"product_cat":[536,509],"product_tag":[],"class_list":{"0":"post-3973","1":"product","2":"type-product","3":"status-publish","4":"has-post-thumbnail","6":"product_brand-lecroy","7":"product_cat-current-probes-en","8":"product_cat-probes-en","9":"pa_bandwidth-mhz-321","10":"pa_current-max-a-502","11":"pa_imax-ac-a-1019","12":"pa_interface-universal","14":"first","15":"instock","16":"taxable","17":"shipping-taxable","18":"purchasable","19":"product-type-simple"},"acf":[],"_links":{"self":[{"href":"https:\/\/yotavis.ch\/fr\/wp-json\/wp\/v2\/product\/3973","targetHints":{"allow":["GET"]}}],"collection":[{"href":"https:\/\/yotavis.ch\/fr\/wp-json\/wp\/v2\/product"}],"about":[{"href":"https:\/\/yotavis.ch\/fr\/wp-json\/wp\/v2\/types\/product"}],"replies":[{"embeddable":true,"href":"https:\/\/yotavis.ch\/fr\/wp-json\/wp\/v2\/comments?post=3973"}],"wp:featuredmedia":[{"embeddable":true,"href":"https:\/\/yotavis.ch\/fr\/wp-json\/wp\/v2\/media\/7229"}],"wp:attachment":[{"href":"https:\/\/yotavis.ch\/fr\/wp-json\/wp\/v2\/media?parent=3973"}],"wp:term":[{"taxonomy":"product_brand","embeddable":true,"href":"https:\/\/yotavis.ch\/fr\/wp-json\/wp\/v2\/product_brand?post=3973"},{"taxonomy":"product_cat","embeddable":true,"href":"https:\/\/yotavis.ch\/fr\/wp-json\/wp\/v2\/product_cat?post=3973"},{"taxonomy":"product_tag","embeddable":true,"href":"https:\/\/yotavis.ch\/fr\/wp-json\/wp\/v2\/product_tag?post=3973"}],"curies":[{"name":"wp","href":"https:\/\/api.w.org\/{rel}","templated":true}]}}