{"id":3974,"date":"2025-10-09T00:00:00","date_gmt":"2025-10-08T22:00:00","guid":{"rendered":"https:\/\/yotavis.ch\/product\/t3rc3000-lf\/"},"modified":"2026-04-24T13:32:16","modified_gmt":"2026-04-24T11:32:16","slug":"t3rc3000-lf","status":"publish","type":"product","link":"https:\/\/yotavis.ch\/fr\/produit\/t3rc3000-lf\/","title":{"rendered":"T3RC3000-LF"},"content":{"rendered":"<p>La T3RC3000-LF de Teledyne Lecroy est une sonde de courant alternatif con\u00e7ue pour mesurer des courants jusqu'\u00e0 3 000 amp\u00e8res avec une sensibilit\u00e9 de 2 millivolts par amp\u00e8re. Elle dispose d'une bande passante basse fr\u00e9quence commen\u00e7ant \u00e0 0,11 Hz et s'\u00e9tendant jusqu'\u00e0 une bande passante haute fr\u00e9quence de 6,5 MHz, ce qui lui permet de capturer une large gamme de fr\u00e9quences de signaux. La sonde comprend une bobine de 300 mm qui facilite la mesure du courant dans des conducteurs de diff\u00e9rentes tailles. Elle est \u00e9quip\u00e9e d'un c\u00e2ble de 4 m\u00e8tres, ce qui offre une grande souplesse de positionnement et une facilit\u00e9 d'utilisation dans diff\u00e9rents environnements de test. L'appareil utilise une interface universelle, ce qui le rend compatible avec un grand nombre d'instruments de mesure. Cette sonde convient aux applications n\u00e9cessitant des mesures pr\u00e9cises du courant alternatif sur un large spectre de fr\u00e9quences, combinant les capacit\u00e9s basse fr\u00e9quence et haute fr\u00e9quence en un seul appareil.<\/p>","protected":false},"excerpt":{"rendered":"<p>Sonde de courant AC 2 mV\/A, 3 000A, bande passante LF 0,11 Hz, bande passante HF 6,5 MHz, c\u00e2ble 4m, bobine 300mm.<\/p>","protected":false},"featured_media":7232,"comment_status":"closed","ping_status":"closed","template":"","meta":{"_acf_changed":false,"slim_seo":{"title":"T3RC3000-LF - YOTAVIS AG","description":"Sonde de courant AC 2 mV\/A, 3 000A, bande passante LF 0,11 Hz, bande passante HF 6,5 MHz, c\u00e2ble 4m, bobine 300mm."}},"product_brand":[542],"product_cat":[536,509],"product_tag":[],"class_list":{"0":"post-3974","1":"product","2":"type-product","3":"status-publish","4":"has-post-thumbnail","6":"product_brand-lecroy","7":"product_cat-current-probes-en","8":"product_cat-probes-en","9":"pa_bandwidth-mhz-6-5","10":"pa_current-max-a-502","11":"pa_imax-ac-a-1019","12":"pa_interface-universal","14":"first","15":"instock","16":"taxable","17":"shipping-taxable","18":"purchasable","19":"product-type-simple"},"acf":[],"_links":{"self":[{"href":"https:\/\/yotavis.ch\/fr\/wp-json\/wp\/v2\/product\/3974","targetHints":{"allow":["GET"]}}],"collection":[{"href":"https:\/\/yotavis.ch\/fr\/wp-json\/wp\/v2\/product"}],"about":[{"href":"https:\/\/yotavis.ch\/fr\/wp-json\/wp\/v2\/types\/product"}],"replies":[{"embeddable":true,"href":"https:\/\/yotavis.ch\/fr\/wp-json\/wp\/v2\/comments?post=3974"}],"wp:featuredmedia":[{"embeddable":true,"href":"https:\/\/yotavis.ch\/fr\/wp-json\/wp\/v2\/media\/7232"}],"wp:attachment":[{"href":"https:\/\/yotavis.ch\/fr\/wp-json\/wp\/v2\/media?parent=3974"}],"wp:term":[{"taxonomy":"product_brand","embeddable":true,"href":"https:\/\/yotavis.ch\/fr\/wp-json\/wp\/v2\/product_brand?post=3974"},{"taxonomy":"product_cat","embeddable":true,"href":"https:\/\/yotavis.ch\/fr\/wp-json\/wp\/v2\/product_cat?post=3974"},{"taxonomy":"product_tag","embeddable":true,"href":"https:\/\/yotavis.ch\/fr\/wp-json\/wp\/v2\/product_tag?post=3974"}],"curies":[{"name":"wp","href":"https:\/\/api.w.org\/{rel}","templated":true}]}}