{"id":3975,"date":"2025-10-09T00:00:00","date_gmt":"2025-10-08T22:00:00","guid":{"rendered":"https:\/\/yotavis.ch\/product\/t3rc6000-lf\/"},"modified":"2026-04-24T13:32:16","modified_gmt":"2026-04-24T11:32:16","slug":"t3rc6000-lf","status":"publish","type":"product","link":"https:\/\/yotavis.ch\/fr\/produit\/t3rc6000-lf\/","title":{"rendered":"T3RC6000-LF"},"content":{"rendered":"<p>La T3RC6000-LF de Teledyne Lecroy est une sonde de courant alternatif con\u00e7ue pour mesurer des courants jusqu'\u00e0 6 000 amp\u00e8res avec une sensibilit\u00e9 de 1 mV par amp\u00e8re. Elle dispose d'une bande passante basse fr\u00e9quence commen\u00e7ant \u00e0 0,055 Hz et s'\u00e9tendant jusqu'\u00e0 une bande passante haute fr\u00e9quence de 6,5 MHz, ce qui lui permet de capturer une large gamme de fr\u00e9quences de signaux. La sonde comprend un c\u00e2ble de 4 m\u00e8tres pour un positionnement flexible pendant les mesures et a un diam\u00e8tre de bobine de 300 millim\u00e8tres. Son interface est universelle, ce qui la rend compatible avec divers syst\u00e8mes de mesure. Cette sonde convient aux applications n\u00e9cessitant une mesure pr\u00e9cise du courant sur une large gamme de fr\u00e9quences, gr\u00e2ce \u00e0 ses capacit\u00e9s de largeur de bande \u00e9tendues. La combinaison d'une capacit\u00e9 de courant \u00e9lev\u00e9e et d'une large bande passante en fait un outil polyvalent pour les tests et analyses \u00e9lectriques.<\/p>","protected":false},"excerpt":{"rendered":"<p>Sonde de courant AC 1 mV\/A, 6 000A, bande passante LF 0,055 Hz, bande passante HF 6,5MHz, c\u00e2ble 4m, bobine 300mm.<\/p>","protected":false},"featured_media":7232,"comment_status":"closed","ping_status":"closed","template":"","meta":{"_acf_changed":false,"slim_seo":{"title":"T3RC6000-LF - YOTAVIS AG","description":"Sonde de courant AC 1 mV\/A, 6 000A, bande passante LF 0,055 Hz, bande passante HF 6,5MHz, c\u00e2ble 4m, bobine 300mm."}},"product_brand":[542],"product_cat":[536,509],"product_tag":[],"class_list":{"0":"post-3975","1":"product","2":"type-product","3":"status-publish","4":"has-post-thumbnail","6":"product_brand-lecroy","7":"product_cat-current-probes-en","8":"product_cat-probes-en","9":"pa_bandwidth-mhz-6-5","10":"pa_current-max-a-503","11":"pa_imax-ac-a-1019","12":"pa_interface-universal","14":"first","15":"instock","16":"taxable","17":"shipping-taxable","18":"purchasable","19":"product-type-simple"},"acf":[],"_links":{"self":[{"href":"https:\/\/yotavis.ch\/fr\/wp-json\/wp\/v2\/product\/3975","targetHints":{"allow":["GET"]}}],"collection":[{"href":"https:\/\/yotavis.ch\/fr\/wp-json\/wp\/v2\/product"}],"about":[{"href":"https:\/\/yotavis.ch\/fr\/wp-json\/wp\/v2\/types\/product"}],"replies":[{"embeddable":true,"href":"https:\/\/yotavis.ch\/fr\/wp-json\/wp\/v2\/comments?post=3975"}],"wp:featuredmedia":[{"embeddable":true,"href":"https:\/\/yotavis.ch\/fr\/wp-json\/wp\/v2\/media\/7232"}],"wp:attachment":[{"href":"https:\/\/yotavis.ch\/fr\/wp-json\/wp\/v2\/media?parent=3975"}],"wp:term":[{"taxonomy":"product_brand","embeddable":true,"href":"https:\/\/yotavis.ch\/fr\/wp-json\/wp\/v2\/product_brand?post=3975"},{"taxonomy":"product_cat","embeddable":true,"href":"https:\/\/yotavis.ch\/fr\/wp-json\/wp\/v2\/product_cat?post=3975"},{"taxonomy":"product_tag","embeddable":true,"href":"https:\/\/yotavis.ch\/fr\/wp-json\/wp\/v2\/product_tag?post=3975"}],"curies":[{"name":"wp","href":"https:\/\/api.w.org\/{rel}","templated":true}]}}