{"id":3976,"date":"2025-10-09T00:00:00","date_gmt":"2025-10-08T22:00:00","guid":{"rendered":"https:\/\/yotavis.ch\/product\/t3cp100-2\/"},"modified":"2026-04-24T13:32:16","modified_gmt":"2026-04-24T11:32:16","slug":"t3cp100-2","status":"publish","type":"product","link":"https:\/\/yotavis.ch\/fr\/produit\/t3cp100-2\/","title":{"rendered":"T3CP100-2"},"content":{"rendered":"<p>La T3CP100-2 de Teledyne Lecroy est une sonde de courant con\u00e7ue pour mesurer les courants continus et alternatifs avec une capacit\u00e9 maximale de 100A cr\u00eate et 70A rms. Elle fonctionne avec une bande passante de 2 MHz, ce qui lui permet de capturer des signaux jusqu'\u00e0 cette gamme de fr\u00e9quences. La sonde est \u00e9quip\u00e9e d'un connecteur BNC pour faciliter l'int\u00e9gration avec des \u00e9quipements de mesure compatibles. Elle est \u00e9quip\u00e9e d'un c\u00e2ble d'un m\u00e8tre, ce qui permet de la positionner avec souplesse pendant l'utilisation. L'interface est universelle, ce qui garantit la compatibilit\u00e9 avec une large gamme d'appareils. Cette sonde de courant convient aux applications n\u00e9cessitant des mesures de courant pr\u00e9cises dans les limites de fr\u00e9quence et de courant sp\u00e9cifi\u00e9es.<\/p>","protected":false},"excerpt":{"rendered":"<p>Sonde de courant DC\/AC 100A, 2 MHz, BNC, 100A Peak, 70A rms, 1 m\u00e8tre de c\u00e2ble<\/p>","protected":false},"featured_media":7234,"comment_status":"closed","ping_status":"closed","template":"","meta":{"_acf_changed":false,"slim_seo":{"title":"T3CP100-2 - YOTAVIS AG","description":"Sonde de courant DC\/AC 100A, 2 MHz, BNC, 100A Peak, 70A rms, 1 m\u00e8tre de c\u00e2ble"}},"product_brand":[542],"product_cat":[536,509],"product_tag":[],"class_list":{"0":"post-3976","1":"product","2":"type-product","3":"status-publish","4":"has-post-thumbnail","6":"product_brand-lecroy","7":"product_cat-current-probes-en","8":"product_cat-probes-en","9":"pa_bandwidth-mhz-221","10":"pa_current-max-a-445","11":"pa_imax-ac-a-1019","12":"pa_interface-universal","14":"first","15":"instock","16":"taxable","17":"shipping-taxable","18":"purchasable","19":"product-type-simple"},"acf":[],"_links":{"self":[{"href":"https:\/\/yotavis.ch\/fr\/wp-json\/wp\/v2\/product\/3976","targetHints":{"allow":["GET"]}}],"collection":[{"href":"https:\/\/yotavis.ch\/fr\/wp-json\/wp\/v2\/product"}],"about":[{"href":"https:\/\/yotavis.ch\/fr\/wp-json\/wp\/v2\/types\/product"}],"replies":[{"embeddable":true,"href":"https:\/\/yotavis.ch\/fr\/wp-json\/wp\/v2\/comments?post=3976"}],"wp:featuredmedia":[{"embeddable":true,"href":"https:\/\/yotavis.ch\/fr\/wp-json\/wp\/v2\/media\/7234"}],"wp:attachment":[{"href":"https:\/\/yotavis.ch\/fr\/wp-json\/wp\/v2\/media?parent=3976"}],"wp:term":[{"taxonomy":"product_brand","embeddable":true,"href":"https:\/\/yotavis.ch\/fr\/wp-json\/wp\/v2\/product_brand?post=3976"},{"taxonomy":"product_cat","embeddable":true,"href":"https:\/\/yotavis.ch\/fr\/wp-json\/wp\/v2\/product_cat?post=3976"},{"taxonomy":"product_tag","embeddable":true,"href":"https:\/\/yotavis.ch\/fr\/wp-json\/wp\/v2\/product_tag?post=3976"}],"curies":[{"name":"wp","href":"https:\/\/api.w.org\/{rel}","templated":true}]}}