{"id":3977,"date":"2025-10-09T00:00:00","date_gmt":"2025-10-08T22:00:00","guid":{"rendered":"https:\/\/yotavis.ch\/product\/t3cp150-12\/"},"modified":"2026-04-24T13:32:17","modified_gmt":"2026-04-24T11:32:17","slug":"t3cp150-12","status":"publish","type":"product","link":"https:\/\/yotavis.ch\/fr\/produit\/t3cp150-12\/","title":{"rendered":"T3CP150-12"},"content":{"rendered":"<p>La T3CP150-12 de Teledyne Lecroy est une sonde de courant con\u00e7ue pour mesurer des courants jusqu'\u00e0 150A rms avec une capacit\u00e9 d'impulsion de cr\u00eate de 300A. Elle fonctionne avec une bande passante de 12 MHz, ce qui lui permet de capturer des signaux dans cette gamme de fr\u00e9quences. La sonde est \u00e9quip\u00e9e d'un connecteur BNC pour l'interfa\u00e7age, ce qui garantit sa compatibilit\u00e9 avec une grande vari\u00e9t\u00e9 d'instruments de mesure. Elle prend en charge les mesures de courant alternatif et continu, ce qui la rend polyvalente pour diff\u00e9rents sc\u00e9narios de test. L'appareil est capable de g\u00e9rer un courant maximal de 150 A, ce qui garantit des performances fiables pour les applications \u00e0 courant \u00e9lev\u00e9. Son interface universelle permet de l'int\u00e9grer facilement dans les installations existantes. Cette sonde de courant convient \u00e0 la surveillance pr\u00e9cise du courant lorsque des mesures pr\u00e9cises en courant alternatif et en courant continu sont n\u00e9cessaires.<\/p>","protected":false},"excerpt":{"rendered":"<p>Sonde de courant 150A, 12 MHz, BNC, AC\/DC, 150A rms, 300A Peak Pulse<\/p>","protected":false},"featured_media":7238,"comment_status":"closed","ping_status":"closed","template":"","meta":{"_acf_changed":false,"slim_seo":{"title":"T3CP150-12 - YOTAVIS AG","description":"Sonde de courant 150A, 12 MHz, BNC, AC\/DC, 150A rms, 300A Peak Pulse"}},"product_brand":[542],"product_cat":[536,509],"product_tag":[],"class_list":{"0":"post-3977","1":"product","2":"type-product","3":"status-publish","4":"has-post-thumbnail","6":"product_brand-lecroy","7":"product_cat-current-probes-en","8":"product_cat-probes-en","9":"pa_bandwidth-mhz-219","10":"pa_current-max-a-451","11":"pa_imax-ac-a-1019","12":"pa_interface-universal","14":"first","15":"instock","16":"taxable","17":"shipping-taxable","18":"purchasable","19":"product-type-simple"},"acf":[],"_links":{"self":[{"href":"https:\/\/yotavis.ch\/fr\/wp-json\/wp\/v2\/product\/3977","targetHints":{"allow":["GET"]}}],"collection":[{"href":"https:\/\/yotavis.ch\/fr\/wp-json\/wp\/v2\/product"}],"about":[{"href":"https:\/\/yotavis.ch\/fr\/wp-json\/wp\/v2\/types\/product"}],"replies":[{"embeddable":true,"href":"https:\/\/yotavis.ch\/fr\/wp-json\/wp\/v2\/comments?post=3977"}],"wp:featuredmedia":[{"embeddable":true,"href":"https:\/\/yotavis.ch\/fr\/wp-json\/wp\/v2\/media\/7238"}],"wp:attachment":[{"href":"https:\/\/yotavis.ch\/fr\/wp-json\/wp\/v2\/media?parent=3977"}],"wp:term":[{"taxonomy":"product_brand","embeddable":true,"href":"https:\/\/yotavis.ch\/fr\/wp-json\/wp\/v2\/product_brand?post=3977"},{"taxonomy":"product_cat","embeddable":true,"href":"https:\/\/yotavis.ch\/fr\/wp-json\/wp\/v2\/product_cat?post=3977"},{"taxonomy":"product_tag","embeddable":true,"href":"https:\/\/yotavis.ch\/fr\/wp-json\/wp\/v2\/product_tag?post=3977"}],"curies":[{"name":"wp","href":"https:\/\/api.w.org\/{rel}","templated":true}]}}