{"id":3978,"date":"2025-10-09T00:00:00","date_gmt":"2025-10-08T22:00:00","guid":{"rendered":"https:\/\/yotavis.ch\/product\/t3cp30-100\/"},"modified":"2026-04-24T13:32:17","modified_gmt":"2026-04-24T11:32:17","slug":"t3cp30-100","status":"publish","type":"product","link":"https:\/\/yotavis.ch\/fr\/produit\/t3cp30-100\/","title":{"rendered":"T3CP30-100"},"content":{"rendered":"<p>La T3CP30-100 est une sonde de courant con\u00e7ue par Teledyne Lecroy, capable de mesurer des courants jusqu'\u00e0 30A rms avec un courant d'impulsion de cr\u00eate de 50A. Elle fonctionne avec une bande passante de 100 MHz, ce qui lui permet de capturer avec pr\u00e9cision des signaux dans cette gamme de fr\u00e9quences. La sonde est \u00e9quip\u00e9e d'un connecteur BNC et prend en charge les mesures de courant alternatif et continu. Son interface universelle garantit la compatibilit\u00e9 avec une grande vari\u00e9t\u00e9 d'instruments de mesure. Cette sonde de courant convient aux applications n\u00e9cessitant une surveillance et une analyse pr\u00e9cises du courant dans les limites de courant et de fr\u00e9quence sp\u00e9cifi\u00e9es.<\/p>","protected":false},"excerpt":{"rendered":"<p>Sonde de courant 30A, 100 MHz, BNC, AC\/DC, 30A rms, 50A Peak Pulse<\/p>","protected":false},"featured_media":7240,"comment_status":"closed","ping_status":"closed","template":"","meta":{"_acf_changed":false,"slim_seo":{"title":"T3CP30-100 - YOTAVIS AG","description":"Sonde de courant 30A, 100 MHz, BNC, AC\/DC, 30A rms, 50A Peak Pulse"}},"product_brand":[542],"product_cat":[536,509],"product_tag":[],"class_list":{"0":"post-3978","1":"product","2":"type-product","3":"status-publish","4":"has-post-thumbnail","6":"product_brand-lecroy","7":"product_cat-current-probes-en","8":"product_cat-probes-en","9":"pa_bandwidth-mhz-90","10":"pa_current-max-a-450","11":"pa_imax-ac-a-1019","12":"pa_interface-universal","14":"first","15":"instock","16":"taxable","17":"shipping-taxable","18":"purchasable","19":"product-type-simple"},"acf":[],"_links":{"self":[{"href":"https:\/\/yotavis.ch\/fr\/wp-json\/wp\/v2\/product\/3978","targetHints":{"allow":["GET"]}}],"collection":[{"href":"https:\/\/yotavis.ch\/fr\/wp-json\/wp\/v2\/product"}],"about":[{"href":"https:\/\/yotavis.ch\/fr\/wp-json\/wp\/v2\/types\/product"}],"replies":[{"embeddable":true,"href":"https:\/\/yotavis.ch\/fr\/wp-json\/wp\/v2\/comments?post=3978"}],"wp:featuredmedia":[{"embeddable":true,"href":"https:\/\/yotavis.ch\/fr\/wp-json\/wp\/v2\/media\/7240"}],"wp:attachment":[{"href":"https:\/\/yotavis.ch\/fr\/wp-json\/wp\/v2\/media?parent=3978"}],"wp:term":[{"taxonomy":"product_brand","embeddable":true,"href":"https:\/\/yotavis.ch\/fr\/wp-json\/wp\/v2\/product_brand?post=3978"},{"taxonomy":"product_cat","embeddable":true,"href":"https:\/\/yotavis.ch\/fr\/wp-json\/wp\/v2\/product_cat?post=3978"},{"taxonomy":"product_tag","embeddable":true,"href":"https:\/\/yotavis.ch\/fr\/wp-json\/wp\/v2\/product_tag?post=3978"}],"curies":[{"name":"wp","href":"https:\/\/api.w.org\/{rel}","templated":true}]}}