{"id":3979,"date":"2025-10-09T00:00:00","date_gmt":"2025-10-08T22:00:00","guid":{"rendered":"https:\/\/yotavis.ch\/product\/t3cp30-50\/"},"modified":"2026-04-24T13:32:17","modified_gmt":"2026-04-24T11:32:17","slug":"t3cp30-50","status":"publish","type":"product","link":"https:\/\/yotavis.ch\/fr\/produit\/t3cp30-50\/","title":{"rendered":"T3CP30-50"},"content":{"rendered":"<p>La T3CP30-50 de Teledyne Lecroy est une sonde de courant con\u00e7ue pour mesurer des courants jusqu'\u00e0 30A rms avec une capacit\u00e9 d'impulsion de cr\u00eate de 50A. Elle fonctionne avec une bande passante de 50 MHz, ce qui lui permet de capturer des signaux dans cette gamme de fr\u00e9quences. La sonde est \u00e9quip\u00e9e d'un connecteur BNC et prend en charge les mesures de courant alternatif et continu. Son interface est universelle, ce qui garantit sa compatibilit\u00e9 avec une large gamme d'\u00e9quipements. Cette sonde de courant convient aux applications n\u00e9cessitant une mesure pr\u00e9cise du courant dans les limites sp\u00e9cifi\u00e9es. L'appareil est con\u00e7u pour g\u00e9rer un courant maximum de 30A, ce qui le rend appropri\u00e9 pour diverses t\u00e2ches de test et de diagnostic. Sa conception vise \u00e0 fournir des lectures de courant pr\u00e9cises sur l'ensemble de sa bande passante op\u00e9rationnelle.<\/p>","protected":false},"excerpt":{"rendered":"<p>Sonde de courant 30A, 50 MHz, BNC, AC\/DC, 30A rms, 50A Peak Pulse<\/p>","protected":false},"featured_media":7240,"comment_status":"closed","ping_status":"closed","template":"","meta":{"_acf_changed":false,"slim_seo":{"title":"T3CP30-50 - YOTAVIS AG","description":"Sonde de courant 30A, 50 MHz, BNC, AC\/DC, 30A rms, 50A Peak Pulse"}},"product_brand":[542],"product_cat":[536,509],"product_tag":[],"class_list":{"0":"post-3979","1":"product","2":"type-product","3":"status-publish","4":"has-post-thumbnail","6":"product_brand-lecroy","7":"product_cat-current-probes-en","8":"product_cat-probes-en","9":"pa_bandwidth-mhz-100","10":"pa_current-max-a-450","11":"pa_imax-ac-a-1019","12":"pa_interface-universal","14":"first","15":"instock","16":"taxable","17":"shipping-taxable","18":"purchasable","19":"product-type-simple"},"acf":[],"_links":{"self":[{"href":"https:\/\/yotavis.ch\/fr\/wp-json\/wp\/v2\/product\/3979","targetHints":{"allow":["GET"]}}],"collection":[{"href":"https:\/\/yotavis.ch\/fr\/wp-json\/wp\/v2\/product"}],"about":[{"href":"https:\/\/yotavis.ch\/fr\/wp-json\/wp\/v2\/types\/product"}],"replies":[{"embeddable":true,"href":"https:\/\/yotavis.ch\/fr\/wp-json\/wp\/v2\/comments?post=3979"}],"wp:featuredmedia":[{"embeddable":true,"href":"https:\/\/yotavis.ch\/fr\/wp-json\/wp\/v2\/media\/7240"}],"wp:attachment":[{"href":"https:\/\/yotavis.ch\/fr\/wp-json\/wp\/v2\/media?parent=3979"}],"wp:term":[{"taxonomy":"product_brand","embeddable":true,"href":"https:\/\/yotavis.ch\/fr\/wp-json\/wp\/v2\/product_brand?post=3979"},{"taxonomy":"product_cat","embeddable":true,"href":"https:\/\/yotavis.ch\/fr\/wp-json\/wp\/v2\/product_cat?post=3979"},{"taxonomy":"product_tag","embeddable":true,"href":"https:\/\/yotavis.ch\/fr\/wp-json\/wp\/v2\/product_tag?post=3979"}],"curies":[{"name":"wp","href":"https:\/\/api.w.org\/{rel}","templated":true}]}}