{"id":3980,"date":"2025-10-09T00:00:00","date_gmt":"2025-10-08T22:00:00","guid":{"rendered":"https:\/\/yotavis.ch\/product\/t3cp500-5\/"},"modified":"2026-04-24T13:32:18","modified_gmt":"2026-04-24T11:32:18","slug":"t3cp500-5","status":"publish","type":"product","link":"https:\/\/yotavis.ch\/fr\/produit\/t3cp500-5\/","title":{"rendered":"T3CP500-5"},"content":{"rendered":"<p>La T3CP500-5 est une sonde de courant con\u00e7ue par Teledyne Lecroy qui prend en charge les mesures en courant alternatif et en courant continu. Elle est dot\u00e9e d'une capacit\u00e9 de courant maximale de 500 A eff. et peut g\u00e9rer des pics de courant puls\u00e9 allant jusqu'\u00e0 750 A. La sonde fonctionne avec une bande passante de 5 MHz, ce qui lui permet de capturer des signaux dans cette gamme de fr\u00e9quences. Elle utilise un connecteur BNC pour la sortie, ce qui garantit la compatibilit\u00e9 avec une large gamme d'instruments de mesure. L'interface est universelle, ce qui facilite l'int\u00e9gration dans diverses configurations de test. Cette sonde de courant convient aux applications n\u00e9cessitant une mesure pr\u00e9cise du courant jusqu'\u00e0 500A avec une r\u00e9ponse en fr\u00e9quence jusqu'\u00e0 5 MHz.<\/p>","protected":false},"excerpt":{"rendered":"<p>Sonde de courant 500A, 5 MHz, BNC, AC\/DC, 500A rms, 750A Peak Pulse<\/p>","protected":false},"featured_media":7238,"comment_status":"closed","ping_status":"closed","template":"","meta":{"_acf_changed":false,"slim_seo":{"title":"T3CP500-5 - YOTAVIS AG","description":"Sonde de courant 500A, 5 MHz, BNC, AC\/DC, 500A rms, 750A Peak Pulse"}},"product_brand":[542],"product_cat":[536,509],"product_tag":[],"class_list":{"0":"post-3980","1":"product","2":"type-product","3":"status-publish","4":"has-post-thumbnail","6":"product_brand-lecroy","7":"product_cat-current-probes-en","8":"product_cat-probes-en","9":"pa_bandwidth-mhz-220","10":"pa_current-max-a-452","11":"pa_imax-ac-a-1019","12":"pa_interface-universal","14":"first","15":"instock","16":"taxable","17":"shipping-taxable","18":"purchasable","19":"product-type-simple"},"acf":[],"_links":{"self":[{"href":"https:\/\/yotavis.ch\/fr\/wp-json\/wp\/v2\/product\/3980","targetHints":{"allow":["GET"]}}],"collection":[{"href":"https:\/\/yotavis.ch\/fr\/wp-json\/wp\/v2\/product"}],"about":[{"href":"https:\/\/yotavis.ch\/fr\/wp-json\/wp\/v2\/types\/product"}],"replies":[{"embeddable":true,"href":"https:\/\/yotavis.ch\/fr\/wp-json\/wp\/v2\/comments?post=3980"}],"wp:featuredmedia":[{"embeddable":true,"href":"https:\/\/yotavis.ch\/fr\/wp-json\/wp\/v2\/media\/7238"}],"wp:attachment":[{"href":"https:\/\/yotavis.ch\/fr\/wp-json\/wp\/v2\/media?parent=3980"}],"wp:term":[{"taxonomy":"product_brand","embeddable":true,"href":"https:\/\/yotavis.ch\/fr\/wp-json\/wp\/v2\/product_brand?post=3980"},{"taxonomy":"product_cat","embeddable":true,"href":"https:\/\/yotavis.ch\/fr\/wp-json\/wp\/v2\/product_cat?post=3980"},{"taxonomy":"product_tag","embeddable":true,"href":"https:\/\/yotavis.ch\/fr\/wp-json\/wp\/v2\/product_tag?post=3980"}],"curies":[{"name":"wp","href":"https:\/\/api.w.org\/{rel}","templated":true}]}}