{"id":3981,"date":"2025-10-09T00:00:00","date_gmt":"2025-10-08T22:00:00","guid":{"rendered":"https:\/\/yotavis.ch\/product\/t3cp50-50\/"},"modified":"2026-04-24T13:32:18","modified_gmt":"2026-04-24T11:32:18","slug":"t3cp50-50","status":"publish","type":"product","link":"https:\/\/yotavis.ch\/fr\/produit\/t3cp50-50\/","title":{"rendered":"T3CP50-50"},"content":{"rendered":"<p>Le T3CP50-50 de Teledyne Lecroy est une sonde de courant con\u00e7ue pour mesurer des courants jusqu'\u00e0 50 amp\u00e8res avec une impulsion de cr\u00eate maximale de 75 amp\u00e8res. Elle fonctionne sur une plage de fr\u00e9quences allant jusqu'\u00e0 50 MHz, ce qui la rend adapt\u00e9e \u00e0 diverses applications de mesure de courant alternatif et continu. La sonde est \u00e9quip\u00e9e d'un connecteur BNC et offre une interface universelle pour la compatibilit\u00e9 avec diff\u00e9rents instruments de mesure. Elle prend en charge la mesure du courant efficace (true RMS), ce qui garantit des mesures pr\u00e9cises pour les signaux alternatifs et continus. L'appareil est capable de g\u00e9rer un courant maximum de 50 amp\u00e8res et dispose d'une bande passante de 50 MHz. Cette sonde de courant est con\u00e7ue pour fournir une d\u00e9tection pr\u00e9cise du courant avec une capacit\u00e9 d'impulsion de cr\u00eate qui va au-del\u00e0 de sa valeur nominale de courant continu. Sa conception facilite l'int\u00e9gration dans les installations de test n\u00e9cessitant une mesure fiable du courant \u00e0 des fr\u00e9quences mod\u00e9r\u00e9es.<\/p>","protected":false},"excerpt":{"rendered":"<p>Sonde de courant 50A, 50 MHz, BNC, AC\/DC, 50A rms, 75A Peak Pulse<\/p>","protected":false},"featured_media":7240,"comment_status":"closed","ping_status":"closed","template":"","meta":{"_acf_changed":false,"slim_seo":{"title":"T3CP50-50 - YOTAVIS AG","description":"Sonde de courant 50A, 50 MHz, BNC, AC\/DC, 50A rms, 75A Peak Pulse"}},"product_brand":[542],"product_cat":[536,509],"product_tag":[],"class_list":{"0":"post-3981","1":"product","2":"type-product","3":"status-publish","4":"has-post-thumbnail","6":"product_brand-lecroy","7":"product_cat-current-probes-en","8":"product_cat-probes-en","9":"pa_bandwidth-mhz-100","10":"pa_current-max-a-448","11":"pa_imax-ac-a-1019","12":"pa_interface-universal","14":"first","15":"instock","16":"taxable","17":"shipping-taxable","18":"purchasable","19":"product-type-simple"},"acf":[],"_links":{"self":[{"href":"https:\/\/yotavis.ch\/fr\/wp-json\/wp\/v2\/product\/3981","targetHints":{"allow":["GET"]}}],"collection":[{"href":"https:\/\/yotavis.ch\/fr\/wp-json\/wp\/v2\/product"}],"about":[{"href":"https:\/\/yotavis.ch\/fr\/wp-json\/wp\/v2\/types\/product"}],"replies":[{"embeddable":true,"href":"https:\/\/yotavis.ch\/fr\/wp-json\/wp\/v2\/comments?post=3981"}],"wp:featuredmedia":[{"embeddable":true,"href":"https:\/\/yotavis.ch\/fr\/wp-json\/wp\/v2\/media\/7240"}],"wp:attachment":[{"href":"https:\/\/yotavis.ch\/fr\/wp-json\/wp\/v2\/media?parent=3981"}],"wp:term":[{"taxonomy":"product_brand","embeddable":true,"href":"https:\/\/yotavis.ch\/fr\/wp-json\/wp\/v2\/product_brand?post=3981"},{"taxonomy":"product_cat","embeddable":true,"href":"https:\/\/yotavis.ch\/fr\/wp-json\/wp\/v2\/product_cat?post=3981"},{"taxonomy":"product_tag","embeddable":true,"href":"https:\/\/yotavis.ch\/fr\/wp-json\/wp\/v2\/product_tag?post=3981"}],"curies":[{"name":"wp","href":"https:\/\/api.w.org\/{rel}","templated":true}]}}