{"id":3986,"date":"2025-10-09T00:00:00","date_gmt":"2025-10-08T22:00:00","guid":{"rendered":"https:\/\/yotavis.ch\/product\/waverunner-9054\/"},"modified":"2026-04-24T13:32:20","modified_gmt":"2026-04-24T11:32:20","slug":"waverunner-9054","status":"publish","type":"product","link":"https:\/\/yotavis.ch\/fr\/produit\/waverunner-9054\/","title":{"rendered":"WAVERUNNER 9054"},"content":{"rendered":"<p>Le WAVERUNNER 9054 de Teledyne Lecroy dispose d'une bande passante de 500 MHz et offre quatre canaux d'entr\u00e9e de signal. Il prend en charge un taux d'\u00e9chantillonnage \u00e9lev\u00e9 de 20 G\u00e9ch\/s, chaque canal \u00e9tant capable d'\u00e9chantillonner \u00e0 10 000 M\u00e9ch\/s. L'appareil comprend une profondeur de m\u00e9moire de 16 millions de points par canal, soit un total de 32 millions de points sur l'ensemble des canaux, ce qui permet une capture \u00e9tendue des donn\u00e9es. Sa r\u00e9solution verticale de 8 bits permet une repr\u00e9sentation d\u00e9taill\u00e9e des signaux. L'oscilloscope est \u00e9quip\u00e9 d'un \u00e9cran tactile capacitif de 15,4 pouces, am\u00e9liorant l'interaction et le contr\u00f4le de l'utilisateur. Ce mod\u00e8le n'inclut pas de canaux num\u00e9riques mais se concentre sur l'acquisition de signaux analogiques. La combinaison de ses sp\u00e9cifications le rend adapt\u00e9 \u00e0 l'analyse d\u00e9taill\u00e9e des formes d'onde et \u00e0 l'acquisition de donn\u00e9es.<\/p>","protected":false},"excerpt":{"rendered":"<p>500 MHz, 20 GS\/s, 4 Ch, 16 Mpts\/Ch DSO with 15.4&#8243; Capacitive Display<\/p>","protected":false},"featured_media":7253,"comment_status":"closed","ping_status":"closed","template":"","meta":{"_acf_changed":false,"slim_seo":{"title":"WAVERUNNER 9054 - YOTAVIS AG","description":"DSO 500 MHz, 20 G\u00e9ch\/s, 4 voies, 16 Mpts\/Ch avec \u00e9cran capacitif de 15,4 pouces"}},"product_brand":[542],"product_cat":[508,507],"product_tag":[],"class_list":{"0":"post-3986","1":"product","2":"type-product","3":"status-publish","4":"has-post-thumbnail","6":"product_brand-lecroy","7":"product_cat-desktop-en","8":"product_cat-oscilloscope","9":"pa_bandwidth-mhz-83","10":"pa_channels-338","11":"pa_digital-channels-no","12":"pa_imax-ac-a-1019","13":"pa_memory-depht-mpts-324","14":"pa_sampling-rate-channels-ms-s-455","15":"pa_touch-screen-yes","16":"pa_vertical-resolution-bits-340","18":"first","19":"instock","20":"taxable","21":"shipping-taxable","22":"product-type-simple"},"acf":[],"_links":{"self":[{"href":"https:\/\/yotavis.ch\/fr\/wp-json\/wp\/v2\/product\/3986","targetHints":{"allow":["GET"]}}],"collection":[{"href":"https:\/\/yotavis.ch\/fr\/wp-json\/wp\/v2\/product"}],"about":[{"href":"https:\/\/yotavis.ch\/fr\/wp-json\/wp\/v2\/types\/product"}],"replies":[{"embeddable":true,"href":"https:\/\/yotavis.ch\/fr\/wp-json\/wp\/v2\/comments?post=3986"}],"wp:featuredmedia":[{"embeddable":true,"href":"https:\/\/yotavis.ch\/fr\/wp-json\/wp\/v2\/media\/7253"}],"wp:attachment":[{"href":"https:\/\/yotavis.ch\/fr\/wp-json\/wp\/v2\/media?parent=3986"}],"wp:term":[{"taxonomy":"product_brand","embeddable":true,"href":"https:\/\/yotavis.ch\/fr\/wp-json\/wp\/v2\/product_brand?post=3986"},{"taxonomy":"product_cat","embeddable":true,"href":"https:\/\/yotavis.ch\/fr\/wp-json\/wp\/v2\/product_cat?post=3986"},{"taxonomy":"product_tag","embeddable":true,"href":"https:\/\/yotavis.ch\/fr\/wp-json\/wp\/v2\/product_tag?post=3986"}],"curies":[{"name":"wp","href":"https:\/\/api.w.org\/{rel}","templated":true}]}}