{"id":3987,"date":"2025-10-09T00:00:00","date_gmt":"2025-10-08T22:00:00","guid":{"rendered":"https:\/\/yotavis.ch\/product\/waverunner-9104\/"},"modified":"2026-04-24T13:32:20","modified_gmt":"2026-04-24T11:32:20","slug":"waverunner-9104","status":"publish","type":"product","link":"https:\/\/yotavis.ch\/fr\/produit\/waverunner-9104\/","title":{"rendered":"SCOOTER DES MERS 9104"},"content":{"rendered":"<p>Le WAVERUNNER 9104 de Teledyne Lecroy est un oscilloscope \u00e0 m\u00e9moire num\u00e9rique dot\u00e9 d'une bande passante de 1 GHz et d'une fr\u00e9quence d'\u00e9chantillonnage de 20 G\u00e9ch\/s sur quatre voies. Chaque voie est \u00e9quip\u00e9e d'une profondeur de m\u00e9moire de 16 millions de points, soit un total de 32 millions de points, ce qui permet une analyse d\u00e9taill\u00e9e des signaux. L'appareil offre une r\u00e9solution verticale de 8 bits et comprend un \u00e9cran tactile capacitif de 15,4 pouces pour une utilisation intuitive. Avec quatre canaux d'entr\u00e9e, il prend en charge les mesures multicanaux simultan\u00e9es. L'oscilloscope n'inclut pas de voies num\u00e9riques mais offre un \u00e9chantillonnage \u00e0 grande vitesse de 10 000 MS\/s par voie. Cette combinaison de caract\u00e9ristiques lui permet de capturer et d'analyser des signaux haute fr\u00e9quence avec pr\u00e9cision et clart\u00e9.<\/p>","protected":false},"excerpt":{"rendered":"<p>1 GHz, 20 GS\/s, 4 Ch, 16 Mpts\/Ch DSO with 15.4&#8243; Capacitive Display<\/p>","protected":false},"featured_media":7253,"comment_status":"closed","ping_status":"closed","template":"","meta":{"_acf_changed":false,"slim_seo":{"title":"WAVERUNNER 9104 - YOTAVIS AG","description":"DSO 1 GHz, 20 G\u00e9ch\/s, 4 voies, 16 Mpts\/Ch avec \u00e9cran capacitif de 15,4 pouces"}},"product_brand":[542],"product_cat":[508,507],"product_tag":[],"class_list":{"0":"post-3987","1":"product","2":"type-product","3":"status-publish","4":"has-post-thumbnail","6":"product_brand-lecroy","7":"product_cat-desktop-en","8":"product_cat-oscilloscope","9":"pa_bandwidth-mhz-84","10":"pa_channels-338","11":"pa_digital-channels-no","12":"pa_imax-ac-a-1019","13":"pa_memory-depht-mpts-324","14":"pa_sampling-rate-channels-ms-s-455","15":"pa_touch-screen-yes","16":"pa_vertical-resolution-bits-340","18":"first","19":"instock","20":"taxable","21":"shipping-taxable","22":"product-type-simple"},"acf":[],"_links":{"self":[{"href":"https:\/\/yotavis.ch\/fr\/wp-json\/wp\/v2\/product\/3987","targetHints":{"allow":["GET"]}}],"collection":[{"href":"https:\/\/yotavis.ch\/fr\/wp-json\/wp\/v2\/product"}],"about":[{"href":"https:\/\/yotavis.ch\/fr\/wp-json\/wp\/v2\/types\/product"}],"replies":[{"embeddable":true,"href":"https:\/\/yotavis.ch\/fr\/wp-json\/wp\/v2\/comments?post=3987"}],"wp:featuredmedia":[{"embeddable":true,"href":"https:\/\/yotavis.ch\/fr\/wp-json\/wp\/v2\/media\/7253"}],"wp:attachment":[{"href":"https:\/\/yotavis.ch\/fr\/wp-json\/wp\/v2\/media?parent=3987"}],"wp:term":[{"taxonomy":"product_brand","embeddable":true,"href":"https:\/\/yotavis.ch\/fr\/wp-json\/wp\/v2\/product_brand?post=3987"},{"taxonomy":"product_cat","embeddable":true,"href":"https:\/\/yotavis.ch\/fr\/wp-json\/wp\/v2\/product_cat?post=3987"},{"taxonomy":"product_tag","embeddable":true,"href":"https:\/\/yotavis.ch\/fr\/wp-json\/wp\/v2\/product_tag?post=3987"}],"curies":[{"name":"wp","href":"https:\/\/api.w.org\/{rel}","templated":true}]}}