{"id":3988,"date":"2025-10-09T00:00:00","date_gmt":"2025-10-08T22:00:00","guid":{"rendered":"https:\/\/yotavis.ch\/product\/waverunner-9254\/"},"modified":"2026-04-24T13:32:20","modified_gmt":"2026-04-24T11:32:20","slug":"waverunner-9254","status":"publish","type":"product","link":"https:\/\/yotavis.ch\/fr\/produit\/waverunner-9254\/","title":{"rendered":"WAVERUNNER 9254"},"content":{"rendered":"<p>Le WAVERUNNER 9254 de Teledyne Lecroy est un oscilloscope \u00e0 stockage num\u00e9rique dot\u00e9 d'une bande passante de 2,5 GHz et d'une fr\u00e9quence d'\u00e9chantillonnage de 20 G\u00e9ch\/s sur quatre voies. Chaque voie est \u00e9quip\u00e9e de 16 millions de points de m\u00e9moire, contribuant \u00e0 une profondeur de m\u00e9moire totale de 32 millions de points. L'appareil comprend un \u00e9cran tactile capacitif de 15,4 pouces, qui permet une interaction et un contr\u00f4le intuitifs. Il offre une r\u00e9solution verticale de 8 bits, ce qui permet une repr\u00e9sentation d\u00e9taill\u00e9e des signaux. L'oscilloscope prend en charge quatre canaux d'entr\u00e9e, ce qui permet une analyse simultan\u00e9e des signaux. Les voies num\u00e9riques ne sont pas incluses dans ce mod\u00e8le. La combinaison d'une large bande passante, d'un taux d'\u00e9chantillonnage rapide et d'une profondeur de m\u00e9moire importante permet de capturer et d'analyser des formes d'ondes complexes dans diverses applications.<\/p>","protected":false},"excerpt":{"rendered":"<p>2.5 GHz, 20 GS\/s, 4 Ch, 16 Mpts\/Ch DSO with 15.4&#8243; Capacitive Display<\/p>","protected":false},"featured_media":7253,"comment_status":"closed","ping_status":"closed","template":"","meta":{"_acf_changed":false,"slim_seo":{"title":"WAVERUNNER 9254 - YOTAVIS AG","description":"DSO 2,5 GHz, 20 G\u00e9ch\/s, 4 voies, 16 Mpts\/Ch avec \u00e9cran capacitif de 15,4 pouces"}},"product_brand":[542],"product_cat":[508,507],"product_tag":[],"class_list":{"0":"post-3988","1":"product","2":"type-product","3":"status-publish","4":"has-post-thumbnail","6":"product_brand-lecroy","7":"product_cat-desktop-en","8":"product_cat-oscilloscope","9":"pa_bandwidth-mhz-211","10":"pa_channels-338","11":"pa_digital-channels-no","12":"pa_imax-ac-a-1019","13":"pa_memory-depht-mpts-324","14":"pa_sampling-rate-channels-ms-s-455","15":"pa_touch-screen-yes","16":"pa_vertical-resolution-bits-340","18":"first","19":"instock","20":"taxable","21":"shipping-taxable","22":"product-type-simple"},"acf":[],"_links":{"self":[{"href":"https:\/\/yotavis.ch\/fr\/wp-json\/wp\/v2\/product\/3988","targetHints":{"allow":["GET"]}}],"collection":[{"href":"https:\/\/yotavis.ch\/fr\/wp-json\/wp\/v2\/product"}],"about":[{"href":"https:\/\/yotavis.ch\/fr\/wp-json\/wp\/v2\/types\/product"}],"replies":[{"embeddable":true,"href":"https:\/\/yotavis.ch\/fr\/wp-json\/wp\/v2\/comments?post=3988"}],"wp:featuredmedia":[{"embeddable":true,"href":"https:\/\/yotavis.ch\/fr\/wp-json\/wp\/v2\/media\/7253"}],"wp:attachment":[{"href":"https:\/\/yotavis.ch\/fr\/wp-json\/wp\/v2\/media?parent=3988"}],"wp:term":[{"taxonomy":"product_brand","embeddable":true,"href":"https:\/\/yotavis.ch\/fr\/wp-json\/wp\/v2\/product_brand?post=3988"},{"taxonomy":"product_cat","embeddable":true,"href":"https:\/\/yotavis.ch\/fr\/wp-json\/wp\/v2\/product_cat?post=3988"},{"taxonomy":"product_tag","embeddable":true,"href":"https:\/\/yotavis.ch\/fr\/wp-json\/wp\/v2\/product_tag?post=3988"}],"curies":[{"name":"wp","href":"https:\/\/api.w.org\/{rel}","templated":true}]}}