{"id":3990,"date":"2025-10-09T00:00:00","date_gmt":"2025-10-08T22:00:00","guid":{"rendered":"https:\/\/yotavis.ch\/product\/waverunner-9404\/"},"modified":"2026-04-24T13:32:23","modified_gmt":"2026-04-24T11:32:23","slug":"waverunner-9404","status":"publish","type":"product","link":"https:\/\/yotavis.ch\/fr\/produit\/waverunner-9404\/","title":{"rendered":"WAVERUNNER 9404"},"content":{"rendered":"<p>Le WAVERUNNER 9404 de Teledyne Lecroy dispose d'une bande passante de 4 GHz et prend en charge quatre canaux, chacun \u00e9tant capable d'\u00e9chantillonner \u00e0 10 000 M\u00e9ch\/s. Il offre une profondeur de m\u00e9moire de 32 Mpts, avec 16 Mpts allou\u00e9s par canal, ce qui permet une capture et une analyse d\u00e9taill\u00e9es des signaux. Il offre une profondeur de m\u00e9moire de 32 Mpts, avec 16 Mpts allou\u00e9s par canal, ce qui permet une capture et une analyse d\u00e9taill\u00e9es des signaux. L'appareil comprend une r\u00e9solution verticale de 8 bits, offrant des capacit\u00e9s de mesure pr\u00e9cises. Il est \u00e9quip\u00e9 d'un \u00e9cran tactile capacitif de 15,4 pouces, am\u00e9liorant l'interaction avec l'utilisateur et la facilit\u00e9 d'utilisation. Cet oscilloscope \u00e0 m\u00e9moire num\u00e9rique ne comprend pas de voies num\u00e9riques mais prend en charge l'acquisition de donn\u00e9es \u00e0 grande vitesse sur ses quatre voies analogiques. La combinaison d'une bande passante \u00e9lev\u00e9e, d'un taux d'\u00e9chantillonnage rapide et d'une profondeur de m\u00e9moire importante le rend adapt\u00e9 aux t\u00e2ches d'analyse de signaux complexes.<\/p>","protected":false},"excerpt":{"rendered":"<p>4 GHz, 20 GS\/s, 4 Ch, 16 Mpts\/Ch DSO with 15.4&#8243; Capacitive Display<\/p>","protected":false},"featured_media":7253,"comment_status":"closed","ping_status":"closed","template":"","meta":{"_acf_changed":false,"slim_seo":{"title":"WAVERUNNER 9404 - YOTAVIS AG","description":"DSO 4 GHz, 20 G\u00e9ch\/s, 4 voies, 16 Mpts\/Ch avec \u00e9cran capacitif de 15,4 pouces"}},"product_brand":[542],"product_cat":[508,507],"product_tag":[],"class_list":{"0":"post-3990","1":"product","2":"type-product","3":"status-publish","4":"has-post-thumbnail","6":"product_brand-lecroy","7":"product_cat-desktop-en","8":"product_cat-oscilloscope","9":"pa_bandwidth-mhz-232","10":"pa_channels-338","11":"pa_digital-channels-no","12":"pa_imax-ac-a-1019","13":"pa_memory-depht-mpts-324","14":"pa_sampling-rate-channels-ms-s-455","15":"pa_touch-screen-yes","16":"pa_vertical-resolution-bits-340","18":"first","19":"instock","20":"taxable","21":"shipping-taxable","22":"product-type-simple"},"acf":[],"_links":{"self":[{"href":"https:\/\/yotavis.ch\/fr\/wp-json\/wp\/v2\/product\/3990","targetHints":{"allow":["GET"]}}],"collection":[{"href":"https:\/\/yotavis.ch\/fr\/wp-json\/wp\/v2\/product"}],"about":[{"href":"https:\/\/yotavis.ch\/fr\/wp-json\/wp\/v2\/types\/product"}],"replies":[{"embeddable":true,"href":"https:\/\/yotavis.ch\/fr\/wp-json\/wp\/v2\/comments?post=3990"}],"wp:featuredmedia":[{"embeddable":true,"href":"https:\/\/yotavis.ch\/fr\/wp-json\/wp\/v2\/media\/7253"}],"wp:attachment":[{"href":"https:\/\/yotavis.ch\/fr\/wp-json\/wp\/v2\/media?parent=3990"}],"wp:term":[{"taxonomy":"product_brand","embeddable":true,"href":"https:\/\/yotavis.ch\/fr\/wp-json\/wp\/v2\/product_brand?post=3990"},{"taxonomy":"product_cat","embeddable":true,"href":"https:\/\/yotavis.ch\/fr\/wp-json\/wp\/v2\/product_cat?post=3990"},{"taxonomy":"product_tag","embeddable":true,"href":"https:\/\/yotavis.ch\/fr\/wp-json\/wp\/v2\/product_tag?post=3990"}],"curies":[{"name":"wp","href":"https:\/\/api.w.org\/{rel}","templated":true}]}}