{"id":3991,"date":"2025-10-09T00:00:00","date_gmt":"2025-10-08T22:00:00","guid":{"rendered":"https:\/\/yotavis.ch\/product\/waverunner-9404m\/"},"modified":"2026-04-24T13:32:24","modified_gmt":"2026-04-24T11:32:24","slug":"waverunner-9404m","status":"publish","type":"product","link":"https:\/\/yotavis.ch\/fr\/produit\/waverunner-9404m\/","title":{"rendered":"WAVERUNNER 9404M"},"content":{"rendered":"<p>Le WAVERUNNER 9404M de Teledyne Lecroy dispose d'une bande passante de 4 GHz et supporte un taux d'\u00e9chantillonnage de 20 000 MS\/s par canal. Il est \u00e9quip\u00e9 de quatre canaux, chacun offrant une profondeur de m\u00e9moire de 64 Mpts, soit un total de 128 Mpts pour l'ensemble des canaux. L'appareil comprend une r\u00e9solution verticale de 8 bits et un \u00e9cran tactile capacitif de 15,4 pouces pour l'interaction avec l'utilisateur. Cet oscilloscope num\u00e9rique \u00e0 m\u00e9moire est con\u00e7u pour l'analyse de signaux \u00e0 grande vitesse avec une fr\u00e9quence d'\u00e9chantillonnage maximale de 40 G\u00e9ch\/s. L'interface de l'\u00e9cran tactile am\u00e9liore la convivialit\u00e9, permettant un contr\u00f4le et une navigation intuitifs. La combinaison d'une bande passante \u00e9lev\u00e9e, d'une m\u00e9moire profonde et de canaux multiples permet de capturer et d'analyser des formes d'ondes d\u00e9taill\u00e9es.<\/p>","protected":false},"excerpt":{"rendered":"<p>4 GHz, 40 GS\/s, 4 Ch, 64 Mpts\/Ch DSO with 15.4&#8243; Capacitive Display<\/p>","protected":false},"featured_media":7253,"comment_status":"closed","ping_status":"closed","template":"","meta":{"_acf_changed":false,"slim_seo":{"title":"WAVERUNNER 9404M - YOTAVIS AG","description":"DSO 4 GHz, 40 G\u00e9ch\/s, 4 voies, 64 Mpts\/Ch avec \u00e9cran capacitif de 15,4 pouces"}},"product_brand":[542],"product_cat":[508,507],"product_tag":[],"class_list":{"0":"post-3991","1":"product","2":"type-product","3":"status-publish","4":"has-post-thumbnail","6":"product_brand-lecroy","7":"product_cat-desktop-en","8":"product_cat-oscilloscope","9":"pa_bandwidth-mhz-232","10":"pa_channels-338","11":"pa_digital-channels-no","12":"pa_imax-ac-a-1019","13":"pa_memory-depht-mpts-325","14":"pa_sampling-rate-channels-ms-s-456","15":"pa_touch-screen-yes","16":"pa_vertical-resolution-bits-340","18":"first","19":"instock","20":"taxable","21":"shipping-taxable","22":"product-type-simple"},"acf":[],"_links":{"self":[{"href":"https:\/\/yotavis.ch\/fr\/wp-json\/wp\/v2\/product\/3991","targetHints":{"allow":["GET"]}}],"collection":[{"href":"https:\/\/yotavis.ch\/fr\/wp-json\/wp\/v2\/product"}],"about":[{"href":"https:\/\/yotavis.ch\/fr\/wp-json\/wp\/v2\/types\/product"}],"replies":[{"embeddable":true,"href":"https:\/\/yotavis.ch\/fr\/wp-json\/wp\/v2\/comments?post=3991"}],"wp:featuredmedia":[{"embeddable":true,"href":"https:\/\/yotavis.ch\/fr\/wp-json\/wp\/v2\/media\/7253"}],"wp:attachment":[{"href":"https:\/\/yotavis.ch\/fr\/wp-json\/wp\/v2\/media?parent=3991"}],"wp:term":[{"taxonomy":"product_brand","embeddable":true,"href":"https:\/\/yotavis.ch\/fr\/wp-json\/wp\/v2\/product_brand?post=3991"},{"taxonomy":"product_cat","embeddable":true,"href":"https:\/\/yotavis.ch\/fr\/wp-json\/wp\/v2\/product_cat?post=3991"},{"taxonomy":"product_tag","embeddable":true,"href":"https:\/\/yotavis.ch\/fr\/wp-json\/wp\/v2\/product_tag?post=3991"}],"curies":[{"name":"wp","href":"https:\/\/api.w.org\/{rel}","templated":true}]}}