{"id":3993,"date":"2025-10-09T00:00:00","date_gmt":"2025-10-08T22:00:00","guid":{"rendered":"https:\/\/yotavis.ch\/product\/waverunner-9254-ms\/"},"modified":"2026-04-24T13:32:25","modified_gmt":"2026-04-24T11:32:25","slug":"waverunner-9254-ms","status":"publish","type":"product","link":"https:\/\/yotavis.ch\/fr\/produit\/waverunner-9254-ms\/","title":{"rendered":"WAVERUNNER 9254-MS"},"content":{"rendered":"<p>Le WAVERUNNER 9254-MS de Teledyne Lecroy est un oscilloscope \u00e0 signaux mixtes dot\u00e9 d'une bande passante de 2,5 GHz et d'une fr\u00e9quence d'\u00e9chantillonnage de 20 G\u00e9ch\/s sur quatre voies. Chaque voie est \u00e9quip\u00e9e d'une profondeur de m\u00e9moire de 16 millions de points, pour un total de 32 millions de points, ce qui permet une analyse d\u00e9taill\u00e9e des signaux. L'appareil comprend des canaux num\u00e9riques et une r\u00e9solution verticale de 8 bits, ce qui permet une capture pr\u00e9cise des formes d'onde. Il est dot\u00e9 d'un \u00e9cran tactile capacitif de 15,4 pouces, ce qui am\u00e9liore l'interaction avec l'utilisateur et la facilit\u00e9 d'utilisation. L'oscilloscope prend en charge un taux d'\u00e9chantillonnage de 10 000 MS\/s par voie, garantissant une acquisition de donn\u00e9es \u00e0 grande vitesse. Avec quatre canaux d'entr\u00e9e, il convient aux tests de signaux complexes et aux applications de signaux mixtes. La combinaison d'une bande passante \u00e9lev\u00e9e, d'une m\u00e9moire profonde et d'un grand \u00e9cran tactile en fait un outil polyvalent pour diverses t\u00e2ches de mesure \u00e9lectronique.<\/p>","protected":false},"excerpt":{"rendered":"<p>2.5 GHz, 20 GS\/s, 4 Ch, 16 Mpts\/Ch Mixed Signal Oscilloscope with 15.4&#8243; Capacitive Display<\/p>","protected":false},"featured_media":7253,"comment_status":"closed","ping_status":"closed","template":"","meta":{"_acf_changed":false,"slim_seo":{"title":"WAVERUNNER 9254-MS - YOTAVIS AG","description":"Oscilloscope \u00e0 signaux mixtes 2,5 GHz, 20 G\u00e9ch\/s, 4 voies, 16 Mpts\/Ch avec \u00e9cran capacitif 15,4 pouces"}},"product_brand":[542],"product_cat":[508,507],"product_tag":[],"class_list":{"0":"post-3993","1":"product","2":"type-product","3":"status-publish","4":"has-post-thumbnail","6":"product_brand-lecroy","7":"product_cat-desktop-en","8":"product_cat-oscilloscope","9":"pa_bandwidth-mhz-211","10":"pa_channels-338","11":"pa_digital-channels-yes","12":"pa_imax-ac-a-1019","13":"pa_memory-depht-mpts-324","14":"pa_sampling-rate-channels-ms-s-455","15":"pa_touch-screen-yes","16":"pa_vertical-resolution-bits-340","18":"first","19":"instock","20":"taxable","21":"shipping-taxable","22":"product-type-simple"},"acf":[],"_links":{"self":[{"href":"https:\/\/yotavis.ch\/fr\/wp-json\/wp\/v2\/product\/3993","targetHints":{"allow":["GET"]}}],"collection":[{"href":"https:\/\/yotavis.ch\/fr\/wp-json\/wp\/v2\/product"}],"about":[{"href":"https:\/\/yotavis.ch\/fr\/wp-json\/wp\/v2\/types\/product"}],"replies":[{"embeddable":true,"href":"https:\/\/yotavis.ch\/fr\/wp-json\/wp\/v2\/comments?post=3993"}],"wp:featuredmedia":[{"embeddable":true,"href":"https:\/\/yotavis.ch\/fr\/wp-json\/wp\/v2\/media\/7253"}],"wp:attachment":[{"href":"https:\/\/yotavis.ch\/fr\/wp-json\/wp\/v2\/media?parent=3993"}],"wp:term":[{"taxonomy":"product_brand","embeddable":true,"href":"https:\/\/yotavis.ch\/fr\/wp-json\/wp\/v2\/product_brand?post=3993"},{"taxonomy":"product_cat","embeddable":true,"href":"https:\/\/yotavis.ch\/fr\/wp-json\/wp\/v2\/product_cat?post=3993"},{"taxonomy":"product_tag","embeddable":true,"href":"https:\/\/yotavis.ch\/fr\/wp-json\/wp\/v2\/product_tag?post=3993"}],"curies":[{"name":"wp","href":"https:\/\/api.w.org\/{rel}","templated":true}]}}