{"id":3996,"date":"2025-10-09T00:00:00","date_gmt":"2025-10-08T22:00:00","guid":{"rendered":"https:\/\/yotavis.ch\/product\/waverunner-9404m-ms\/"},"modified":"2026-04-24T13:32:26","modified_gmt":"2026-04-24T11:32:26","slug":"waverunner-9404m-ms","status":"publish","type":"product","link":"https:\/\/yotavis.ch\/fr\/produit\/waverunner-9404m-ms\/","title":{"rendered":"WAVERUNNER 9404M-MS"},"content":{"rendered":"<p>Le WAVERUNNER 9404M-MS de Teledyne Lecroy est un oscilloscope \u00e0 signaux mixtes dot\u00e9 d'une bande passante de 4 GHz et d'une fr\u00e9quence d'\u00e9chantillonnage de 40 G\u00e9ch\/s. Il est \u00e9quip\u00e9 de quatre voies offrant chacune une profondeur de m\u00e9moire de 64 Mpts, soit un total de 128 Mpts pour l'ensemble des voies. Il est \u00e9quip\u00e9 de quatre voies, chacune offrant une profondeur de m\u00e9moire de 64 Mpts, soit un total de 128 Mpts pour l'ensemble des voies. L'appareil comprend des voies num\u00e9riques et une r\u00e9solution verticale de 8 bits, ce qui permet une analyse d\u00e9taill\u00e9e des signaux. Il est dot\u00e9 d'un \u00e9cran tactile capacitif de 15,4 pouces, ce qui am\u00e9liore l'interaction avec l'utilisateur et la facilit\u00e9 d'utilisation. L'oscilloscope prend en charge un taux d'\u00e9chantillonnage de 20 000 MS\/s par voie, offrant des capacit\u00e9s d'acquisition de donn\u00e9es \u00e0 grande vitesse. Ce mod\u00e8le est con\u00e7u pour traiter des mesures de signaux complexes avec pr\u00e9cision et clart\u00e9, et convient \u00e0 diverses applications de test et de diagnostic.<\/p>","protected":false},"excerpt":{"rendered":"<p>4 GHz, 40 GS\/s, 4 Ch, 64 Mpts\/Ch Mixed Signal Oscilloscope with 15.4&#8243; Capacitive Display<\/p>","protected":false},"featured_media":7253,"comment_status":"closed","ping_status":"closed","template":"","meta":{"_acf_changed":false,"slim_seo":{"title":"WAVERUNNER 9404M-MS - YOTAVIS AG","description":"Oscilloscope \u00e0 signaux mixtes 4 GHz, 40 G\u00e9ch\/s, 4 voies, 64 Mpts\/Ch avec \u00e9cran capacitif de 15,4 pouces"}},"product_brand":[542],"product_cat":[508,507],"product_tag":[],"class_list":{"0":"post-3996","1":"product","2":"type-product","3":"status-publish","4":"has-post-thumbnail","6":"product_brand-lecroy","7":"product_cat-desktop-en","8":"product_cat-oscilloscope","9":"pa_bandwidth-mhz-232","10":"pa_channels-338","11":"pa_digital-channels-yes","12":"pa_imax-ac-a-1019","13":"pa_memory-depht-mpts-325","14":"pa_sampling-rate-channels-ms-s-456","15":"pa_touch-screen-yes","16":"pa_vertical-resolution-bits-340","18":"first","19":"instock","20":"taxable","21":"shipping-taxable","22":"product-type-simple"},"acf":[],"_links":{"self":[{"href":"https:\/\/yotavis.ch\/fr\/wp-json\/wp\/v2\/product\/3996","targetHints":{"allow":["GET"]}}],"collection":[{"href":"https:\/\/yotavis.ch\/fr\/wp-json\/wp\/v2\/product"}],"about":[{"href":"https:\/\/yotavis.ch\/fr\/wp-json\/wp\/v2\/types\/product"}],"replies":[{"embeddable":true,"href":"https:\/\/yotavis.ch\/fr\/wp-json\/wp\/v2\/comments?post=3996"}],"wp:featuredmedia":[{"embeddable":true,"href":"https:\/\/yotavis.ch\/fr\/wp-json\/wp\/v2\/media\/7253"}],"wp:attachment":[{"href":"https:\/\/yotavis.ch\/fr\/wp-json\/wp\/v2\/media?parent=3996"}],"wp:term":[{"taxonomy":"product_brand","embeddable":true,"href":"https:\/\/yotavis.ch\/fr\/wp-json\/wp\/v2\/product_brand?post=3996"},{"taxonomy":"product_cat","embeddable":true,"href":"https:\/\/yotavis.ch\/fr\/wp-json\/wp\/v2\/product_cat?post=3996"},{"taxonomy":"product_tag","embeddable":true,"href":"https:\/\/yotavis.ch\/fr\/wp-json\/wp\/v2\/product_tag?post=3996"}],"curies":[{"name":"wp","href":"https:\/\/api.w.org\/{rel}","templated":true}]}}