{"id":3999,"date":"2025-10-09T00:00:00","date_gmt":"2025-10-08T22:00:00","guid":{"rendered":"https:\/\/yotavis.ch\/product\/hdo6054b-ms\/"},"modified":"2026-04-24T13:32:27","modified_gmt":"2026-04-24T11:32:27","slug":"hdo6054b-ms","status":"publish","type":"product","link":"https:\/\/yotavis.ch\/fr\/produit\/hdo6054b-ms\/","title":{"rendered":"HDO6054B-MS"},"content":{"rendered":"<p>Le Teledyne Lecroy HDO6054B-MS est un oscilloscope \u00e0 signaux mixtes haute d\u00e9finition dot\u00e9 d'une bande passante de 500 MHz et de quatre voies analogiques compl\u00e9t\u00e9es par seize voies num\u00e9riques. Il offre une r\u00e9solution verticale de 12 bits et une fr\u00e9quence d'\u00e9chantillonnage maximale de 10 G\u00e9ch\/s par voie, ce qui permet une analyse d\u00e9taill\u00e9e des signaux. Chaque voie est \u00e9quip\u00e9e d'une m\u00e9moire de 50 millions de points, ce qui permet de capturer et d'analyser des donn\u00e9es de mani\u00e8re approfondie. L'appareil est dot\u00e9 d'un \u00e9cran tactile de 15,6 pouces qui facilite l'interaction avec l'utilisateur et la visualisation des donn\u00e9es. Avec un taux d'\u00e9chantillonnage de 10 000 MS\/s et une profondeur de m\u00e9moire de 250 Mpts, il prend en charge les mesures \u00e0 haute vitesse et \u00e0 haute r\u00e9solution. L'oscilloscope est con\u00e7u pour g\u00e9rer des environnements complexes de signaux mixtes, combinant l'acquisition de signaux analogiques et num\u00e9riques dans un seul instrument. Ses caract\u00e9ristiques avanc\u00e9es le rendent adapt\u00e9 \u00e0 l'analyse d\u00e9taill\u00e9e des formes d'onde et au d\u00e9pannage dans diverses applications \u00e9lectroniques.<\/p>","protected":false},"excerpt":{"rendered":"<p>500 MHz, 4+16 Ch, 12 bits, 10 GS\/s, 50 Mpts\/Ch HD Mixed Signal Oscilloscope with 15.6&#8243; Display<\/p>","protected":false},"featured_media":7261,"comment_status":"closed","ping_status":"closed","template":"","meta":{"_acf_changed":false,"slim_seo":{"title":"HDO6054B-MS - YOTAVIS AG","description":"Oscilloscope \u00e0 signaux mixtes 500 MHz, 4+16 voies, 12 bits, 10 G\u00e9ch\/s, 50 Mpts\/Ch HD avec \u00e9cran 15,6 pouces"}},"product_brand":[542],"product_cat":[508,507],"product_tag":[],"class_list":{"0":"post-3999","1":"product","2":"type-product","3":"status-publish","4":"has-post-thumbnail","6":"product_brand-lecroy","7":"product_cat-desktop-en","8":"product_cat-oscilloscope","9":"pa_bandwidth-mhz-83","10":"pa_channels-338","11":"pa_digital-channels-yes","12":"pa_imax-ac-a-1019","13":"pa_memory-depht-mpts-326","14":"pa_sampling-rate-channels-ms-s-455","15":"pa_touch-screen-yes","16":"pa_vertical-resolution-bits-348","18":"first","19":"instock","20":"taxable","21":"shipping-taxable","22":"product-type-simple"},"acf":[],"_links":{"self":[{"href":"https:\/\/yotavis.ch\/fr\/wp-json\/wp\/v2\/product\/3999","targetHints":{"allow":["GET"]}}],"collection":[{"href":"https:\/\/yotavis.ch\/fr\/wp-json\/wp\/v2\/product"}],"about":[{"href":"https:\/\/yotavis.ch\/fr\/wp-json\/wp\/v2\/types\/product"}],"replies":[{"embeddable":true,"href":"https:\/\/yotavis.ch\/fr\/wp-json\/wp\/v2\/comments?post=3999"}],"wp:featuredmedia":[{"embeddable":true,"href":"https:\/\/yotavis.ch\/fr\/wp-json\/wp\/v2\/media\/7261"}],"wp:attachment":[{"href":"https:\/\/yotavis.ch\/fr\/wp-json\/wp\/v2\/media?parent=3999"}],"wp:term":[{"taxonomy":"product_brand","embeddable":true,"href":"https:\/\/yotavis.ch\/fr\/wp-json\/wp\/v2\/product_brand?post=3999"},{"taxonomy":"product_cat","embeddable":true,"href":"https:\/\/yotavis.ch\/fr\/wp-json\/wp\/v2\/product_cat?post=3999"},{"taxonomy":"product_tag","embeddable":true,"href":"https:\/\/yotavis.ch\/fr\/wp-json\/wp\/v2\/product_tag?post=3999"}],"curies":[{"name":"wp","href":"https:\/\/api.w.org\/{rel}","templated":true}]}}