{"id":4000,"date":"2025-10-09T00:00:00","date_gmt":"2025-10-08T22:00:00","guid":{"rendered":"https:\/\/yotavis.ch\/product\/hdo6104b\/"},"modified":"2026-04-24T13:32:27","modified_gmt":"2026-04-24T11:32:27","slug":"hdo6104b","status":"publish","type":"product","link":"https:\/\/yotavis.ch\/fr\/produit\/hdo6104b\/","title":{"rendered":"HDO6104B"},"content":{"rendered":"<p>Le Teledyne Lecroy HDO6104B est un oscilloscope haute d\u00e9finition dot\u00e9 d'une bande passante de 1 GHz et de quatre voies, chacune avec une r\u00e9solution verticale de 12 bits. Il offre un taux d'\u00e9chantillonnage de 10 G\u00e9ch\/s par voie, permettant une analyse d\u00e9taill\u00e9e des signaux avec une profondeur de m\u00e9moire de 50 millions de points par voie. L'appareil est dot\u00e9 d'un \u00e9cran tactile de 15,6 pouces qui offre une interface interactive aux utilisateurs. Avec un taux d'\u00e9chantillonnage de 10 000 MS\/s et une profondeur de m\u00e9moire de 250 Mpts, il permet la capture et l'analyse de donn\u00e9es \u00e9tendues. L'oscilloscope ne comprend pas de voies num\u00e9riques, mais il est \u00e9quip\u00e9 d'un \u00e9cran tactile pour faciliter son utilisation. Ce mod\u00e8le est con\u00e7u pour traiter des mesures de signaux complexes avec pr\u00e9cision et clart\u00e9.<\/p>","protected":false},"excerpt":{"rendered":"<p>1 GHz, 4 Ch, 12 bits, 10 GS\/s, 50 Mpts\/Ch HD Oscilloscope with 15.6&#8243; Display<\/p>","protected":false},"featured_media":7261,"comment_status":"closed","ping_status":"closed","template":"","meta":{"_acf_changed":false,"slim_seo":{"title":"HDO6104B - YOTAVIS AG","description":"Oscilloscope HD 1 GHz, 4 voies, 12 bits, 10 G\u00e9ch\/s, 50 Mpts\/Ch avec \u00e9cran 15,6 pouces"}},"product_brand":[542],"product_cat":[508,507],"product_tag":[],"class_list":{"0":"post-4000","1":"product","2":"type-product","3":"status-publish","4":"has-post-thumbnail","6":"product_brand-lecroy","7":"product_cat-desktop-en","8":"product_cat-oscilloscope","9":"pa_bandwidth-mhz-84","10":"pa_channels-338","11":"pa_digital-channels-no","12":"pa_imax-ac-a-1019","13":"pa_memory-depht-mpts-326","14":"pa_sampling-rate-channels-ms-s-455","15":"pa_touch-screen-yes","16":"pa_vertical-resolution-bits-348","18":"first","19":"instock","20":"taxable","21":"shipping-taxable","22":"product-type-simple"},"acf":[],"_links":{"self":[{"href":"https:\/\/yotavis.ch\/fr\/wp-json\/wp\/v2\/product\/4000","targetHints":{"allow":["GET"]}}],"collection":[{"href":"https:\/\/yotavis.ch\/fr\/wp-json\/wp\/v2\/product"}],"about":[{"href":"https:\/\/yotavis.ch\/fr\/wp-json\/wp\/v2\/types\/product"}],"replies":[{"embeddable":true,"href":"https:\/\/yotavis.ch\/fr\/wp-json\/wp\/v2\/comments?post=4000"}],"wp:featuredmedia":[{"embeddable":true,"href":"https:\/\/yotavis.ch\/fr\/wp-json\/wp\/v2\/media\/7261"}],"wp:attachment":[{"href":"https:\/\/yotavis.ch\/fr\/wp-json\/wp\/v2\/media?parent=4000"}],"wp:term":[{"taxonomy":"product_brand","embeddable":true,"href":"https:\/\/yotavis.ch\/fr\/wp-json\/wp\/v2\/product_brand?post=4000"},{"taxonomy":"product_cat","embeddable":true,"href":"https:\/\/yotavis.ch\/fr\/wp-json\/wp\/v2\/product_cat?post=4000"},{"taxonomy":"product_tag","embeddable":true,"href":"https:\/\/yotavis.ch\/fr\/wp-json\/wp\/v2\/product_tag?post=4000"}],"curies":[{"name":"wp","href":"https:\/\/api.w.org\/{rel}","templated":true}]}}