{"id":4002,"date":"2025-10-09T00:00:00","date_gmt":"2025-10-08T22:00:00","guid":{"rendered":"https:\/\/yotavis.ch\/product\/waverunner-8038hd\/"},"modified":"2026-04-24T13:32:28","modified_gmt":"2026-04-24T11:32:28","slug":"waverunner-8038hd","status":"publish","type":"product","link":"https:\/\/yotavis.ch\/fr\/produit\/waverunner-8038hd\/","title":{"rendered":"WAVERUNNER 8038HD"},"content":{"rendered":"<p>Le WAVERUNNER 8038HD de Teledyne Lecroy est un oscilloscope haute d\u00e9finition dot\u00e9 d'une bande passante de 350 MHz et de huit voies. Il offre une r\u00e9solution verticale de 12 bits et une fr\u00e9quence d'\u00e9chantillonnage de 10 G\u00e9ch\/s par voie, permettant une analyse d\u00e9taill\u00e9e des signaux. Chaque voie est \u00e9quip\u00e9e d'une m\u00e9moire de 50 millions de points, ce qui permet de capturer de nombreuses donn\u00e9es. L'appareil est dot\u00e9 d'une interface \u00e0 \u00e9cran tactile pour l'interaction avec l'utilisateur. En outre, il offre un taux d'\u00e9chantillonnage de 10 000 MS\/s et une profondeur de m\u00e9moire de 1 250 Mpts, am\u00e9liorant ainsi sa capacit\u00e9 \u00e0 traiter des formes d'ondes complexes. Cet oscilloscope est con\u00e7u pour fournir des mesures pr\u00e9cises gr\u00e2ce \u00e0 ses sp\u00e9cifications avanc\u00e9es et \u00e0 ses multiples canaux.<\/p>","protected":false},"excerpt":{"rendered":"<p>Oscilloscope HD 350 MHz, 8 voies, 12 bits, 10 G\u00e9ch\/s, 50 Mpts\/Ch<\/p>","protected":false},"featured_media":7272,"comment_status":"closed","ping_status":"closed","template":"","meta":{"_acf_changed":false,"slim_seo":{"title":"WAVERUNNER 8038HD - YOTAVIS AG","description":"Oscilloscope HD 350 MHz, 8 voies, 12 bits, 10 G\u00e9ch\/s, 50 Mpts\/Ch"}},"product_brand":[542],"product_cat":[508,507],"product_tag":[],"class_list":{"0":"post-4002","1":"product","2":"type-product","3":"status-publish","4":"has-post-thumbnail","6":"product_brand-lecroy","7":"product_cat-desktop-en","8":"product_cat-oscilloscope","9":"pa_bandwidth-mhz-76","10":"pa_channels-459","11":"pa_digital-channels-opt","12":"pa_imax-ac-a-1019","13":"pa_memory-depht-mpts-327","14":"pa_sampling-rate-channels-ms-s-455","15":"pa_touch-screen-yes","16":"pa_vertical-resolution-bits-348","18":"first","19":"instock","20":"taxable","21":"shipping-taxable","22":"product-type-simple"},"acf":[],"_links":{"self":[{"href":"https:\/\/yotavis.ch\/fr\/wp-json\/wp\/v2\/product\/4002","targetHints":{"allow":["GET"]}}],"collection":[{"href":"https:\/\/yotavis.ch\/fr\/wp-json\/wp\/v2\/product"}],"about":[{"href":"https:\/\/yotavis.ch\/fr\/wp-json\/wp\/v2\/types\/product"}],"replies":[{"embeddable":true,"href":"https:\/\/yotavis.ch\/fr\/wp-json\/wp\/v2\/comments?post=4002"}],"wp:featuredmedia":[{"embeddable":true,"href":"https:\/\/yotavis.ch\/fr\/wp-json\/wp\/v2\/media\/7272"}],"wp:attachment":[{"href":"https:\/\/yotavis.ch\/fr\/wp-json\/wp\/v2\/media?parent=4002"}],"wp:term":[{"taxonomy":"product_brand","embeddable":true,"href":"https:\/\/yotavis.ch\/fr\/wp-json\/wp\/v2\/product_brand?post=4002"},{"taxonomy":"product_cat","embeddable":true,"href":"https:\/\/yotavis.ch\/fr\/wp-json\/wp\/v2\/product_cat?post=4002"},{"taxonomy":"product_tag","embeddable":true,"href":"https:\/\/yotavis.ch\/fr\/wp-json\/wp\/v2\/product_tag?post=4002"}],"curies":[{"name":"wp","href":"https:\/\/api.w.org\/{rel}","templated":true}]}}