{"id":4004,"date":"2025-10-09T00:00:00","date_gmt":"2025-10-08T22:00:00","guid":{"rendered":"https:\/\/yotavis.ch\/product\/waverunner-8108hd\/"},"modified":"2026-04-24T13:32:28","modified_gmt":"2026-04-24T11:32:28","slug":"waverunner-8108hd","status":"publish","type":"product","link":"https:\/\/yotavis.ch\/fr\/produit\/waverunner-8108hd\/","title":{"rendered":"WAVERUNNER 8108HD"},"content":{"rendered":"<p>Le WAVERUNNER 8108HD de Teledyne Lecroy est un oscilloscope haute d\u00e9finition dot\u00e9 d'une configuration \u00e0 8 voies avec une bande passante de 1000 MHz. Il fonctionne \u00e0 une fr\u00e9quence d'\u00e9chantillonnage de 10 G\u00e9ch\/s par voie, fournissant une analyse d\u00e9taill\u00e9e des signaux avec une r\u00e9solution verticale de 12 bits. Chaque voie est \u00e9quip\u00e9e d'une m\u00e9moire de 50 Mpts, ce qui permet de capturer et d'examiner des donn\u00e9es de mani\u00e8re approfondie. L'appareil est dot\u00e9 d'une interface \u00e0 \u00e9cran tactile qui am\u00e9liore l'interaction et le contr\u00f4le de l'utilisateur. Avec un taux d'\u00e9chantillonnage maximal de 10000 MS\/s et une profondeur de m\u00e9moire de 1250 Mpts, il prend en charge l'acquisition et le stockage de donn\u00e9es \u00e0 grande vitesse. Cet oscilloscope est con\u00e7u pour traiter des mesures de signaux complexes avec pr\u00e9cision et clart\u00e9, ce qui le rend adapt\u00e9 aux tests et diagnostics \u00e9lectroniques avanc\u00e9s.<\/p>","protected":false},"excerpt":{"rendered":"<p>Oscilloscope HD 1 GHz, 8 voies, 12 bits, 10 G\u00e9ch\/s, 50 Mpts\/Ch<\/p>","protected":false},"featured_media":7272,"comment_status":"closed","ping_status":"closed","template":"","meta":{"_acf_changed":false,"slim_seo":{"title":"WAVERUNNER 8108HD - YOTAVIS AG","description":"Oscilloscope HD 1 GHz, 8 voies, 12 bits, 10 G\u00e9ch\/s, 50 Mpts\/Ch"}},"product_brand":[542],"product_cat":[508,507],"product_tag":[],"class_list":{"0":"post-4004","1":"product","2":"type-product","3":"status-publish","4":"has-post-thumbnail","6":"product_brand-lecroy","7":"product_cat-desktop-en","8":"product_cat-oscilloscope","9":"pa_bandwidth-mhz-84","10":"pa_channels-459","11":"pa_digital-channels-opt","12":"pa_imax-ac-a-1019","13":"pa_memory-depht-mpts-327","14":"pa_sampling-rate-channels-ms-s-455","15":"pa_touch-screen-yes","16":"pa_vertical-resolution-bits-348","18":"first","19":"instock","20":"taxable","21":"shipping-taxable","22":"product-type-simple"},"acf":[],"_links":{"self":[{"href":"https:\/\/yotavis.ch\/fr\/wp-json\/wp\/v2\/product\/4004","targetHints":{"allow":["GET"]}}],"collection":[{"href":"https:\/\/yotavis.ch\/fr\/wp-json\/wp\/v2\/product"}],"about":[{"href":"https:\/\/yotavis.ch\/fr\/wp-json\/wp\/v2\/types\/product"}],"replies":[{"embeddable":true,"href":"https:\/\/yotavis.ch\/fr\/wp-json\/wp\/v2\/comments?post=4004"}],"wp:featuredmedia":[{"embeddable":true,"href":"https:\/\/yotavis.ch\/fr\/wp-json\/wp\/v2\/media\/7272"}],"wp:attachment":[{"href":"https:\/\/yotavis.ch\/fr\/wp-json\/wp\/v2\/media?parent=4004"}],"wp:term":[{"taxonomy":"product_brand","embeddable":true,"href":"https:\/\/yotavis.ch\/fr\/wp-json\/wp\/v2\/product_brand?post=4004"},{"taxonomy":"product_cat","embeddable":true,"href":"https:\/\/yotavis.ch\/fr\/wp-json\/wp\/v2\/product_cat?post=4004"},{"taxonomy":"product_tag","embeddable":true,"href":"https:\/\/yotavis.ch\/fr\/wp-json\/wp\/v2\/product_tag?post=4004"}],"curies":[{"name":"wp","href":"https:\/\/api.w.org\/{rel}","templated":true}]}}